{"id":1009,"date":"2023-10-19T15:40:08","date_gmt":"2023-10-19T13:40:08","guid":{"rendered":"http:\/\/rhinodent.hu\/?page_id=1009"},"modified":"2023-12-13T21:18:35","modified_gmt":"2023-12-13T20:18:35","slug":"a-sz-f","status":"publish","type":"page","link":"https:\/\/rhinodent.hu\/de\/a-s-f\/","title":{"rendered":"S.A.R.F."},"content":{"rendered":"<p>[et_pb_section fb_built=&#8221;1&#8243; _builder_version=&#8221;4.21.0&#8243; _module_preset=&#8221;default&#8221; global_colors_info=&#8221;{}&#8221;][et_pb_row _builder_version=&#8221;4.21.0&#8243; _module_preset=&#8221;default&#8221; global_colors_info=&#8221;{}&#8221;][et_pb_column type=&#8221;4_4&#8243; _builder_version=&#8221;4.21.0&#8243; _module_preset=&#8221;default&#8221; global_colors_info=&#8221;{}&#8221;][\/et_pb_column][\/et_pb_row][\/et_pb_section]<\/p>","protected":false},"excerpt":{"rendered":"","protected":false},"author":1,"featured_media":0,"parent":0,"menu_order":0,"comment_status":"closed","ping_status":"closed","template":"","meta":{"_et_pb_use_builder":"on","_et_pb_old_content":"","_et_gb_content_width":"","footnotes":""},"yoast_head":"<!-- This site is optimized with the Yoast SEO plugin v24.1 - https:\/\/yoast.com\/wordpress\/plugins\/seo\/ -->\n<title>\u00c1.SZ.F. - Rhinodent Fogorvos Mosonmagyar\u00f3v\u00e1r<\/title>\n<meta name=\"robots\" content=\"index, follow, max-snippet:-1, max-image-preview:large, max-video-preview:-1\" \/>\n<link rel=\"canonical\" href=\"https:\/\/rhinodent.hu\/de\/a-s-f\/\" \/>\n<meta property=\"og:locale\" content=\"de_DE\" \/>\n<meta property=\"og:type\" content=\"article\" \/>\n<meta property=\"og:title\" content=\"\u00c1.SZ.F. - Rhinodent Fogorvos Mosonmagyar\u00f3v\u00e1r\" \/>\n<meta property=\"og:url\" content=\"https:\/\/rhinodent.hu\/de\/a-s-f\/\" \/>\n<meta property=\"og:site_name\" content=\"Rhinodent Fogorvos Mosonmagyar\u00f3v\u00e1r\" \/>\n<meta property=\"article:modified_time\" content=\"2023-12-13T20:18:35+00:00\" \/>\n<meta name=\"twitter:card\" content=\"summary_large_image\" \/>\n<script type=\"application\/ld+json\" class=\"yoast-schema-graph\">{\"@context\":\"https:\/\/schema.org\",\"@graph\":[{\"@type\":\"WebPage\",\"@id\":\"https:\/\/rhinodent.hu\/a-sz-f\/\",\"url\":\"https:\/\/rhinodent.hu\/a-sz-f\/\",\"name\":\"\u00c1.SZ.F. - Rhinodent Fogorvos Mosonmagyar\u00f3v\u00e1r\",\"isPartOf\":{\"@id\":\"https:\/\/rhinodent.hu\/#website\"},\"datePublished\":\"2023-10-19T13:40:08+00:00\",\"dateModified\":\"2023-12-13T20:18:35+00:00\",\"breadcrumb\":{\"@id\":\"https:\/\/rhinodent.hu\/a-sz-f\/#breadcrumb\"},\"inLanguage\":\"de\",\"potentialAction\":[{\"@type\":\"ReadAction\",\"target\":[\"https:\/\/rhinodent.hu\/a-sz-f\/\"]}]},{\"@type\":\"BreadcrumbList\",\"@id\":\"https:\/\/rhinodent.hu\/a-sz-f\/#breadcrumb\",\"itemListElement\":[{\"@type\":\"ListItem\",\"position\":1,\"name\":\"Kezd\u0151lap\",\"item\":\"https:\/\/rhinodent.hu\/\"},{\"@type\":\"ListItem\",\"position\":2,\"name\":\"\u00c1.SZ.F.\"}]},{\"@type\":\"WebSite\",\"@id\":\"https:\/\/rhinodent.hu\/#website\",\"url\":\"https:\/\/rhinodent.hu\/\",\"name\":\"Rhinodent Fogorvos Mosonmagyar\u00f3v\u00e1r\",\"description\":\"Fogorvosi rendel\u0151 Mosonmagyar\u00f3v\u00e1r, Fogszab\u00e1lyoz\u00e1s Mosonmagyar\u00f3v\u00e1r, Fogp\u00f3tl\u00e1s Mosonmagyar\u00f3v\u00e1r\",\"publisher\":{\"@id\":\"https:\/\/rhinodent.hu\/#organization\"},\"potentialAction\":[{\"@type\":\"SearchAction\",\"target\":{\"@type\":\"EntryPoint\",\"urlTemplate\":\"https:\/\/rhinodent.hu\/?s={search_term_string}\"},\"query-input\":{\"@type\":\"PropertyValueSpecification\",\"valueRequired\":true,\"valueName\":\"search_term_string\"}}],\"inLanguage\":\"de\"},{\"@type\":\"Organization\",\"@id\":\"https:\/\/rhinodent.hu\/#organization\",\"name\":\"Rhinodent Fogorvos Mosonmagyar\u00f3v\u00e1r\",\"url\":\"https:\/\/rhinodent.hu\/\",\"logo\":{\"@type\":\"ImageObject\",\"inLanguage\":\"de\",\"@id\":\"https:\/\/rhinodent.hu\/#\/schema\/logo\/image\/\",\"url\":\"https:\/\/rhinodent.hu\/wp-content\/uploads\/2024\/01\/rdlogo512.webp\",\"contentUrl\":\"https:\/\/rhinodent.hu\/wp-content\/uploads\/2024\/01\/rdlogo512.webp\",\"width\":512,\"height\":512,\"caption\":\"Rhinodent Fogorvos Mosonmagyar\u00f3v\u00e1r\"},\"image\":{\"@id\":\"https:\/\/rhinodent.hu\/#\/schema\/logo\/image\/\"}}]}<\/script>\n<!-- \/ Yoast SEO plugin. -->","yoast_head_json":{"title":"\u00c1.SZ.F. - Rhinodent Fogorvos Mosonmagyar\u00f3v\u00e1r","robots":{"index":"index","follow":"follow","max-snippet":"max-snippet:-1","max-image-preview":"max-image-preview:large","max-video-preview":"max-video-preview:-1"},"canonical":"https:\/\/rhinodent.hu\/de\/a-s-f\/","og_locale":"de_DE","og_type":"article","og_title":"\u00c1.SZ.F. - Rhinodent Fogorvos Mosonmagyar\u00f3v\u00e1r","og_url":"https:\/\/rhinodent.hu\/de\/a-s-f\/","og_site_name":"Rhinodent Fogorvos Mosonmagyar\u00f3v\u00e1r","article_modified_time":"2023-12-13T20:18:35+00:00","twitter_card":"summary_large_image","schema":{"@context":"https:\/\/schema.org","@graph":[{"@type":"WebPage","@id":"https:\/\/rhinodent.hu\/a-sz-f\/","url":"https:\/\/rhinodent.hu\/a-sz-f\/","name":"\u00c1.SZ.F. - Rhinodent Fogorvos Mosonmagyar\u00f3v\u00e1r","isPartOf":{"@id":"https:\/\/rhinodent.hu\/#website"},"datePublished":"2023-10-19T13:40:08+00:00","dateModified":"2023-12-13T20:18:35+00:00","breadcrumb":{"@id":"https:\/\/rhinodent.hu\/a-sz-f\/#breadcrumb"},"inLanguage":"de","potentialAction":[{"@type":"ReadAction","target":["https:\/\/rhinodent.hu\/a-sz-f\/"]}]},{"@type":"BreadcrumbList","@id":"https:\/\/rhinodent.hu\/a-sz-f\/#breadcrumb","itemListElement":[{"@type":"ListItem","position":1,"name":"Kezd\u0151lap","item":"https:\/\/rhinodent.hu\/"},{"@type":"ListItem","position":2,"name":"\u00c1.SZ.F."}]},{"@type":"WebSite","@id":"https:\/\/rhinodent.hu\/#website","url":"https:\/\/rhinodent.hu\/","name":"Rhinodent Fogorvos Mosonmagyar\u00f3v\u00e1r","description":"Fogorvosi rendel\u0151 Mosonmagyar\u00f3v\u00e1r, Fogszab\u00e1lyoz\u00e1s Mosonmagyar\u00f3v\u00e1r, Fogp\u00f3tl\u00e1s Mosonmagyar\u00f3v\u00e1r","publisher":{"@id":"https:\/\/rhinodent.hu\/#organization"},"potentialAction":[{"@type":"SearchAction","target":{"@type":"EntryPoint","urlTemplate":"https:\/\/rhinodent.hu\/?s={search_term_string}"},"query-input":{"@type":"PropertyValueSpecification","valueRequired":true,"valueName":"search_term_string"}}],"inLanguage":"de"},{"@type":"Organization","@id":"https:\/\/rhinodent.hu\/#organization","name":"Rhinodent Fogorvos Mosonmagyar\u00f3v\u00e1r","url":"https:\/\/rhinodent.hu\/","logo":{"@type":"ImageObject","inLanguage":"de","@id":"https:\/\/rhinodent.hu\/#\/schema\/logo\/image\/","url":"https:\/\/rhinodent.hu\/wp-content\/uploads\/2024\/01\/rdlogo512.webp","contentUrl":"https:\/\/rhinodent.hu\/wp-content\/uploads\/2024\/01\/rdlogo512.webp","width":512,"height":512,"caption":"Rhinodent Fogorvos Mosonmagyar\u00f3v\u00e1r"},"image":{"@id":"https:\/\/rhinodent.hu\/#\/schema\/logo\/image\/"}}]}},"_links":{"self":[{"href":"https:\/\/rhinodent.hu\/de\/wp-json\/wp\/v2\/pages\/1009"}],"collection":[{"href":"https:\/\/rhinodent.hu\/de\/wp-json\/wp\/v2\/pages"}],"about":[{"href":"https:\/\/rhinodent.hu\/de\/wp-json\/wp\/v2\/types\/page"}],"author":[{"embeddable":true,"href":"https:\/\/rhinodent.hu\/de\/wp-json\/wp\/v2\/users\/1"}],"replies":[{"embeddable":true,"href":"https:\/\/rhinodent.hu\/de\/wp-json\/wp\/v2\/comments?post=1009"}],"version-history":[{"count":7,"href":"https:\/\/rhinodent.hu\/de\/wp-json\/wp\/v2\/pages\/1009\/revisions"}],"predecessor-version":[{"id":1775,"href":"https:\/\/rhinodent.hu\/de\/wp-json\/wp\/v2\/pages\/1009\/revisions\/1775"}],"wp:attachment":[{"href":"https:\/\/rhinodent.hu\/de\/wp-json\/wp\/v2\/media?parent=1009"}],"curies":[{"name":"wp","href":"https:\/\/api.w.org\/{rel}","templated":true}]}}