{"id":1885,"date":"2024-01-04T17:20:50","date_gmt":"2024-01-04T16:20:50","guid":{"rendered":"http:\/\/rhinodent.hu\/?page_id=1885"},"modified":"2025-01-02T16:15:47","modified_gmt":"2025-01-02T15:15:47","slug":"fogszabalyozas","status":"publish","type":"page","link":"https:\/\/rhinodent.hu\/de\/zahnanalyse\/","title":{"rendered":"Kieferorthop\u00e4die"},"content":{"rendered":"<p>[et_pb_section fb_built=&#8221;1&#8243; _builder_version=&#8221;4.23&#8243; _module_preset=&#8221;default&#8221; global_colors_info=&#8221;{}&#8221;][et_pb_row column_structure=&#8221;1_2,1_2&#8243; _builder_version=&#8221;4.23&#8243; _module_preset=&#8221;default&#8221; width=&#8221;90%&#8221; global_colors_info=&#8221;{}&#8221;][et_pb_column type=&#8221;1_2&#8243; _builder_version=&#8221;4.23&#8243; _module_preset=&#8221;default&#8221; global_colors_info=&#8221;{}&#8221;][et_pb_image src=&#8221;http:\/\/rhinodent.hu\/wp-content\/uploads\/2024\/01\/fogszabalyozas-1.webp&#8221; _builder_version=&#8221;4.23&#8243; _module_preset=&#8221;default&#8221; border_radii=&#8221;off|100px||100px|&#8221; border_width_all=&#8221;2px&#8221; border_color_all=&#8221;#85A1B0&#8243; global_colors_info=&#8221;{}&#8221;][\/et_pb_image][\/et_pb_column][et_pb_column type=&#8221;1_2&#8243; _builder_version=&#8221;4.23&#8243; _module_preset=&#8221;default&#8221; global_colors_info=&#8221;{}&#8221;][et_pb_text _builder_version=&#8221;4.23&#8243; _module_preset=&#8221;default&#8221; header_font=&#8221;ABeeZee|||on|||||&#8221; header_text_align=&#8221;left&#8221; header_text_color=&#8221;#4389AD&#8221; header_font_size=&#8221;40px&#8221; header_letter_spacing=&#8221;2px&#8221; custom_margin=&#8221;||0px||false|false&#8221; header_text_align_tablet=&#8221;left&#8221; header_text_align_phone=&#8221;left&#8221; header_text_align_last_edited=&#8221;on|desktop&#8221; header_font_size_tablet=&#8221;40px&#8221; header_font_size_phone=&#8221;20px&#8221; header_font_size_last_edited=&#8221;on|desktop&#8221; header_letter_spacing_tablet=&#8221;2px&#8221; header_letter_spacing_phone=&#8221;2px&#8221; header_letter_spacing_last_edited=&#8221;on|desktop&#8221; global_colors_info=&#8221;{}&#8221;]<\/p>\n<h1>Kieferorthop\u00e4die<\/h1>\n<p>[\/et_pb_text][et_pb_divider color=&#8221;#85A1B0&#8243; divider_style=&#8221;dotted&#8221; divider_weight=&#8221;10px&#8221; divider_weight_tablet=&#8221;10px&#8221; divider_weight_phone=&#8221;10px&#8221; divider_weight_last_edited=&#8221;on|desktop&#8221; _builder_version=&#8221;4.23&#8243; _module_preset=&#8221;default&#8221; width=&#8221;13%&#8221; global_colors_info=&#8221;{}&#8221;][\/et_pb_divider][et_pb_text _builder_version=&#8221;4.23&#8243; _module_preset=&#8221;default&#8221; text_font_size=&#8221;16px&#8221; text_line_height=&#8221;1.3em&#8221; text_orientation=&#8221;justified&#8221; text_font_size_tablet=&#8221;16px&#8221; text_font_size_phone=&#8221;14px&#8221; text_font_size_last_edited=&#8221;on|desktop&#8221; text_line_height_tablet=&#8221;1.3em&#8221; text_line_height_phone=&#8221;1.3em&#8221; text_line_height_last_edited=&#8221;on|desktop&#8221; text_orientation_tablet=&#8221;justified&#8221; text_orientation_phone=&#8221;justified&#8221; text_orientation_last_edited=&#8221;on|desktop&#8221; global_colors_info=&#8221;{}&#8221;]<\/p>\n<p>A<span>\u00a0<\/span><strong>Kieferorthop\u00e4die<\/strong><span>\u00a0<\/span>Die Begradigung Ihrer Z\u00e4hne ist nicht nur ein \u00e4sthetischer Eingriff, sondern auch gut f\u00fcr die Gesundheit Ihrer Z\u00e4hne und Ihres Zahnfleisches. Engstehende Z\u00e4hne sind anf\u00e4lliger f\u00fcr Karies, sodass sich leichter Zahnfleischentz\u00fcndungen entwickeln, die schlie\u00dflich zu Zahnverlust f\u00fchren k\u00f6nnen.<\/p>\n<p>Viele Eltern fragen, wann der optimale Zeitpunkt f\u00fcr<span>\u00a0<\/span><strong>Kieferorthop\u00e4die<\/strong><span>\u00a0<\/span>beginnen. Wir empfehlen in der Regel, Ihr Kind sp\u00e4testens ab dem 9. Lebensjahr mitzunehmen<span>\u00a0<\/span><strong>Hosentr\u00e4ger<\/strong><span>\u00a0<\/span>f\u00fcr eine fach\u00e4rztliche Untersuchung. Die kieferorthop\u00e4dische Behandlung selbst wird in der Regel nicht vor dem Alter von 10-11 Jahren begonnen, da in dieser Zeit das Kieferwachstum am intensivsten ist und somit das Wachstum und die Entwicklung des Kiefers<span>\u00a0<\/span><strong>Hosentr\u00e4ger<\/strong><span>\u00a0<\/span>k\u00f6nnen wir sie in die richtige Richtung beeinflussen.<\/p>\n<p>[\/et_pb_text][\/et_pb_column][\/et_pb_row][et_pb_row _builder_version=&#8221;4.23&#8243; _module_preset=&#8221;default&#8221; width=&#8221;90%&#8221; global_colors_info=&#8221;{}&#8221;][et_pb_column type=&#8221;4_4&#8243; _builder_version=&#8221;4.23&#8243; _module_preset=&#8221;default&#8221; global_colors_info=&#8221;{}&#8221;][et_pb_text _builder_version=&#8221;4.23&#8243; _module_preset=&#8221;default&#8221; text_font_size=&#8221;16px&#8221; text_line_height=&#8221;1.3em&#8221; header_3_font=&#8221;ABeeZee||||||||&#8221; header_3_text_align=&#8221;left&#8221; header_3_text_color=&#8221;#85A1B0&#8243; header_4_font=&#8221;ABeeZee||||||||&#8221; header_4_text_align=&#8221;left&#8221; header_4_text_color=&#8221;#4389AD&#8221; text_orientation=&#8221;justified&#8221; text_font_size_tablet=&#8221;16px&#8221; text_font_size_phone=&#8221;14px&#8221; text_font_size_last_edited=&#8221;on|desktop&#8221; text_line_height_tablet=&#8221;1.3em&#8221; text_line_height_phone=&#8221;1.3em&#8221; text_line_height_last_edited=&#8221;on|desktop&#8221; header_3_font_size_tablet=&#8221;&#8221; header_3_font_size_phone=&#8221;18px&#8221; header_3_font_size_last_edited=&#8221;on|phone&#8221; header_3_line_height_tablet=&#8221;&#8221; header_3_line_height_phone=&#8221;1.3em&#8221; header_3_line_height_last_edited=&#8221;on|phone&#8221; header_4_font_size_tablet=&#8221;&#8221; header_4_font_size_phone=&#8221;16px&#8221; header_4_font_size_last_edited=&#8221;on|phone&#8221; header_4_line_height_tablet=&#8221;&#8221; header_4_line_height_phone=&#8221;1.3em&#8221; header_4_line_height_last_edited=&#8221;on|phone&#8221; text_orientation_tablet=&#8221;justified&#8221; text_orientation_phone=&#8221;justified&#8221; text_orientation_last_edited=&#8221;on|desktop&#8221; global_colors_info=&#8221;{}&#8221;]<\/p>\n<h3>Je nach Alter gibt es zwei Arten von kieferorthop\u00e4dischen Behandlungen:<\/h3>\n<h4>Kieferorthop\u00e4die bei Kindern<\/h4>\n<p>Bei Kindern wird aufgrund des oben erw\u00e4hnten Kieferwachstums zun\u00e4chst eine herausnehmbare Apparatur verwendet. In der zweiten Phase der Behandlung wird eine festsitzende oder Multiband-Apparatur verwendet, um die Z\u00e4hne pr\u00e4zise einzustellen.<\/p>\n<h4>Kieferorthop\u00e4die f\u00fcr Erwachsene<\/h4>\n<p>Erwachsene werden immer mit einer festsitzenden Apparatur behandelt. Da es nicht mehr m\u00f6glich ist, das Wachstum des Kieferknochens zu kontrollieren, werden keine herausnehmbaren Ger\u00e4te mehr verwendet. Bei einem hohen Grad an Kieferknochenfehlbildung wird die kieferorthop\u00e4dische Behandlung durch eine chirurgische Korrektur des Kieferknochens und seiner Positionierung erg\u00e4nzt.<\/p>\n<p>Wenn nachgewiesen wird, dass es notwendig ist<span>\u00a0<\/span><strong>Kieferorthop\u00e4die<\/strong><span>\u00a0<\/span>Die erste Frage, die sich jeder stellt, ist, wie lange die Behandlung dauern wird.<\/p>\n<p>Die Behandlungsdauer bei Kindern betr\u00e4gt etwa 2 Jahre mit einer herausnehmbaren Vorrichtung und 1-2 Jahre mit einer festsitzenden Vorrichtung.<\/p>\n<p>Im Erwachsenenalter kann die Dauer der Behandlung 1 bis 2 Jahre betragen, wenn jedoch eine chirurgische Behandlung erforderlich ist, kann sie bis zu 3 Jahre dauern.<\/p>\n<p>[\/et_pb_text][\/et_pb_column][\/et_pb_row][\/et_pb_section]<\/p>","protected":false},"excerpt":{"rendered":"<p>Fogszab\u00e1lyoz\u00e1sA\u00a0fogszab\u00e1lyoz\u00e1s\u00a0nem csak eszt\u00e9tikai beavatkoz\u00e1s, hanem a fogak \u00e9s az \u00edny eg\u00e9szs\u00e9ge \u00e9rdek\u00e9ben is \u00e9rdemes kiegyenes\u00edteni fogainkat. A torl\u00f3dott fogak k\u00f6nnyebben szuvasodnak, teh\u00e1t k\u00f6nnyebben alakul ki mellett\u00fck \u00ednygyullad\u00e1s is, amely v\u00e9gs\u0151 esetben a fogak elveszt\u00e9s\u00e9hez is vezethet. Sok sz\u00fcl\u0151ben felmer\u00fcl a k\u00e9rd\u00e9s, hogy mikor optim\u00e1lis a\u00a0fogszab\u00e1lyoz\u00e1s\u00a0elkezd\u00e9se. Azt szoktuk javasolni, hogy legk\u00e9s\u0151bb 9 \u00e9ves kora k\u00f6z\u00fcl \u00e9rdemes [&hellip;]<\/p>","protected":false},"author":1,"featured_media":0,"parent":0,"menu_order":0,"comment_status":"closed","ping_status":"closed","template":"","meta":{"_et_pb_use_builder":"on","_et_pb_old_content":"","_et_gb_content_width":"","footnotes":""},"yoast_head":"<!-- This site is optimized with the Yoast SEO plugin v24.1 - https:\/\/yoast.com\/wordpress\/plugins\/seo\/ -->\n<title>Fogszab\u00e1lyoz\u00e1s - Rhinodent Fogorvos Mosonmagyar\u00f3v\u00e1r<\/title>\n<meta name=\"robots\" content=\"index, follow, max-snippet:-1, max-image-preview:large, max-video-preview:-1\" \/>\n<link rel=\"canonical\" href=\"https:\/\/rhinodent.hu\/de\/zahnanalyse\/\" \/>\n<meta property=\"og:locale\" content=\"de_DE\" \/>\n<meta property=\"og:type\" content=\"article\" \/>\n<meta property=\"og:title\" content=\"Fogszab\u00e1lyoz\u00e1s - Rhinodent Fogorvos Mosonmagyar\u00f3v\u00e1r\" \/>\n<meta property=\"og:description\" content=\"Fogszab\u00e1lyoz\u00e1sA\u00a0fogszab\u00e1lyoz\u00e1s\u00a0nem csak eszt\u00e9tikai beavatkoz\u00e1s, hanem a fogak \u00e9s az \u00edny eg\u00e9szs\u00e9ge \u00e9rdek\u00e9ben is \u00e9rdemes kiegyenes\u00edteni fogainkat. A torl\u00f3dott fogak k\u00f6nnyebben szuvasodnak, teh\u00e1t k\u00f6nnyebben alakul ki mellett\u00fck \u00ednygyullad\u00e1s is, amely v\u00e9gs\u0151 esetben a fogak elveszt\u00e9s\u00e9hez is vezethet. Sok sz\u00fcl\u0151ben felmer\u00fcl a k\u00e9rd\u00e9s, hogy mikor optim\u00e1lis a\u00a0fogszab\u00e1lyoz\u00e1s\u00a0elkezd\u00e9se. Azt szoktuk javasolni, hogy legk\u00e9s\u0151bb 9 \u00e9ves kora k\u00f6z\u00fcl \u00e9rdemes [&hellip;]\" \/>\n<meta property=\"og:url\" content=\"https:\/\/rhinodent.hu\/de\/zahnanalyse\/\" \/>\n<meta property=\"og:site_name\" content=\"Rhinodent Fogorvos Mosonmagyar\u00f3v\u00e1r\" \/>\n<meta property=\"article:modified_time\" content=\"2025-01-02T15:15:47+00:00\" \/>\n<meta name=\"twitter:card\" content=\"summary_large_image\" \/>\n<meta name=\"twitter:label1\" content=\"Gesch\u00e4tzte Lesezeit\" \/>\n\t<meta name=\"twitter:data1\" content=\"2\u00a0Minuten\" \/>\n<script type=\"application\/ld+json\" class=\"yoast-schema-graph\">{\"@context\":\"https:\/\/schema.org\",\"@graph\":[{\"@type\":\"WebPage\",\"@id\":\"https:\/\/rhinodent.hu\/fogszabalyozas\/\",\"url\":\"https:\/\/rhinodent.hu\/fogszabalyozas\/\",\"name\":\"Fogszab\u00e1lyoz\u00e1s - Rhinodent Fogorvos Mosonmagyar\u00f3v\u00e1r\",\"isPartOf\":{\"@id\":\"https:\/\/rhinodent.hu\/#website\"},\"datePublished\":\"2024-01-04T16:20:50+00:00\",\"dateModified\":\"2025-01-02T15:15:47+00:00\",\"breadcrumb\":{\"@id\":\"https:\/\/rhinodent.hu\/fogszabalyozas\/#breadcrumb\"},\"inLanguage\":\"de\",\"potentialAction\":[{\"@type\":\"ReadAction\",\"target\":[\"https:\/\/rhinodent.hu\/fogszabalyozas\/\"]}]},{\"@type\":\"BreadcrumbList\",\"@id\":\"https:\/\/rhinodent.hu\/fogszabalyozas\/#breadcrumb\",\"itemListElement\":[{\"@type\":\"ListItem\",\"position\":1,\"name\":\"Kezd\u0151lap\",\"item\":\"https:\/\/rhinodent.hu\/\"},{\"@type\":\"ListItem\",\"position\":2,\"name\":\"Fogszab\u00e1lyoz\u00e1s\"}]},{\"@type\":\"WebSite\",\"@id\":\"https:\/\/rhinodent.hu\/#website\",\"url\":\"https:\/\/rhinodent.hu\/\",\"name\":\"Rhinodent Fogorvos Mosonmagyar\u00f3v\u00e1r\",\"description\":\"Fogorvosi rendel\u0151 Mosonmagyar\u00f3v\u00e1r, Fogszab\u00e1lyoz\u00e1s Mosonmagyar\u00f3v\u00e1r, Fogp\u00f3tl\u00e1s Mosonmagyar\u00f3v\u00e1r\",\"publisher\":{\"@id\":\"https:\/\/rhinodent.hu\/#organization\"},\"potentialAction\":[{\"@type\":\"SearchAction\",\"target\":{\"@type\":\"EntryPoint\",\"urlTemplate\":\"https:\/\/rhinodent.hu\/?s={search_term_string}\"},\"query-input\":{\"@type\":\"PropertyValueSpecification\",\"valueRequired\":true,\"valueName\":\"search_term_string\"}}],\"inLanguage\":\"de\"},{\"@type\":\"Organization\",\"@id\":\"https:\/\/rhinodent.hu\/#organization\",\"name\":\"Rhinodent Fogorvos Mosonmagyar\u00f3v\u00e1r\",\"url\":\"https:\/\/rhinodent.hu\/\",\"logo\":{\"@type\":\"ImageObject\",\"inLanguage\":\"de\",\"@id\":\"https:\/\/rhinodent.hu\/#\/schema\/logo\/image\/\",\"url\":\"https:\/\/rhinodent.hu\/wp-content\/uploads\/2024\/01\/rdlogo512.webp\",\"contentUrl\":\"https:\/\/rhinodent.hu\/wp-content\/uploads\/2024\/01\/rdlogo512.webp\",\"width\":512,\"height\":512,\"caption\":\"Rhinodent Fogorvos Mosonmagyar\u00f3v\u00e1r\"},\"image\":{\"@id\":\"https:\/\/rhinodent.hu\/#\/schema\/logo\/image\/\"}}]}<\/script>\n<!-- \/ Yoast SEO plugin. -->","yoast_head_json":{"title":"Fogszab\u00e1lyoz\u00e1s - Rhinodent Fogorvos Mosonmagyar\u00f3v\u00e1r","robots":{"index":"index","follow":"follow","max-snippet":"max-snippet:-1","max-image-preview":"max-image-preview:large","max-video-preview":"max-video-preview:-1"},"canonical":"https:\/\/rhinodent.hu\/de\/zahnanalyse\/","og_locale":"de_DE","og_type":"article","og_title":"Fogszab\u00e1lyoz\u00e1s - Rhinodent Fogorvos Mosonmagyar\u00f3v\u00e1r","og_description":"Fogszab\u00e1lyoz\u00e1sA\u00a0fogszab\u00e1lyoz\u00e1s\u00a0nem csak eszt\u00e9tikai beavatkoz\u00e1s, hanem a fogak \u00e9s az \u00edny eg\u00e9szs\u00e9ge \u00e9rdek\u00e9ben is \u00e9rdemes kiegyenes\u00edteni fogainkat. A torl\u00f3dott fogak k\u00f6nnyebben szuvasodnak, teh\u00e1t k\u00f6nnyebben alakul ki mellett\u00fck \u00ednygyullad\u00e1s is, amely v\u00e9gs\u0151 esetben a fogak elveszt\u00e9s\u00e9hez is vezethet. Sok sz\u00fcl\u0151ben felmer\u00fcl a k\u00e9rd\u00e9s, hogy mikor optim\u00e1lis a\u00a0fogszab\u00e1lyoz\u00e1s\u00a0elkezd\u00e9se. Azt szoktuk javasolni, hogy legk\u00e9s\u0151bb 9 \u00e9ves kora k\u00f6z\u00fcl \u00e9rdemes [&hellip;]","og_url":"https:\/\/rhinodent.hu\/de\/zahnanalyse\/","og_site_name":"Rhinodent Fogorvos Mosonmagyar\u00f3v\u00e1r","article_modified_time":"2025-01-02T15:15:47+00:00","twitter_card":"summary_large_image","twitter_misc":{"Gesch\u00e4tzte Lesezeit":"2\u00a0Minuten"},"schema":{"@context":"https:\/\/schema.org","@graph":[{"@type":"WebPage","@id":"https:\/\/rhinodent.hu\/fogszabalyozas\/","url":"https:\/\/rhinodent.hu\/fogszabalyozas\/","name":"Fogszab\u00e1lyoz\u00e1s - Rhinodent Fogorvos Mosonmagyar\u00f3v\u00e1r","isPartOf":{"@id":"https:\/\/rhinodent.hu\/#website"},"datePublished":"2024-01-04T16:20:50+00:00","dateModified":"2025-01-02T15:15:47+00:00","breadcrumb":{"@id":"https:\/\/rhinodent.hu\/fogszabalyozas\/#breadcrumb"},"inLanguage":"de","potentialAction":[{"@type":"ReadAction","target":["https:\/\/rhinodent.hu\/fogszabalyozas\/"]}]},{"@type":"BreadcrumbList","@id":"https:\/\/rhinodent.hu\/fogszabalyozas\/#breadcrumb","itemListElement":[{"@type":"ListItem","position":1,"name":"Kezd\u0151lap","item":"https:\/\/rhinodent.hu\/"},{"@type":"ListItem","position":2,"name":"Fogszab\u00e1lyoz\u00e1s"}]},{"@type":"WebSite","@id":"https:\/\/rhinodent.hu\/#website","url":"https:\/\/rhinodent.hu\/","name":"Rhinodent Fogorvos Mosonmagyar\u00f3v\u00e1r","description":"Fogorvosi rendel\u0151 Mosonmagyar\u00f3v\u00e1r, Fogszab\u00e1lyoz\u00e1s Mosonmagyar\u00f3v\u00e1r, Fogp\u00f3tl\u00e1s Mosonmagyar\u00f3v\u00e1r","publisher":{"@id":"https:\/\/rhinodent.hu\/#organization"},"potentialAction":[{"@type":"SearchAction","target":{"@type":"EntryPoint","urlTemplate":"https:\/\/rhinodent.hu\/?s={search_term_string}"},"query-input":{"@type":"PropertyValueSpecification","valueRequired":true,"valueName":"search_term_string"}}],"inLanguage":"de"},{"@type":"Organization","@id":"https:\/\/rhinodent.hu\/#organization","name":"Rhinodent Fogorvos Mosonmagyar\u00f3v\u00e1r","url":"https:\/\/rhinodent.hu\/","logo":{"@type":"ImageObject","inLanguage":"de","@id":"https:\/\/rhinodent.hu\/#\/schema\/logo\/image\/","url":"https:\/\/rhinodent.hu\/wp-content\/uploads\/2024\/01\/rdlogo512.webp","contentUrl":"https:\/\/rhinodent.hu\/wp-content\/uploads\/2024\/01\/rdlogo512.webp","width":512,"height":512,"caption":"Rhinodent Fogorvos Mosonmagyar\u00f3v\u00e1r"},"image":{"@id":"https:\/\/rhinodent.hu\/#\/schema\/logo\/image\/"}}]}},"_links":{"self":[{"href":"https:\/\/rhinodent.hu\/de\/wp-json\/wp\/v2\/pages\/1885"}],"collection":[{"href":"https:\/\/rhinodent.hu\/de\/wp-json\/wp\/v2\/pages"}],"about":[{"href":"https:\/\/rhinodent.hu\/de\/wp-json\/wp\/v2\/types\/page"}],"author":[{"embeddable":true,"href":"https:\/\/rhinodent.hu\/de\/wp-json\/wp\/v2\/users\/1"}],"replies":[{"embeddable":true,"href":"https:\/\/rhinodent.hu\/de\/wp-json\/wp\/v2\/comments?post=1885"}],"version-history":[{"count":7,"href":"https:\/\/rhinodent.hu\/de\/wp-json\/wp\/v2\/pages\/1885\/revisions"}],"predecessor-version":[{"id":2235,"href":"https:\/\/rhinodent.hu\/de\/wp-json\/wp\/v2\/pages\/1885\/revisions\/2235"}],"wp:attachment":[{"href":"https:\/\/rhinodent.hu\/de\/wp-json\/wp\/v2\/media?parent=1885"}],"curies":[{"name":"wp","href":"https:\/\/api.w.org\/{rel}","templated":true}]}}