{"id":1886,"date":"2024-01-04T17:20:50","date_gmt":"2024-01-04T16:20:50","guid":{"rendered":"http:\/\/rhinodent.hu\/?page_id=1886"},"modified":"2025-01-02T16:16:09","modified_gmt":"2025-01-02T15:16:09","slug":"gyermek-fogszabalyozas","status":"publish","type":"page","link":"https:\/\/rhinodent.hu\/de\/zahnprothesen-fur-kinder\/","title":{"rendered":"Kieferorthop\u00e4die f\u00fcr Kinder"},"content":{"rendered":"<p>[et_pb_section fb_built=&#8221;1&#8243; _builder_version=&#8221;4.23&#8243; _module_preset=&#8221;default&#8221; global_colors_info=&#8221;{}&#8221;][et_pb_row column_structure=&#8221;1_2,1_2&#8243; _builder_version=&#8221;4.23&#8243; _module_preset=&#8221;default&#8221; width=&#8221;90%&#8221; global_colors_info=&#8221;{}&#8221;][et_pb_column type=&#8221;1_2&#8243; _builder_version=&#8221;4.23&#8243; _module_preset=&#8221;default&#8221; global_colors_info=&#8221;{}&#8221;][et_pb_image src=&#8221;http:\/\/rhinodent.hu\/wp-content\/uploads\/2024\/02\/gyermek-fogszab.webp&#8221; _builder_version=&#8221;4.23&#8243; _module_preset=&#8221;default&#8221; border_radii=&#8221;off|100px||100px|&#8221; border_width_all=&#8221;2px&#8221; border_color_all=&#8221;#85A1B0&#8243; global_colors_info=&#8221;{}&#8221;][\/et_pb_image][\/et_pb_column][et_pb_column type=&#8221;1_2&#8243; _builder_version=&#8221;4.23&#8243; _module_preset=&#8221;default&#8221; global_colors_info=&#8221;{}&#8221;][et_pb_text _builder_version=&#8221;4.23&#8243; _module_preset=&#8221;default&#8221; header_font=&#8221;ABeeZee|||on|||||&#8221; header_text_align=&#8221;left&#8221; header_text_color=&#8221;#4389AD&#8221; header_font_size=&#8221;40px&#8221; header_letter_spacing=&#8221;2px&#8221; custom_margin=&#8221;||0px||false|false&#8221; header_text_align_tablet=&#8221;left&#8221; header_text_align_phone=&#8221;left&#8221; header_text_align_last_edited=&#8221;on|desktop&#8221; header_font_size_tablet=&#8221;40px&#8221; header_font_size_phone=&#8221;20px&#8221; header_font_size_last_edited=&#8221;on|desktop&#8221; header_letter_spacing_tablet=&#8221;2px&#8221; header_letter_spacing_phone=&#8221;2px&#8221; header_letter_spacing_last_edited=&#8221;on|desktop&#8221; global_colors_info=&#8221;{}&#8221;]<\/p>\n<h1>Kieferorthop\u00e4die f\u00fcr Kinder<\/h1>\n<p>[\/et_pb_text][et_pb_divider color=&#8221;#85A1B0&#8243; divider_style=&#8221;dotted&#8221; divider_weight=&#8221;10px&#8221; divider_weight_tablet=&#8221;10px&#8221; divider_weight_phone=&#8221;10px&#8221; divider_weight_last_edited=&#8221;on|desktop&#8221; _builder_version=&#8221;4.23&#8243; _module_preset=&#8221;default&#8221; width=&#8221;13%&#8221; global_colors_info=&#8221;{}&#8221;][\/et_pb_divider][et_pb_text _builder_version=&#8221;4.23&#8243; _module_preset=&#8221;default&#8221; text_font_size=&#8221;16px&#8221; text_line_height=&#8221;1.3em&#8221; text_orientation=&#8221;justified&#8221; text_font_size_tablet=&#8221;16px&#8221; text_font_size_phone=&#8221;14px&#8221; text_font_size_last_edited=&#8221;on|desktop&#8221; text_line_height_tablet=&#8221;1.3em&#8221; text_line_height_phone=&#8221;1.3em&#8221; text_line_height_last_edited=&#8221;on|desktop&#8221; text_orientation_tablet=&#8221;justified&#8221; text_orientation_phone=&#8221;justified&#8221; text_orientation_last_edited=&#8221;on|desktop&#8221; global_colors_info=&#8221;{}&#8221;]<\/p>\n<p>Willkommen in der Welt der Rhinodent-Kinderkieferorthop\u00e4die, wo wir uns auf die gesunde und regelm\u00e4\u00dfige Entwicklung des L\u00e4chelns von Kindern konzentrieren. Wir bieten das Fachwissen und die Aufmerksamkeit, die f\u00fcr ein Kind, das sich einer kieferorthop\u00e4dischen Behandlung unterzieht, unerl\u00e4sslich sind. Auf unserer Website erfahren Sie, wie wir Kindern ein sch\u00f6nes, gesundes L\u00e4cheln erm\u00f6glichen k\u00f6nnen.<\/p>\n<p><strong>Aufmerksamkeit und kinderfreundliches Umfeld:<\/strong><\/p>\n<p>Wir haben unsere Kinderklinik und unsere Dienstleistungen so gestaltet, dass sie eine angenehme und vertrauensvolle Umgebung f\u00fcr die Kleinsten schaffen. Unsere \u00c4rzte und Mitarbeiter sind \u00e4u\u00dferst aufmerksam und verst\u00e4ndnisvoll, denn wir wissen, dass die kieferorthop\u00e4dische Behandlung von Kindern eine der sensibelsten Zeiten aller zahn\u00e4rztlichen Behandlungen ist.<\/p>\n<p>Die Aufmerksamkeit des Kindes und sein Wohlbefinden stehen f\u00fcr uns im Mittelpunkt. Unser Ziel ist es, dass die Kinder unsere Praxis mit einer positiven Erfahrung verlassen, nicht nur mit einem normalen L\u00e4cheln, sondern mit einer positiven Erfahrung.<\/p>\n<p>[\/et_pb_text][\/et_pb_column][\/et_pb_row][et_pb_row _builder_version=&#8221;4.23&#8243; _module_preset=&#8221;default&#8221; width=&#8221;90%&#8221; global_colors_info=&#8221;{}&#8221;][et_pb_column type=&#8221;4_4&#8243; _builder_version=&#8221;4.23&#8243; _module_preset=&#8221;default&#8221; global_colors_info=&#8221;{}&#8221;][et_pb_text _builder_version=&#8221;4.23&#8243; _module_preset=&#8221;default&#8221; text_font_size=&#8221;16px&#8221; text_line_height=&#8221;1.3em&#8221; header_font=&#8221;Abyssinica SIL||||||||&#8221; header_text_align=&#8221;left&#8221; header_text_color=&#8221;#85A1B0&#8243; header_3_font=&#8221;ABeeZee||||||||&#8221; header_3_text_align=&#8221;left&#8221; header_3_text_color=&#8221;#85A1B0&#8243; header_4_font=&#8221;ABeeZee||||||||&#8221; header_4_text_align=&#8221;left&#8221; header_4_text_color=&#8221;#4389AD&#8221; text_orientation=&#8221;justified&#8221; text_font_size_tablet=&#8221;16px&#8221; text_font_size_phone=&#8221;14px&#8221; text_font_size_last_edited=&#8221;on|desktop&#8221; text_line_height_tablet=&#8221;1.3em&#8221; text_line_height_phone=&#8221;1.3em&#8221; text_line_height_last_edited=&#8221;on|desktop&#8221; header_text_align_tablet=&#8221;left&#8221; header_text_align_phone=&#8221;left&#8221; header_text_align_last_edited=&#8221;on|desktop&#8221; header_font_size_tablet=&#8221;&#8221; header_font_size_phone=&#8221;17px&#8221; header_font_size_last_edited=&#8221;on|phone&#8221; header_3_font_size_tablet=&#8221;&#8221; header_3_font_size_phone=&#8221;18px&#8221; header_3_font_size_last_edited=&#8221;on|phone&#8221; header_3_line_height_tablet=&#8221;&#8221; header_3_line_height_phone=&#8221;1.3em&#8221; header_3_line_height_last_edited=&#8221;on|phone&#8221; header_4_font_size_tablet=&#8221;&#8221; header_4_font_size_phone=&#8221;16px&#8221; header_4_font_size_last_edited=&#8221;on|phone&#8221; header_4_line_height_tablet=&#8221;&#8221; header_4_line_height_phone=&#8221;1.3em&#8221; header_4_line_height_last_edited=&#8221;on|phone&#8221; text_orientation_tablet=&#8221;justified&#8221; text_orientation_phone=&#8221;justified&#8221; text_orientation_last_edited=&#8221;on|desktop&#8221; global_colors_info=&#8221;{}&#8221;]<\/p>\n<h3><strong>Kinderkieferorthop\u00e4die Verfahren:<\/strong><\/h3>\n<p>Die Kieferorthop\u00e4die bei Kindern ist ein hochsensibler Bereich, in dem das Wohlbefinden und das Vertrauen des Kindes von entscheidender Bedeutung sind. Vor Beginn der Behandlung f\u00fchren wir ein ausf\u00fchrliches Beratungsgespr\u00e4ch, in dem wir mit den Eltern und dem Kind die geplante Behandlung, das zu erwartende Ergebnis und alle Fragen besprechen. Anschlie\u00dfend f\u00fchrt unser Arzt eine eingehende Untersuchung durch und erstellt einen individuellen Behandlungsplan.<\/p>\n<p>Die Behandlung ber\u00fccksichtigt das Alter und den Entwicklungsstand des Kindes und verwendet die modernsten und kindgerechtesten kieferorthop\u00e4dischen Methoden. Bei regelm\u00e4\u00dfigen Kontrolluntersuchungen kommunizieren wir mit dem Kind und den Eltern, um sicherzustellen, dass die Behandlung wirksam ist und angemessen voranschreitet.<\/p>\n<h3><strong>Preise und Finanzierung der Kinderkieferorthop\u00e4die:<\/strong><\/h3>\n<p>Unsere Preise f\u00fcr Kinderkieferorthop\u00e4die sind erschwinglich und transparent und bieten gleichzeitig eine hochwertige Behandlung. Der Kostenvoranschlag enth\u00e4lt die gesamten Behandlungskosten, es gibt also keine versteckten Kosten. Dar\u00fcber hinaus bieten wir verschiedene Finanzierungsm\u00f6glichkeiten an, um den Eltern die Planung und Finanzierung der Kosten zu erleichtern.<\/p>\n<p>&nbsp;<\/p>\n<h1>Kieferorthop\u00e4die f\u00fcr Kinder in Moson-Magyrovar<\/h1>\n<p>[\/et_pb_text][\/et_pb_column][\/et_pb_row][\/et_pb_section]<\/p>","protected":false},"excerpt":{"rendered":"<p>Gyermek fogszab\u00e1lyoz\u00e1s\u00dcdv\u00f6z\u00f6lj\u00fck a Rhinodent Gyermek Fogszab\u00e1lyoz\u00e1si Szolg\u00e1ltat\u00e1sainak vil\u00e1g\u00e1ban, ahol a gyermekmosolyok eg\u00e9szs\u00e9ges \u00e9s szab\u00e1lyos fejl\u0151d\u00e9s\u00e9re \u00f6sszpontos\u00edtunk. K\u00edn\u00e1ljuk a szak\u00e9rtelmet \u00e9s figyelmess\u00e9get, melyek elengedhetetlenek egy gyermek sz\u00e1m\u00e1ra, aki fogszab\u00e1lyoz\u00e1si kezel\u00e9sen vesz r\u00e9szt. Weboldalunkon r\u00e9szletesen bemutatjuk, hogyan tehetj\u00fck el\u00e9rhet\u0151v\u00e9 a sz\u00e9p \u00e9s eg\u00e9szs\u00e9ges mosolyt a gyermekek sz\u00e1m\u00e1ra. Figyelmess\u00e9g \u00e9s Gyermekbar\u00e1t K\u00f6rnyezet: Gyermekrendel\u0151nk kialak\u00edt\u00e1s\u00e1t \u00e9s szolg\u00e1ltat\u00e1sainkat \u00fagy tervezt\u00fck, [&hellip;]<\/p>","protected":false},"author":1,"featured_media":0,"parent":0,"menu_order":0,"comment_status":"closed","ping_status":"closed","template":"","meta":{"_et_pb_use_builder":"on","_et_pb_old_content":"","_et_gb_content_width":"","footnotes":""},"yoast_head":"<!-- This site is optimized with the Yoast SEO plugin v24.1 - https:\/\/yoast.com\/wordpress\/plugins\/seo\/ -->\n<title>Gyermek fogszab\u00e1lyoz\u00e1s - Rhinodent Fogorvos Mosonmagyar\u00f3v\u00e1r<\/title>\n<meta name=\"robots\" content=\"index, follow, max-snippet:-1, max-image-preview:large, max-video-preview:-1\" \/>\n<link rel=\"canonical\" href=\"https:\/\/rhinodent.hu\/de\/zahnprothesen-fur-kinder\/\" \/>\n<meta property=\"og:locale\" content=\"de_DE\" \/>\n<meta property=\"og:type\" content=\"article\" \/>\n<meta property=\"og:title\" content=\"Gyermek fogszab\u00e1lyoz\u00e1s - Rhinodent Fogorvos Mosonmagyar\u00f3v\u00e1r\" \/>\n<meta property=\"og:description\" content=\"Gyermek fogszab\u00e1lyoz\u00e1s\u00dcdv\u00f6z\u00f6lj\u00fck a Rhinodent Gyermek Fogszab\u00e1lyoz\u00e1si Szolg\u00e1ltat\u00e1sainak vil\u00e1g\u00e1ban, ahol a gyermekmosolyok eg\u00e9szs\u00e9ges \u00e9s szab\u00e1lyos fejl\u0151d\u00e9s\u00e9re \u00f6sszpontos\u00edtunk. K\u00edn\u00e1ljuk a szak\u00e9rtelmet \u00e9s figyelmess\u00e9get, melyek elengedhetetlenek egy gyermek sz\u00e1m\u00e1ra, aki fogszab\u00e1lyoz\u00e1si kezel\u00e9sen vesz r\u00e9szt. Weboldalunkon r\u00e9szletesen bemutatjuk, hogyan tehetj\u00fck el\u00e9rhet\u0151v\u00e9 a sz\u00e9p \u00e9s eg\u00e9szs\u00e9ges mosolyt a gyermekek sz\u00e1m\u00e1ra. Figyelmess\u00e9g \u00e9s Gyermekbar\u00e1t K\u00f6rnyezet: Gyermekrendel\u0151nk kialak\u00edt\u00e1s\u00e1t \u00e9s szolg\u00e1ltat\u00e1sainkat \u00fagy tervezt\u00fck, [&hellip;]\" \/>\n<meta property=\"og:url\" content=\"https:\/\/rhinodent.hu\/de\/zahnprothesen-fur-kinder\/\" \/>\n<meta property=\"og:site_name\" content=\"Rhinodent Fogorvos Mosonmagyar\u00f3v\u00e1r\" \/>\n<meta property=\"article:modified_time\" content=\"2025-01-02T15:16:09+00:00\" \/>\n<meta name=\"twitter:card\" content=\"summary_large_image\" \/>\n<meta name=\"twitter:label1\" content=\"Gesch\u00e4tzte Lesezeit\" \/>\n\t<meta name=\"twitter:data1\" content=\"2\u00a0Minuten\" \/>\n<script type=\"application\/ld+json\" class=\"yoast-schema-graph\">{\"@context\":\"https:\/\/schema.org\",\"@graph\":[{\"@type\":\"WebPage\",\"@id\":\"https:\/\/rhinodent.hu\/gyermek-fogszabalyozas\/\",\"url\":\"https:\/\/rhinodent.hu\/gyermek-fogszabalyozas\/\",\"name\":\"Gyermek fogszab\u00e1lyoz\u00e1s - Rhinodent Fogorvos Mosonmagyar\u00f3v\u00e1r\",\"isPartOf\":{\"@id\":\"https:\/\/rhinodent.hu\/#website\"},\"datePublished\":\"2024-01-04T16:20:50+00:00\",\"dateModified\":\"2025-01-02T15:16:09+00:00\",\"breadcrumb\":{\"@id\":\"https:\/\/rhinodent.hu\/gyermek-fogszabalyozas\/#breadcrumb\"},\"inLanguage\":\"de\",\"potentialAction\":[{\"@type\":\"ReadAction\",\"target\":[\"https:\/\/rhinodent.hu\/gyermek-fogszabalyozas\/\"]}]},{\"@type\":\"BreadcrumbList\",\"@id\":\"https:\/\/rhinodent.hu\/gyermek-fogszabalyozas\/#breadcrumb\",\"itemListElement\":[{\"@type\":\"ListItem\",\"position\":1,\"name\":\"Kezd\u0151lap\",\"item\":\"https:\/\/rhinodent.hu\/\"},{\"@type\":\"ListItem\",\"position\":2,\"name\":\"Gyermek fogszab\u00e1lyoz\u00e1s\"}]},{\"@type\":\"WebSite\",\"@id\":\"https:\/\/rhinodent.hu\/#website\",\"url\":\"https:\/\/rhinodent.hu\/\",\"name\":\"Rhinodent Fogorvos Mosonmagyar\u00f3v\u00e1r\",\"description\":\"Fogorvosi rendel\u0151 Mosonmagyar\u00f3v\u00e1r, Fogszab\u00e1lyoz\u00e1s Mosonmagyar\u00f3v\u00e1r, Fogp\u00f3tl\u00e1s Mosonmagyar\u00f3v\u00e1r\",\"publisher\":{\"@id\":\"https:\/\/rhinodent.hu\/#organization\"},\"potentialAction\":[{\"@type\":\"SearchAction\",\"target\":{\"@type\":\"EntryPoint\",\"urlTemplate\":\"https:\/\/rhinodent.hu\/?s={search_term_string}\"},\"query-input\":{\"@type\":\"PropertyValueSpecification\",\"valueRequired\":true,\"valueName\":\"search_term_string\"}}],\"inLanguage\":\"de\"},{\"@type\":\"Organization\",\"@id\":\"https:\/\/rhinodent.hu\/#organization\",\"name\":\"Rhinodent Fogorvos Mosonmagyar\u00f3v\u00e1r\",\"url\":\"https:\/\/rhinodent.hu\/\",\"logo\":{\"@type\":\"ImageObject\",\"inLanguage\":\"de\",\"@id\":\"https:\/\/rhinodent.hu\/#\/schema\/logo\/image\/\",\"url\":\"https:\/\/rhinodent.hu\/wp-content\/uploads\/2024\/01\/rdlogo512.webp\",\"contentUrl\":\"https:\/\/rhinodent.hu\/wp-content\/uploads\/2024\/01\/rdlogo512.webp\",\"width\":512,\"height\":512,\"caption\":\"Rhinodent Fogorvos Mosonmagyar\u00f3v\u00e1r\"},\"image\":{\"@id\":\"https:\/\/rhinodent.hu\/#\/schema\/logo\/image\/\"}}]}<\/script>\n<!-- \/ Yoast SEO plugin. -->","yoast_head_json":{"title":"Gyermek fogszab\u00e1lyoz\u00e1s - Rhinodent Fogorvos Mosonmagyar\u00f3v\u00e1r","robots":{"index":"index","follow":"follow","max-snippet":"max-snippet:-1","max-image-preview":"max-image-preview:large","max-video-preview":"max-video-preview:-1"},"canonical":"https:\/\/rhinodent.hu\/de\/zahnprothesen-fur-kinder\/","og_locale":"de_DE","og_type":"article","og_title":"Gyermek fogszab\u00e1lyoz\u00e1s - Rhinodent Fogorvos Mosonmagyar\u00f3v\u00e1r","og_description":"Gyermek fogszab\u00e1lyoz\u00e1s\u00dcdv\u00f6z\u00f6lj\u00fck a Rhinodent Gyermek Fogszab\u00e1lyoz\u00e1si Szolg\u00e1ltat\u00e1sainak vil\u00e1g\u00e1ban, ahol a gyermekmosolyok eg\u00e9szs\u00e9ges \u00e9s szab\u00e1lyos fejl\u0151d\u00e9s\u00e9re \u00f6sszpontos\u00edtunk. K\u00edn\u00e1ljuk a szak\u00e9rtelmet \u00e9s figyelmess\u00e9get, melyek elengedhetetlenek egy gyermek sz\u00e1m\u00e1ra, aki fogszab\u00e1lyoz\u00e1si kezel\u00e9sen vesz r\u00e9szt. Weboldalunkon r\u00e9szletesen bemutatjuk, hogyan tehetj\u00fck el\u00e9rhet\u0151v\u00e9 a sz\u00e9p \u00e9s eg\u00e9szs\u00e9ges mosolyt a gyermekek sz\u00e1m\u00e1ra. Figyelmess\u00e9g \u00e9s Gyermekbar\u00e1t K\u00f6rnyezet: Gyermekrendel\u0151nk kialak\u00edt\u00e1s\u00e1t \u00e9s szolg\u00e1ltat\u00e1sainkat \u00fagy tervezt\u00fck, [&hellip;]","og_url":"https:\/\/rhinodent.hu\/de\/zahnprothesen-fur-kinder\/","og_site_name":"Rhinodent Fogorvos Mosonmagyar\u00f3v\u00e1r","article_modified_time":"2025-01-02T15:16:09+00:00","twitter_card":"summary_large_image","twitter_misc":{"Gesch\u00e4tzte Lesezeit":"2\u00a0Minuten"},"schema":{"@context":"https:\/\/schema.org","@graph":[{"@type":"WebPage","@id":"https:\/\/rhinodent.hu\/gyermek-fogszabalyozas\/","url":"https:\/\/rhinodent.hu\/gyermek-fogszabalyozas\/","name":"Gyermek fogszab\u00e1lyoz\u00e1s - Rhinodent Fogorvos Mosonmagyar\u00f3v\u00e1r","isPartOf":{"@id":"https:\/\/rhinodent.hu\/#website"},"datePublished":"2024-01-04T16:20:50+00:00","dateModified":"2025-01-02T15:16:09+00:00","breadcrumb":{"@id":"https:\/\/rhinodent.hu\/gyermek-fogszabalyozas\/#breadcrumb"},"inLanguage":"de","potentialAction":[{"@type":"ReadAction","target":["https:\/\/rhinodent.hu\/gyermek-fogszabalyozas\/"]}]},{"@type":"BreadcrumbList","@id":"https:\/\/rhinodent.hu\/gyermek-fogszabalyozas\/#breadcrumb","itemListElement":[{"@type":"ListItem","position":1,"name":"Kezd\u0151lap","item":"https:\/\/rhinodent.hu\/"},{"@type":"ListItem","position":2,"name":"Gyermek fogszab\u00e1lyoz\u00e1s"}]},{"@type":"WebSite","@id":"https:\/\/rhinodent.hu\/#website","url":"https:\/\/rhinodent.hu\/","name":"Rhinodent Fogorvos Mosonmagyar\u00f3v\u00e1r","description":"Fogorvosi rendel\u0151 Mosonmagyar\u00f3v\u00e1r, Fogszab\u00e1lyoz\u00e1s Mosonmagyar\u00f3v\u00e1r, Fogp\u00f3tl\u00e1s Mosonmagyar\u00f3v\u00e1r","publisher":{"@id":"https:\/\/rhinodent.hu\/#organization"},"potentialAction":[{"@type":"SearchAction","target":{"@type":"EntryPoint","urlTemplate":"https:\/\/rhinodent.hu\/?s={search_term_string}"},"query-input":{"@type":"PropertyValueSpecification","valueRequired":true,"valueName":"search_term_string"}}],"inLanguage":"de"},{"@type":"Organization","@id":"https:\/\/rhinodent.hu\/#organization","name":"Rhinodent Fogorvos Mosonmagyar\u00f3v\u00e1r","url":"https:\/\/rhinodent.hu\/","logo":{"@type":"ImageObject","inLanguage":"de","@id":"https:\/\/rhinodent.hu\/#\/schema\/logo\/image\/","url":"https:\/\/rhinodent.hu\/wp-content\/uploads\/2024\/01\/rdlogo512.webp","contentUrl":"https:\/\/rhinodent.hu\/wp-content\/uploads\/2024\/01\/rdlogo512.webp","width":512,"height":512,"caption":"Rhinodent Fogorvos Mosonmagyar\u00f3v\u00e1r"},"image":{"@id":"https:\/\/rhinodent.hu\/#\/schema\/logo\/image\/"}}]}},"_links":{"self":[{"href":"https:\/\/rhinodent.hu\/de\/wp-json\/wp\/v2\/pages\/1886"}],"collection":[{"href":"https:\/\/rhinodent.hu\/de\/wp-json\/wp\/v2\/pages"}],"about":[{"href":"https:\/\/rhinodent.hu\/de\/wp-json\/wp\/v2\/types\/page"}],"author":[{"embeddable":true,"href":"https:\/\/rhinodent.hu\/de\/wp-json\/wp\/v2\/users\/1"}],"replies":[{"embeddable":true,"href":"https:\/\/rhinodent.hu\/de\/wp-json\/wp\/v2\/comments?post=1886"}],"version-history":[{"count":5,"href":"https:\/\/rhinodent.hu\/de\/wp-json\/wp\/v2\/pages\/1886\/revisions"}],"predecessor-version":[{"id":2236,"href":"https:\/\/rhinodent.hu\/de\/wp-json\/wp\/v2\/pages\/1886\/revisions\/2236"}],"wp:attachment":[{"href":"https:\/\/rhinodent.hu\/de\/wp-json\/wp\/v2\/media?parent=1886"}],"curies":[{"name":"wp","href":"https:\/\/api.w.org\/{rel}","templated":true}]}}