{"id":1888,"date":"2024-01-04T17:20:50","date_gmt":"2024-01-04T16:20:50","guid":{"rendered":"http:\/\/rhinodent.hu\/?page_id=1888"},"modified":"2025-01-02T16:14:55","modified_gmt":"2025-01-02T15:14:55","slug":"fogorvos-mosonmagyarovar","status":"publish","type":"page","link":"https:\/\/rhinodent.hu\/de\/fogorvos-mosonmagyarovar\/","title":{"rendered":"Zahnarzt Mosonmagyar\u00f3v\u00e1r"},"content":{"rendered":"<p>[et_pb_section fb_built=&#8221;1&#8243; _builder_version=&#8221;4.23&#8243; _module_preset=&#8221;default&#8221; global_colors_info=&#8221;{}&#8221;][et_pb_row column_structure=&#8221;1_2,1_2&#8243; _builder_version=&#8221;4.23&#8243; _module_preset=&#8221;default&#8221; width=&#8221;90%&#8221; global_colors_info=&#8221;{}&#8221;][et_pb_column type=&#8221;1_2&#8243; _builder_version=&#8221;4.23&#8243; _module_preset=&#8221;default&#8221; global_colors_info=&#8221;{}&#8221;][et_pb_image src=&#8221;http:\/\/rhinodent.hu\/wp-content\/uploads\/2024\/01\/f1.webp&#8221; _builder_version=&#8221;4.23&#8243; _module_preset=&#8221;default&#8221; border_radii=&#8221;off|100px||100px|&#8221; border_width_all=&#8221;2px&#8221; border_color_all=&#8221;#85A1B0&#8243; global_colors_info=&#8221;{}&#8221;][\/et_pb_image][\/et_pb_column][et_pb_column type=&#8221;1_2&#8243; _builder_version=&#8221;4.23&#8243; _module_preset=&#8221;default&#8221; global_colors_info=&#8221;{}&#8221;][et_pb_text _builder_version=&#8221;4.23&#8243; _module_preset=&#8221;default&#8221; header_font=&#8221;ABeeZee|||on|||||&#8221; header_text_align=&#8221;left&#8221; header_text_color=&#8221;#4389AD&#8221; header_font_size=&#8221;40px&#8221; header_letter_spacing=&#8221;2px&#8221; custom_margin=&#8221;||0px||false|false&#8221; header_text_align_tablet=&#8221;left&#8221; header_text_align_phone=&#8221;left&#8221; header_text_align_last_edited=&#8221;on|desktop&#8221; header_font_size_tablet=&#8221;40px&#8221; header_font_size_phone=&#8221;20px&#8221; header_font_size_last_edited=&#8221;on|desktop&#8221; header_letter_spacing_tablet=&#8221;2px&#8221; header_letter_spacing_phone=&#8221;2px&#8221; header_letter_spacing_last_edited=&#8221;on|desktop&#8221; global_colors_info=&#8221;{}&#8221;]<\/p>\n<h1>Zahnarzt Mosonmagyar\u00f3v\u00e1r<\/h1>\n<p>[\/et_pb_text][et_pb_divider color=&#8221;#85A1B0&#8243; divider_style=&#8221;dotted&#8221; divider_weight=&#8221;10px&#8221; divider_weight_tablet=&#8221;10px&#8221; divider_weight_phone=&#8221;10px&#8221; divider_weight_last_edited=&#8221;on|desktop&#8221; _builder_version=&#8221;4.23&#8243; _module_preset=&#8221;default&#8221; width=&#8221;13%&#8221; global_colors_info=&#8221;{}&#8221;][\/et_pb_divider][et_pb_text _builder_version=&#8221;4.23&#8243; _module_preset=&#8221;default&#8221; text_font_size=&#8221;16px&#8221; text_line_height=&#8221;1.3em&#8221; header_3_font=&#8221;Abyssinica SIL||||||||&#8221; header_3_text_color=&#8221;#85A1B0&#8243; text_orientation=&#8221;justified&#8221; text_font_size_tablet=&#8221;16px&#8221; text_font_size_phone=&#8221;14px&#8221; text_font_size_last_edited=&#8221;on|desktop&#8221; text_line_height_tablet=&#8221;1.3em&#8221; text_line_height_phone=&#8221;1.3em&#8221; text_line_height_last_edited=&#8221;on|desktop&#8221; text_orientation_tablet=&#8221;justified&#8221; text_orientation_phone=&#8221;justified&#8221; text_orientation_last_edited=&#8221;on|desktop&#8221; global_colors_info=&#8221;{}&#8221;]<\/p>\n<p>Rhinodent nem csup\u00e1n egy fogorvosi praxis\u00a0 ez egy elk\u00f6telezett csapat, amely minden mosoly m\u00f6g\u00f6tti eg\u00e9szs\u00e9get \u00e9s \u00f6nbizalmat l\u00e1t.<\/p>\n<p>A Rhinodent Fogorvosi Rendel\u0151 weboldala nem csup\u00e1n egy digit\u00e1lis platform, hanem egy olyan t\u00e9r, ahol megoszthatjuk \u00d6nnel a fog\u00e1szat ir\u00e1nti szenved\u00e9ly\u00fcnket \u00e9s a p\u00e1cienseink ir\u00e1nti elk\u00f6telezetts\u00e9g\u00fcnket. Honlapunkon k\u00f6nnyen \u00e1ttekintheti szolg\u00e1ltat\u00e1sainkat, \u00e9s r\u00e9szletes inform\u00e1ci\u00f3kat tal\u00e1l a csapatr\u00f3l \u00e9s szak\u00e9rt\u0151 orvosainkr\u00f3l.<\/p>\n<p>Tapasztalatunkban gy\u00f6kerez\u0151 szakmai hozz\u00e1\u00e9rt\u00e9s\u00fcnk a legmagasabb sz\u00ednvonal\u00fa sz\u00e1j\u00fcgyi ell\u00e1t\u00e1s biztos\u00edt\u00e1s\u00e1ra szolg\u00e1l. \u00c9vtizedek \u00f3ta szolg\u00e1ljuk a mosonmagyar\u00f3v\u00e1ri k\u00f6z\u00f6ss\u00e9get, \u00e9s b\u00fcszk\u00e9k vagyunk arra, hogy sz\u00e1mos el\u00e9gedett p\u00e1ciens\u00fcnk hossz\u00fa t\u00e1v\u00fa partnerk\u00e9nt maradt vel\u00fcnk. A Rhinodent csapata az innov\u00e1ci\u00f3ra \u00e9s folyamatos fejl\u0151d\u00e9sre \u00f6sszpontos\u00edt, hogy mindig a legmodernebb technol\u00f3gi\u00e1kat \u00e9s elj\u00e1r\u00e1sokat alkalmazzuk.<\/p>\n<h3>Elhivatotts\u00e1g \u00e9s Szem\u00e9lyre szabott Ell\u00e1t\u00e1s:<\/h3>\n<p>A fogorvosi szolg\u00e1ltat\u00e1saink m\u00f6g\u00f6tti elhivatotts\u00e1gunk nem csup\u00e1n a kezel\u00e9seink magas sz\u00ednvonal\u00e1ban, hanem a p\u00e1cienseink egyedi ig\u00e9nyeinek figyelembev\u00e9tel\u00e9ben is megmutatkozik. Sz\u00e1munkra minden p\u00e1ciens egyedi, \u00e9s minden mosoly m\u00f6g\u00f6tt egyedi t\u00f6rt\u00e9net \u00e1ll. A Rhinodent csapata mindent megtesz annak \u00e9rdek\u00e9ben, hogy minden egyes p\u00e1ciens\u00fcnk sz\u00e1m\u00e1ra szem\u00e9lyre szabott \u00e9s k\u00e9nyelmes ell\u00e1t\u00e1st biztos\u00edtson.Az eg\u00e9szs\u00e9g \u00e9s eszt\u00e9tika \u00f6sszekapcsol\u00e1sa \u00e9rdek\u00e9ben a Rhinodent a legkorszer\u0171bb eszt\u00e9tikai fog\u00e1szati megold\u00e1sokat k\u00edn\u00e1lja. Legyen sz\u00f3 fogfeh\u00e9r\u00edt\u00e9sr\u0151l, fogp\u00f3tl\u00e1sr\u00f3l vagy eszt\u00e9tikai fogszab\u00e1lyoz\u00e1sr\u00f3l, n\u00e1lunk minden p\u00e1ciens megtal\u00e1lja az ig\u00e9nyeinek megfelel\u0151 megold\u00e1st.<\/p>\n<p>[\/et_pb_text][\/et_pb_column][\/et_pb_row][\/et_pb_section]<\/p>","protected":false},"excerpt":{"rendered":"<p>Fogorvos Mosonmagyar\u00f3v\u00e1rRhinodent nem csup\u00e1n egy fogorvosi praxis\u00a0 ez egy elk\u00f6telezett csapat, amely minden mosoly m\u00f6g\u00f6tti eg\u00e9szs\u00e9get \u00e9s \u00f6nbizalmat l\u00e1t. A Rhinodent Fogorvosi Rendel\u0151 weboldala nem csup\u00e1n egy digit\u00e1lis platform, hanem egy olyan t\u00e9r, ahol megoszthatjuk \u00d6nnel a fog\u00e1szat ir\u00e1nti szenved\u00e9ly\u00fcnket \u00e9s a p\u00e1cienseink ir\u00e1nti elk\u00f6telezetts\u00e9g\u00fcnket. Honlapunkon k\u00f6nnyen \u00e1ttekintheti szolg\u00e1ltat\u00e1sainkat, \u00e9s r\u00e9szletes inform\u00e1ci\u00f3kat tal\u00e1l a csapatr\u00f3l [&hellip;]<\/p>","protected":false},"author":1,"featured_media":0,"parent":0,"menu_order":0,"comment_status":"closed","ping_status":"closed","template":"","meta":{"_et_pb_use_builder":"on","_et_pb_old_content":"","_et_gb_content_width":"","footnotes":""},"yoast_head":"<!-- This site is optimized with the Yoast SEO plugin v24.1 - https:\/\/yoast.com\/wordpress\/plugins\/seo\/ -->\n<title>Fogorvos Mosonmagyar\u00f3v\u00e1r - Rhinodent Fogorvos Mosonmagyar\u00f3v\u00e1r<\/title>\n<meta name=\"description\" content=\"Kiv\u00e1l\u00f3 fogorvos Mosonmagyar\u00f3v\u00e1ron, modern rendel\u0151ben, bar\u00e1ts\u00e1gos l\u00e9gk\u00f6rben. Professzion\u00e1lis fog\u00e1szati kezel\u00e9sek az eg\u00e9szs\u00e9ges \u00e9s sz\u00e9p mosoly\u00e9rt. Foglaljon id\u0151pontot!\" \/>\n<meta name=\"robots\" content=\"index, follow, max-snippet:-1, max-image-preview:large, max-video-preview:-1\" \/>\n<link rel=\"canonical\" href=\"https:\/\/rhinodent.hu\/de\/fogorvos-mosonmagyarovar\/\" \/>\n<meta property=\"og:locale\" content=\"de_DE\" \/>\n<meta property=\"og:type\" content=\"article\" \/>\n<meta property=\"og:title\" content=\"Fogorvos Mosonmagyar\u00f3v\u00e1r - Rhinodent Fogorvos Mosonmagyar\u00f3v\u00e1r\" \/>\n<meta property=\"og:description\" content=\"Kiv\u00e1l\u00f3 fogorvos Mosonmagyar\u00f3v\u00e1ron, modern rendel\u0151ben, bar\u00e1ts\u00e1gos l\u00e9gk\u00f6rben. Professzion\u00e1lis fog\u00e1szati kezel\u00e9sek az eg\u00e9szs\u00e9ges \u00e9s sz\u00e9p mosoly\u00e9rt. Foglaljon id\u0151pontot!\" \/>\n<meta property=\"og:url\" content=\"https:\/\/rhinodent.hu\/de\/fogorvos-mosonmagyarovar\/\" \/>\n<meta property=\"og:site_name\" content=\"Rhinodent Fogorvos Mosonmagyar\u00f3v\u00e1r\" \/>\n<meta property=\"article:modified_time\" content=\"2025-01-02T15:14:55+00:00\" \/>\n<meta name=\"twitter:card\" content=\"summary_large_image\" \/>\n<meta name=\"twitter:label1\" content=\"Gesch\u00e4tzte Lesezeit\" \/>\n\t<meta name=\"twitter:data1\" content=\"2\u00a0Minuten\" \/>\n<script type=\"application\/ld+json\" class=\"yoast-schema-graph\">{\"@context\":\"https:\/\/schema.org\",\"@graph\":[{\"@type\":\"WebPage\",\"@id\":\"https:\/\/rhinodent.hu\/fogorvos-mosonmagyarovar\/\",\"url\":\"https:\/\/rhinodent.hu\/fogorvos-mosonmagyarovar\/\",\"name\":\"Fogorvos Mosonmagyar\u00f3v\u00e1r - Rhinodent Fogorvos Mosonmagyar\u00f3v\u00e1r\",\"isPartOf\":{\"@id\":\"https:\/\/rhinodent.hu\/#website\"},\"datePublished\":\"2024-01-04T16:20:50+00:00\",\"dateModified\":\"2025-01-02T15:14:55+00:00\",\"description\":\"Kiv\u00e1l\u00f3 fogorvos Mosonmagyar\u00f3v\u00e1ron, modern rendel\u0151ben, bar\u00e1ts\u00e1gos l\u00e9gk\u00f6rben. Professzion\u00e1lis fog\u00e1szati kezel\u00e9sek az eg\u00e9szs\u00e9ges \u00e9s sz\u00e9p mosoly\u00e9rt. Foglaljon id\u0151pontot!\",\"breadcrumb\":{\"@id\":\"https:\/\/rhinodent.hu\/fogorvos-mosonmagyarovar\/#breadcrumb\"},\"inLanguage\":\"de\",\"potentialAction\":[{\"@type\":\"ReadAction\",\"target\":[\"https:\/\/rhinodent.hu\/fogorvos-mosonmagyarovar\/\"]}]},{\"@type\":\"BreadcrumbList\",\"@id\":\"https:\/\/rhinodent.hu\/fogorvos-mosonmagyarovar\/#breadcrumb\",\"itemListElement\":[{\"@type\":\"ListItem\",\"position\":1,\"name\":\"Kezd\u0151lap\",\"item\":\"https:\/\/rhinodent.hu\/\"},{\"@type\":\"ListItem\",\"position\":2,\"name\":\"Fogorvos Mosonmagyar\u00f3v\u00e1r\"}]},{\"@type\":\"WebSite\",\"@id\":\"https:\/\/rhinodent.hu\/#website\",\"url\":\"https:\/\/rhinodent.hu\/\",\"name\":\"Rhinodent Fogorvos Mosonmagyar\u00f3v\u00e1r\",\"description\":\"Fogorvosi rendel\u0151 Mosonmagyar\u00f3v\u00e1r, Fogszab\u00e1lyoz\u00e1s Mosonmagyar\u00f3v\u00e1r, Fogp\u00f3tl\u00e1s Mosonmagyar\u00f3v\u00e1r\",\"publisher\":{\"@id\":\"https:\/\/rhinodent.hu\/#organization\"},\"potentialAction\":[{\"@type\":\"SearchAction\",\"target\":{\"@type\":\"EntryPoint\",\"urlTemplate\":\"https:\/\/rhinodent.hu\/?s={search_term_string}\"},\"query-input\":{\"@type\":\"PropertyValueSpecification\",\"valueRequired\":true,\"valueName\":\"search_term_string\"}}],\"inLanguage\":\"de\"},{\"@type\":\"Organization\",\"@id\":\"https:\/\/rhinodent.hu\/#organization\",\"name\":\"Rhinodent Fogorvos Mosonmagyar\u00f3v\u00e1r\",\"url\":\"https:\/\/rhinodent.hu\/\",\"logo\":{\"@type\":\"ImageObject\",\"inLanguage\":\"de\",\"@id\":\"https:\/\/rhinodent.hu\/#\/schema\/logo\/image\/\",\"url\":\"https:\/\/rhinodent.hu\/wp-content\/uploads\/2024\/01\/rdlogo512.webp\",\"contentUrl\":\"https:\/\/rhinodent.hu\/wp-content\/uploads\/2024\/01\/rdlogo512.webp\",\"width\":512,\"height\":512,\"caption\":\"Rhinodent Fogorvos Mosonmagyar\u00f3v\u00e1r\"},\"image\":{\"@id\":\"https:\/\/rhinodent.hu\/#\/schema\/logo\/image\/\"}}]}<\/script>\n<!-- \/ Yoast SEO plugin. -->","yoast_head_json":{"title":"Fogorvos Mosonmagyar\u00f3v\u00e1r - Rhinodent Fogorvos Mosonmagyar\u00f3v\u00e1r","description":"Kiv\u00e1l\u00f3 fogorvos Mosonmagyar\u00f3v\u00e1ron, modern rendel\u0151ben, bar\u00e1ts\u00e1gos l\u00e9gk\u00f6rben. Professzion\u00e1lis fog\u00e1szati kezel\u00e9sek az eg\u00e9szs\u00e9ges \u00e9s sz\u00e9p mosoly\u00e9rt. Foglaljon id\u0151pontot!","robots":{"index":"index","follow":"follow","max-snippet":"max-snippet:-1","max-image-preview":"max-image-preview:large","max-video-preview":"max-video-preview:-1"},"canonical":"https:\/\/rhinodent.hu\/de\/fogorvos-mosonmagyarovar\/","og_locale":"de_DE","og_type":"article","og_title":"Fogorvos Mosonmagyar\u00f3v\u00e1r - Rhinodent Fogorvos Mosonmagyar\u00f3v\u00e1r","og_description":"Kiv\u00e1l\u00f3 fogorvos Mosonmagyar\u00f3v\u00e1ron, modern rendel\u0151ben, bar\u00e1ts\u00e1gos l\u00e9gk\u00f6rben. Professzion\u00e1lis fog\u00e1szati kezel\u00e9sek az eg\u00e9szs\u00e9ges \u00e9s sz\u00e9p mosoly\u00e9rt. Foglaljon id\u0151pontot!","og_url":"https:\/\/rhinodent.hu\/de\/fogorvos-mosonmagyarovar\/","og_site_name":"Rhinodent Fogorvos Mosonmagyar\u00f3v\u00e1r","article_modified_time":"2025-01-02T15:14:55+00:00","twitter_card":"summary_large_image","twitter_misc":{"Gesch\u00e4tzte Lesezeit":"2\u00a0Minuten"},"schema":{"@context":"https:\/\/schema.org","@graph":[{"@type":"WebPage","@id":"https:\/\/rhinodent.hu\/fogorvos-mosonmagyarovar\/","url":"https:\/\/rhinodent.hu\/fogorvos-mosonmagyarovar\/","name":"Fogorvos Mosonmagyar\u00f3v\u00e1r - Rhinodent Fogorvos Mosonmagyar\u00f3v\u00e1r","isPartOf":{"@id":"https:\/\/rhinodent.hu\/#website"},"datePublished":"2024-01-04T16:20:50+00:00","dateModified":"2025-01-02T15:14:55+00:00","description":"Kiv\u00e1l\u00f3 fogorvos Mosonmagyar\u00f3v\u00e1ron, modern rendel\u0151ben, bar\u00e1ts\u00e1gos l\u00e9gk\u00f6rben. Professzion\u00e1lis fog\u00e1szati kezel\u00e9sek az eg\u00e9szs\u00e9ges \u00e9s sz\u00e9p mosoly\u00e9rt. Foglaljon id\u0151pontot!","breadcrumb":{"@id":"https:\/\/rhinodent.hu\/fogorvos-mosonmagyarovar\/#breadcrumb"},"inLanguage":"de","potentialAction":[{"@type":"ReadAction","target":["https:\/\/rhinodent.hu\/fogorvos-mosonmagyarovar\/"]}]},{"@type":"BreadcrumbList","@id":"https:\/\/rhinodent.hu\/fogorvos-mosonmagyarovar\/#breadcrumb","itemListElement":[{"@type":"ListItem","position":1,"name":"Kezd\u0151lap","item":"https:\/\/rhinodent.hu\/"},{"@type":"ListItem","position":2,"name":"Fogorvos Mosonmagyar\u00f3v\u00e1r"}]},{"@type":"WebSite","@id":"https:\/\/rhinodent.hu\/#website","url":"https:\/\/rhinodent.hu\/","name":"Rhinodent Fogorvos Mosonmagyar\u00f3v\u00e1r","description":"Fogorvosi rendel\u0151 Mosonmagyar\u00f3v\u00e1r, Fogszab\u00e1lyoz\u00e1s Mosonmagyar\u00f3v\u00e1r, Fogp\u00f3tl\u00e1s Mosonmagyar\u00f3v\u00e1r","publisher":{"@id":"https:\/\/rhinodent.hu\/#organization"},"potentialAction":[{"@type":"SearchAction","target":{"@type":"EntryPoint","urlTemplate":"https:\/\/rhinodent.hu\/?s={search_term_string}"},"query-input":{"@type":"PropertyValueSpecification","valueRequired":true,"valueName":"search_term_string"}}],"inLanguage":"de"},{"@type":"Organization","@id":"https:\/\/rhinodent.hu\/#organization","name":"Rhinodent Fogorvos Mosonmagyar\u00f3v\u00e1r","url":"https:\/\/rhinodent.hu\/","logo":{"@type":"ImageObject","inLanguage":"de","@id":"https:\/\/rhinodent.hu\/#\/schema\/logo\/image\/","url":"https:\/\/rhinodent.hu\/wp-content\/uploads\/2024\/01\/rdlogo512.webp","contentUrl":"https:\/\/rhinodent.hu\/wp-content\/uploads\/2024\/01\/rdlogo512.webp","width":512,"height":512,"caption":"Rhinodent Fogorvos Mosonmagyar\u00f3v\u00e1r"},"image":{"@id":"https:\/\/rhinodent.hu\/#\/schema\/logo\/image\/"}}]}},"_links":{"self":[{"href":"https:\/\/rhinodent.hu\/de\/wp-json\/wp\/v2\/pages\/1888"}],"collection":[{"href":"https:\/\/rhinodent.hu\/de\/wp-json\/wp\/v2\/pages"}],"about":[{"href":"https:\/\/rhinodent.hu\/de\/wp-json\/wp\/v2\/types\/page"}],"author":[{"embeddable":true,"href":"https:\/\/rhinodent.hu\/de\/wp-json\/wp\/v2\/users\/1"}],"replies":[{"embeddable":true,"href":"https:\/\/rhinodent.hu\/de\/wp-json\/wp\/v2\/comments?post=1888"}],"version-history":[{"count":4,"href":"https:\/\/rhinodent.hu\/de\/wp-json\/wp\/v2\/pages\/1888\/revisions"}],"predecessor-version":[{"id":2232,"href":"https:\/\/rhinodent.hu\/de\/wp-json\/wp\/v2\/pages\/1888\/revisions\/2232"}],"wp:attachment":[{"href":"https:\/\/rhinodent.hu\/de\/wp-json\/wp\/v2\/media?parent=1888"}],"curies":[{"name":"wp","href":"https:\/\/api.w.org\/{rel}","templated":true}]}}