{"id":1891,"date":"2024-01-04T17:20:50","date_gmt":"2024-01-04T16:20:50","guid":{"rendered":"http:\/\/rhinodent.hu\/?page_id=1891"},"modified":"2025-01-02T16:13:41","modified_gmt":"2025-01-02T15:13:41","slug":"fogimplantatumok-keszitese","status":"publish","type":"page","link":"https:\/\/rhinodent.hu\/de\/zahnimplantate\/","title":{"rendered":"Herstellung von Zahnimplantaten"},"content":{"rendered":"<p>[et_pb_section fb_built=&#8221;1&#8243; _builder_version=&#8221;4.23&#8243; _module_preset=&#8221;default&#8221; global_colors_info=&#8221;{}&#8221;][et_pb_row column_structure=&#8221;1_2,1_2&#8243; _builder_version=&#8221;4.23&#8243; _module_preset=&#8221;default&#8221; width=&#8221;90%&#8221; global_colors_info=&#8221;{}&#8221;][et_pb_column type=&#8221;1_2&#8243; _builder_version=&#8221;4.23&#8243; _module_preset=&#8221;default&#8221; global_colors_info=&#8221;{}&#8221;][et_pb_image src=&#8221;http:\/\/rhinodent.hu\/wp-content\/uploads\/2024\/02\/fogimp.webp&#8221; _builder_version=&#8221;4.23&#8243; _module_preset=&#8221;default&#8221; border_radii=&#8221;off|100px||100px|&#8221; border_width_all=&#8221;2px&#8221; border_color_all=&#8221;#85A1B0&#8243; global_colors_info=&#8221;{}&#8221;][\/et_pb_image][\/et_pb_column][et_pb_column type=&#8221;1_2&#8243; _builder_version=&#8221;4.23&#8243; _module_preset=&#8221;default&#8221; global_colors_info=&#8221;{}&#8221;][et_pb_text _builder_version=&#8221;4.23&#8243; _module_preset=&#8221;default&#8221; header_font=&#8221;ABeeZee|||on|||||&#8221; header_text_align=&#8221;left&#8221; header_text_color=&#8221;#4389AD&#8221; header_font_size=&#8221;40px&#8221; header_letter_spacing=&#8221;2px&#8221; custom_margin=&#8221;||0px||false|false&#8221; header_text_align_tablet=&#8221;left&#8221; header_text_align_phone=&#8221;left&#8221; header_text_align_last_edited=&#8221;on|desktop&#8221; header_font_size_tablet=&#8221;40px&#8221; header_font_size_phone=&#8221;20px&#8221; header_font_size_last_edited=&#8221;on|desktop&#8221; header_letter_spacing_tablet=&#8221;2px&#8221; header_letter_spacing_phone=&#8221;2px&#8221; header_letter_spacing_last_edited=&#8221;on|desktop&#8221; global_colors_info=&#8221;{}&#8221;]<\/p>\n<h1>Herstellung von Zahnimplantaten<\/h1>\n<p>[\/et_pb_text][et_pb_divider color=&#8221;#85A1B0&#8243; divider_style=&#8221;dotted&#8221; divider_weight=&#8221;10px&#8221; divider_weight_tablet=&#8221;10px&#8221; divider_weight_phone=&#8221;10px&#8221; divider_weight_last_edited=&#8221;on|desktop&#8221; _builder_version=&#8221;4.23&#8243; _module_preset=&#8221;default&#8221; width=&#8221;13%&#8221; global_colors_info=&#8221;{}&#8221;][\/et_pb_divider][et_pb_text _builder_version=&#8221;4.23&#8243; _module_preset=&#8221;default&#8221; text_font_size=&#8221;16px&#8221; text_line_height=&#8221;1.3em&#8221; header_2_font=&#8221;Abyssinica SIL||||||||&#8221; header_2_text_color=&#8221;#85A1B0&#8243; header_2_font_size=&#8221;24px&#8221; text_orientation=&#8221;justified&#8221; text_font_size_tablet=&#8221;16px&#8221; text_font_size_phone=&#8221;14px&#8221; text_font_size_last_edited=&#8221;on|desktop&#8221; text_line_height_tablet=&#8221;1.3em&#8221; text_line_height_phone=&#8221;1.3em&#8221; text_line_height_last_edited=&#8221;on|desktop&#8221; header_2_font_size_tablet=&#8221;24px&#8221; header_2_font_size_phone=&#8221;24px&#8221; header_2_font_size_last_edited=&#8221;on|desktop&#8221; text_orientation_tablet=&#8221;justified&#8221; text_orientation_phone=&#8221;justified&#8221; text_orientation_last_edited=&#8221;on|desktop&#8221; global_colors_info=&#8221;{}&#8221;]<\/p>\n<p><span>Mit Zahnimplantaten, die das L\u00e4cheln wiederherstellen und das Selbstvertrauen st\u00e4rken sollen, m\u00f6chten wir unseren Patienten schnelle und erschwingliche Optionen bieten. Besuchen Sie unsere Website und erfahren Sie, wie Sie Ihr L\u00e4cheln mit unseren langlebigen und \u00e4sthetischen Zahnimplantaten ver\u00e4ndern k\u00f6nnen.<\/span><\/p>\n<h2><span>Herstellung von Zahnimplantaten:<\/span><\/h2>\n<p><span>Die Herstellung von Zahnimplantaten ist ein komplexes, aber effizientes Verfahren, das von erfahrenen <\/span>unser Kieferchirurg <span>durchgef\u00fchrt werden. Bei diesem Verfahren wird anstelle des verlorenen Zahns ein Implantat eingesetzt, das die Grundlage f\u00fcr einen dauerhaften und nat\u00fcrlich aussehenden Zahnersatz bildet. Das Implantat ist eine Schraube aus Titan, die unter das Zahnfleisch gesetzt wird und sich mit der Zeit in den Knochen einf\u00fcgt.<\/span><\/p>\n<p><span>Auf die Implantate wird ein Zahnersatz wie eine Krone, Br\u00fccke oder Prothese gesetzt. Der Zahnarzt arbeitet eng mit dem Patienten zusammen, um sicherzustellen, dass der Zahnersatz seinen \u00e4sthetischen und funktionellen Bed\u00fcrfnissen entspricht. Nach dem Eingriff k\u00f6nnen die Patienten eine sofortige Verbesserung ihres L\u00e4chelns und ihrer Essf\u00e4higkeit feststellen.<\/span><\/p>\n<p>[\/et_pb_text][\/et_pb_column][\/et_pb_row][et_pb_row _builder_version=&#8221;4.23&#8243; _module_preset=&#8221;default&#8221; width=&#8221;90%&#8221; global_colors_info=&#8221;{}&#8221;][et_pb_column type=&#8221;4_4&#8243; _builder_version=&#8221;4.23&#8243; _module_preset=&#8221;default&#8221; global_colors_info=&#8221;{}&#8221;][et_pb_text _builder_version=&#8221;4.23&#8243; _module_preset=&#8221;default&#8221; text_font_size=&#8221;16px&#8221; text_line_height=&#8221;1.3em&#8221; header_font=&#8221;Abyssinica SIL||||||||&#8221; header_text_align=&#8221;left&#8221; header_text_color=&#8221;#85A1B0&#8243; header_3_font=&#8221;ABeeZee||||||||&#8221; header_3_text_align=&#8221;left&#8221; header_3_text_color=&#8221;#85A1B0&#8243; header_4_font=&#8221;ABeeZee||||||||&#8221; header_4_text_align=&#8221;left&#8221; header_4_text_color=&#8221;#4389AD&#8221; text_orientation=&#8221;justified&#8221; text_font_size_tablet=&#8221;16px&#8221; text_font_size_phone=&#8221;14px&#8221; text_font_size_last_edited=&#8221;on|desktop&#8221; text_line_height_tablet=&#8221;1.3em&#8221; text_line_height_phone=&#8221;1.3em&#8221; text_line_height_last_edited=&#8221;on|desktop&#8221; header_text_align_tablet=&#8221;left&#8221; header_text_align_phone=&#8221;left&#8221; header_text_align_last_edited=&#8221;on|desktop&#8221; header_font_size_tablet=&#8221;&#8221; header_font_size_phone=&#8221;17px&#8221; header_font_size_last_edited=&#8221;on|phone&#8221; header_3_font_size_tablet=&#8221;&#8221; header_3_font_size_phone=&#8221;18px&#8221; header_3_font_size_last_edited=&#8221;on|phone&#8221; header_3_line_height_tablet=&#8221;&#8221; header_3_line_height_phone=&#8221;1.3em&#8221; header_3_line_height_last_edited=&#8221;on|phone&#8221; header_4_font_size_tablet=&#8221;&#8221; header_4_font_size_phone=&#8221;16px&#8221; header_4_font_size_last_edited=&#8221;on|phone&#8221; header_4_line_height_tablet=&#8221;&#8221; header_4_line_height_phone=&#8221;1.3em&#8221; header_4_line_height_last_edited=&#8221;on|phone&#8221; text_orientation_tablet=&#8221;justified&#8221; text_orientation_phone=&#8221;justified&#8221; text_orientation_last_edited=&#8221;on|desktop&#8221; global_colors_info=&#8221;{}&#8221;]<\/p>\n<h3><span>Preise und Geschwindigkeit von Zahnimplantaten:<\/span><\/h3>\n<p><span>Preis und Schnelligkeit sind bei Zahnimplantaten immer die wichtigsten Faktoren. Unser Unternehmen <\/span><span>ist bestrebt, erschwingliche Preise anzubieten und gemeinsam mit den Patienten eine Behandlung zu planen, die ihren finanziellen M\u00f6glichkeiten entspricht. Es ist wichtig, dass Zahnimplantate aus hochwertigen Materialien hergestellt werden und dass das Verfahren von hoher Qualit\u00e4t ist.<\/span><\/p>\n<p><span>Wir haben uns auch der Schnelligkeit verschrieben. Wir verwenden die neueste Technologie und effiziente Verfahren, um Implantate zu setzen und Restaurationen anzufertigen. Zeit ist immer von entscheidender Bedeutung, und wir tun alles, was wir k\u00f6nnen, um sicherzustellen, dass unsere Patienten ihr neues und dauerhaftes L\u00e4cheln so bald wie m\u00f6glich genie\u00dfen k\u00f6nnen.<\/span><\/p>\n<h3><span>Kurs-Gewinn-Verh\u00e4ltnis und Aufmerksamkeit:<\/span><\/h3>\n<p><span>Ein gutes Preis-Leistungs-Verh\u00e4ltnis hat in unserer Praxis Priorit\u00e4t. Unsere Preise spiegeln die hohe Qualit\u00e4t der Materialien und der fachm\u00e4nnischen Ausf\u00fchrung wider. Wir stellen sicher, dass der Preis, den unsere Patienten zahlen, immer im Einklang mit der hohen Qualit\u00e4t der angebotenen Behandlung steht. Unsere Leistungen werden stets mit Sorgfalt und Einf\u00fchlungsverm\u00f6gen erbracht, da wir uns der manchmal sensiblen Natur von Zahnbehandlungen bewusst sind<\/span>.<\/p>\n<p>&nbsp;<\/p>\n<h1>Zahnimplantate zu einem g\u00fcnstigen Preis in Moson-Magyrovar<\/h1>\n<p>[\/et_pb_text][\/et_pb_column][\/et_pb_row][\/et_pb_section]<\/p>","protected":false},"excerpt":{"rendered":"<p>Fogimplant\u00e1tumok k\u00e9sz\u00edt\u00e9seA mosoly vissza\u00e1ll\u00edt\u00e1sa \u00e9s az \u00f6nbizalom n\u00f6vel\u00e9se \u00e9rdek\u00e9ben k\u00e9sz\u00edtett fogimplant\u00e1tumokon kereszt\u00fcl c\u00e9lunk, hogy p\u00e1cienseink sz\u00e1m\u00e1ra gyors \u00e9s megfizethet\u0151 lehet\u0151s\u00e9geket biztos\u00edtsunk. L\u00e1togasson el honlapunkra, \u00e9s ismerje meg, hogyan v\u00e1ltoztathatja meg mosoly\u00e1t tart\u00f3s \u00e9s eszt\u00e9tikus fogimplant\u00e1tumainkkal. Fogimplant\u00e1tumok K\u00e9sz\u00edt\u00e9se: A fogimplant\u00e1tumok k\u00e9sz\u00edt\u00e9se egy \u00f6sszetett, de hat\u00e9kony folyamat, amelyet tapasztalt sz\u00e1jseb\u00e9sz\u00fcnk v\u00e9gzik. Az elj\u00e1r\u00e1s sor\u00e1n egy implant\u00e1tumot helyez\u00fcnk [&hellip;]<\/p>","protected":false},"author":1,"featured_media":0,"parent":0,"menu_order":0,"comment_status":"closed","ping_status":"closed","template":"","meta":{"_et_pb_use_builder":"on","_et_pb_old_content":"","_et_gb_content_width":"","footnotes":""},"yoast_head":"<!-- This site is optimized with the Yoast SEO plugin v24.1 - https:\/\/yoast.com\/wordpress\/plugins\/seo\/ -->\n<title>Fogimplant\u00e1tumok k\u00e9sz\u00edt\u00e9se - Rhinodent Fogorvos Mosonmagyar\u00f3v\u00e1r<\/title>\n<meta name=\"description\" content=\"Professzion\u00e1lis fogimplant\u00e1tumok k\u00e9sz\u00edt\u00e9se a tart\u00f3s \u00e9s eszt\u00e9tikus mosoly\u00e9rt. Modern technol\u00f3gia, prec\u00edz kivitelez\u00e9s \u00e9s f\u00e1jdalommentes kezel\u00e9s. Foglaljon id\u0151pontot most!\" \/>\n<meta name=\"robots\" content=\"index, follow, max-snippet:-1, max-image-preview:large, max-video-preview:-1\" \/>\n<link rel=\"canonical\" href=\"https:\/\/rhinodent.hu\/de\/zahnimplantate\/\" \/>\n<meta property=\"og:locale\" content=\"de_DE\" \/>\n<meta property=\"og:type\" content=\"article\" \/>\n<meta property=\"og:title\" content=\"Fogimplant\u00e1tumok k\u00e9sz\u00edt\u00e9se - Rhinodent Fogorvos Mosonmagyar\u00f3v\u00e1r\" \/>\n<meta property=\"og:description\" content=\"Professzion\u00e1lis fogimplant\u00e1tumok k\u00e9sz\u00edt\u00e9se a tart\u00f3s \u00e9s eszt\u00e9tikus mosoly\u00e9rt. Modern technol\u00f3gia, prec\u00edz kivitelez\u00e9s \u00e9s f\u00e1jdalommentes kezel\u00e9s. Foglaljon id\u0151pontot most!\" \/>\n<meta property=\"og:url\" content=\"https:\/\/rhinodent.hu\/de\/zahnimplantate\/\" \/>\n<meta property=\"og:site_name\" content=\"Rhinodent Fogorvos Mosonmagyar\u00f3v\u00e1r\" \/>\n<meta property=\"article:modified_time\" content=\"2025-01-02T15:13:41+00:00\" \/>\n<meta name=\"twitter:card\" content=\"summary_large_image\" \/>\n<meta name=\"twitter:label1\" content=\"Gesch\u00e4tzte Lesezeit\" \/>\n\t<meta name=\"twitter:data1\" content=\"2\u00a0Minuten\" \/>\n<script type=\"application\/ld+json\" class=\"yoast-schema-graph\">{\"@context\":\"https:\/\/schema.org\",\"@graph\":[{\"@type\":\"WebPage\",\"@id\":\"https:\/\/rhinodent.hu\/fogimplantatumok-keszitese\/\",\"url\":\"https:\/\/rhinodent.hu\/fogimplantatumok-keszitese\/\",\"name\":\"Fogimplant\u00e1tumok k\u00e9sz\u00edt\u00e9se - Rhinodent Fogorvos Mosonmagyar\u00f3v\u00e1r\",\"isPartOf\":{\"@id\":\"https:\/\/rhinodent.hu\/#website\"},\"datePublished\":\"2024-01-04T16:20:50+00:00\",\"dateModified\":\"2025-01-02T15:13:41+00:00\",\"description\":\"Professzion\u00e1lis fogimplant\u00e1tumok k\u00e9sz\u00edt\u00e9se a tart\u00f3s \u00e9s eszt\u00e9tikus mosoly\u00e9rt. Modern technol\u00f3gia, prec\u00edz kivitelez\u00e9s \u00e9s f\u00e1jdalommentes kezel\u00e9s. Foglaljon id\u0151pontot most!\",\"breadcrumb\":{\"@id\":\"https:\/\/rhinodent.hu\/fogimplantatumok-keszitese\/#breadcrumb\"},\"inLanguage\":\"de\",\"potentialAction\":[{\"@type\":\"ReadAction\",\"target\":[\"https:\/\/rhinodent.hu\/fogimplantatumok-keszitese\/\"]}]},{\"@type\":\"BreadcrumbList\",\"@id\":\"https:\/\/rhinodent.hu\/fogimplantatumok-keszitese\/#breadcrumb\",\"itemListElement\":[{\"@type\":\"ListItem\",\"position\":1,\"name\":\"Kezd\u0151lap\",\"item\":\"https:\/\/rhinodent.hu\/\"},{\"@type\":\"ListItem\",\"position\":2,\"name\":\"Fogimplant\u00e1tumok k\u00e9sz\u00edt\u00e9se\"}]},{\"@type\":\"WebSite\",\"@id\":\"https:\/\/rhinodent.hu\/#website\",\"url\":\"https:\/\/rhinodent.hu\/\",\"name\":\"Rhinodent Fogorvos Mosonmagyar\u00f3v\u00e1r\",\"description\":\"Fogorvosi rendel\u0151 Mosonmagyar\u00f3v\u00e1r, Fogszab\u00e1lyoz\u00e1s Mosonmagyar\u00f3v\u00e1r, Fogp\u00f3tl\u00e1s Mosonmagyar\u00f3v\u00e1r\",\"publisher\":{\"@id\":\"https:\/\/rhinodent.hu\/#organization\"},\"potentialAction\":[{\"@type\":\"SearchAction\",\"target\":{\"@type\":\"EntryPoint\",\"urlTemplate\":\"https:\/\/rhinodent.hu\/?s={search_term_string}\"},\"query-input\":{\"@type\":\"PropertyValueSpecification\",\"valueRequired\":true,\"valueName\":\"search_term_string\"}}],\"inLanguage\":\"de\"},{\"@type\":\"Organization\",\"@id\":\"https:\/\/rhinodent.hu\/#organization\",\"name\":\"Rhinodent Fogorvos Mosonmagyar\u00f3v\u00e1r\",\"url\":\"https:\/\/rhinodent.hu\/\",\"logo\":{\"@type\":\"ImageObject\",\"inLanguage\":\"de\",\"@id\":\"https:\/\/rhinodent.hu\/#\/schema\/logo\/image\/\",\"url\":\"https:\/\/rhinodent.hu\/wp-content\/uploads\/2024\/01\/rdlogo512.webp\",\"contentUrl\":\"https:\/\/rhinodent.hu\/wp-content\/uploads\/2024\/01\/rdlogo512.webp\",\"width\":512,\"height\":512,\"caption\":\"Rhinodent Fogorvos Mosonmagyar\u00f3v\u00e1r\"},\"image\":{\"@id\":\"https:\/\/rhinodent.hu\/#\/schema\/logo\/image\/\"}}]}<\/script>\n<!-- \/ Yoast SEO plugin. -->","yoast_head_json":{"title":"Fogimplant\u00e1tumok k\u00e9sz\u00edt\u00e9se - Rhinodent Fogorvos Mosonmagyar\u00f3v\u00e1r","description":"Professzion\u00e1lis fogimplant\u00e1tumok k\u00e9sz\u00edt\u00e9se a tart\u00f3s \u00e9s eszt\u00e9tikus mosoly\u00e9rt. Modern technol\u00f3gia, prec\u00edz kivitelez\u00e9s \u00e9s f\u00e1jdalommentes kezel\u00e9s. Foglaljon id\u0151pontot most!","robots":{"index":"index","follow":"follow","max-snippet":"max-snippet:-1","max-image-preview":"max-image-preview:large","max-video-preview":"max-video-preview:-1"},"canonical":"https:\/\/rhinodent.hu\/de\/zahnimplantate\/","og_locale":"de_DE","og_type":"article","og_title":"Fogimplant\u00e1tumok k\u00e9sz\u00edt\u00e9se - Rhinodent Fogorvos Mosonmagyar\u00f3v\u00e1r","og_description":"Professzion\u00e1lis fogimplant\u00e1tumok k\u00e9sz\u00edt\u00e9se a tart\u00f3s \u00e9s eszt\u00e9tikus mosoly\u00e9rt. Modern technol\u00f3gia, prec\u00edz kivitelez\u00e9s \u00e9s f\u00e1jdalommentes kezel\u00e9s. Foglaljon id\u0151pontot most!","og_url":"https:\/\/rhinodent.hu\/de\/zahnimplantate\/","og_site_name":"Rhinodent Fogorvos Mosonmagyar\u00f3v\u00e1r","article_modified_time":"2025-01-02T15:13:41+00:00","twitter_card":"summary_large_image","twitter_misc":{"Gesch\u00e4tzte Lesezeit":"2\u00a0Minuten"},"schema":{"@context":"https:\/\/schema.org","@graph":[{"@type":"WebPage","@id":"https:\/\/rhinodent.hu\/fogimplantatumok-keszitese\/","url":"https:\/\/rhinodent.hu\/fogimplantatumok-keszitese\/","name":"Fogimplant\u00e1tumok k\u00e9sz\u00edt\u00e9se - Rhinodent Fogorvos Mosonmagyar\u00f3v\u00e1r","isPartOf":{"@id":"https:\/\/rhinodent.hu\/#website"},"datePublished":"2024-01-04T16:20:50+00:00","dateModified":"2025-01-02T15:13:41+00:00","description":"Professzion\u00e1lis fogimplant\u00e1tumok k\u00e9sz\u00edt\u00e9se a tart\u00f3s \u00e9s eszt\u00e9tikus mosoly\u00e9rt. Modern technol\u00f3gia, prec\u00edz kivitelez\u00e9s \u00e9s f\u00e1jdalommentes kezel\u00e9s. Foglaljon id\u0151pontot most!","breadcrumb":{"@id":"https:\/\/rhinodent.hu\/fogimplantatumok-keszitese\/#breadcrumb"},"inLanguage":"de","potentialAction":[{"@type":"ReadAction","target":["https:\/\/rhinodent.hu\/fogimplantatumok-keszitese\/"]}]},{"@type":"BreadcrumbList","@id":"https:\/\/rhinodent.hu\/fogimplantatumok-keszitese\/#breadcrumb","itemListElement":[{"@type":"ListItem","position":1,"name":"Kezd\u0151lap","item":"https:\/\/rhinodent.hu\/"},{"@type":"ListItem","position":2,"name":"Fogimplant\u00e1tumok k\u00e9sz\u00edt\u00e9se"}]},{"@type":"WebSite","@id":"https:\/\/rhinodent.hu\/#website","url":"https:\/\/rhinodent.hu\/","name":"Rhinodent Fogorvos Mosonmagyar\u00f3v\u00e1r","description":"Fogorvosi rendel\u0151 Mosonmagyar\u00f3v\u00e1r, Fogszab\u00e1lyoz\u00e1s Mosonmagyar\u00f3v\u00e1r, Fogp\u00f3tl\u00e1s Mosonmagyar\u00f3v\u00e1r","publisher":{"@id":"https:\/\/rhinodent.hu\/#organization"},"potentialAction":[{"@type":"SearchAction","target":{"@type":"EntryPoint","urlTemplate":"https:\/\/rhinodent.hu\/?s={search_term_string}"},"query-input":{"@type":"PropertyValueSpecification","valueRequired":true,"valueName":"search_term_string"}}],"inLanguage":"de"},{"@type":"Organization","@id":"https:\/\/rhinodent.hu\/#organization","name":"Rhinodent Fogorvos Mosonmagyar\u00f3v\u00e1r","url":"https:\/\/rhinodent.hu\/","logo":{"@type":"ImageObject","inLanguage":"de","@id":"https:\/\/rhinodent.hu\/#\/schema\/logo\/image\/","url":"https:\/\/rhinodent.hu\/wp-content\/uploads\/2024\/01\/rdlogo512.webp","contentUrl":"https:\/\/rhinodent.hu\/wp-content\/uploads\/2024\/01\/rdlogo512.webp","width":512,"height":512,"caption":"Rhinodent Fogorvos Mosonmagyar\u00f3v\u00e1r"},"image":{"@id":"https:\/\/rhinodent.hu\/#\/schema\/logo\/image\/"}}]}},"_links":{"self":[{"href":"https:\/\/rhinodent.hu\/de\/wp-json\/wp\/v2\/pages\/1891"}],"collection":[{"href":"https:\/\/rhinodent.hu\/de\/wp-json\/wp\/v2\/pages"}],"about":[{"href":"https:\/\/rhinodent.hu\/de\/wp-json\/wp\/v2\/types\/page"}],"author":[{"embeddable":true,"href":"https:\/\/rhinodent.hu\/de\/wp-json\/wp\/v2\/users\/1"}],"replies":[{"embeddable":true,"href":"https:\/\/rhinodent.hu\/de\/wp-json\/wp\/v2\/comments?post=1891"}],"version-history":[{"count":6,"href":"https:\/\/rhinodent.hu\/de\/wp-json\/wp\/v2\/pages\/1891\/revisions"}],"predecessor-version":[{"id":2230,"href":"https:\/\/rhinodent.hu\/de\/wp-json\/wp\/v2\/pages\/1891\/revisions\/2230"}],"wp:attachment":[{"href":"https:\/\/rhinodent.hu\/de\/wp-json\/wp\/v2\/media?parent=1891"}],"curies":[{"name":"wp","href":"https:\/\/api.w.org\/{rel}","templated":true}]}}