{"id":1892,"date":"2024-01-04T17:20:50","date_gmt":"2024-01-04T16:20:50","guid":{"rendered":"http:\/\/rhinodent.hu\/?page_id=1892"},"modified":"2025-01-02T16:15:11","modified_gmt":"2025-01-02T15:15:11","slug":"fogpotlas-mosonmagyarovar","status":"publish","type":"page","link":"https:\/\/rhinodent.hu\/de\/fogpotlas-mosonmagyarovar\/","title":{"rendered":"Zahnprothese Mosonmagyar\u00f3v\u00e1r"},"content":{"rendered":"<p>[et_pb_section fb_built=&#8221;1&#8243; _builder_version=&#8221;4.23&#8243; _module_preset=&#8221;default&#8221; global_colors_info=&#8221;{}&#8221;][et_pb_row column_structure=&#8221;1_2,1_2&#8243; _builder_version=&#8221;4.23&#8243; _module_preset=&#8221;default&#8221; width=&#8221;90%&#8221; global_colors_info=&#8221;{}&#8221;][et_pb_column type=&#8221;1_2&#8243; _builder_version=&#8221;4.23&#8243; _module_preset=&#8221;default&#8221; global_colors_info=&#8221;{}&#8221;][et_pb_image src=&#8221;http:\/\/rhinodent.hu\/wp-content\/uploads\/2024\/02\/2.webp&#8221; _builder_version=&#8221;4.23&#8243; _module_preset=&#8221;default&#8221; border_radii=&#8221;off|100px||100px|&#8221; border_width_all=&#8221;2px&#8221; border_color_all=&#8221;#85A1B0&#8243; global_colors_info=&#8221;{}&#8221;][\/et_pb_image][\/et_pb_column][et_pb_column type=&#8221;1_2&#8243; _builder_version=&#8221;4.23&#8243; _module_preset=&#8221;default&#8221; global_colors_info=&#8221;{}&#8221;][et_pb_text _builder_version=&#8221;4.23&#8243; _module_preset=&#8221;default&#8221; header_font=&#8221;ABeeZee|||on|||||&#8221; header_text_align=&#8221;left&#8221; header_text_color=&#8221;#4389AD&#8221; header_font_size=&#8221;40px&#8221; header_letter_spacing=&#8221;2px&#8221; custom_margin=&#8221;||0px||false|false&#8221; header_text_align_tablet=&#8221;left&#8221; header_text_align_phone=&#8221;left&#8221; header_text_align_last_edited=&#8221;on|desktop&#8221; header_font_size_tablet=&#8221;40px&#8221; header_font_size_phone=&#8221;20px&#8221; header_font_size_last_edited=&#8221;on|desktop&#8221; header_letter_spacing_tablet=&#8221;2px&#8221; header_letter_spacing_phone=&#8221;2px&#8221; header_letter_spacing_last_edited=&#8221;on|desktop&#8221; global_colors_info=&#8221;{}&#8221;]<\/p>\n<h1>Fogp\u00f3tl\u00e1s Mosonmagyar\u00f3v\u00e1ron<\/h1>\n<p>[\/et_pb_text][et_pb_divider color=&#8221;#85A1B0&#8243; divider_style=&#8221;dotted&#8221; divider_weight=&#8221;10px&#8221; divider_weight_tablet=&#8221;10px&#8221; divider_weight_phone=&#8221;10px&#8221; divider_weight_last_edited=&#8221;on|desktop&#8221; _builder_version=&#8221;4.23&#8243; _module_preset=&#8221;default&#8221; width=&#8221;13%&#8221; global_colors_info=&#8221;{}&#8221;][\/et_pb_divider][et_pb_text _builder_version=&#8221;4.23&#8243; _module_preset=&#8221;default&#8221; text_font_size=&#8221;16px&#8221; text_line_height=&#8221;1.3em&#8221; header_3_font=&#8221;Abyssinica SIL||||||||&#8221; header_3_text_color=&#8221;#85A1B0&#8243; text_orientation=&#8221;justified&#8221; text_font_size_tablet=&#8221;16px&#8221; text_font_size_phone=&#8221;14px&#8221; text_font_size_last_edited=&#8221;on|desktop&#8221; text_line_height_tablet=&#8221;1.3em&#8221; text_line_height_phone=&#8221;1.3em&#8221; text_line_height_last_edited=&#8221;on|desktop&#8221; text_orientation_tablet=&#8221;justified&#8221; text_orientation_phone=&#8221;justified&#8221; text_orientation_last_edited=&#8221;on|desktop&#8221; global_colors_info=&#8221;{}&#8221;]<\/p>\n<p>\u00dcdv\u00f6z\u00f6lj\u00fck oldalunkon , ahol az elsz\u00ednez\u0151d\u00f6tt, hi\u00e1nyz\u00f3 vagy s\u00e9r\u00fclt fogak helyre\u00e1ll\u00edt\u00e1s\u00e1t\u00f3l kezdve a mosoly vissza\u00e1ll\u00edt\u00e1s\u00e1ig sz\u00e9lesk\u00f6r\u0171 fog\u00e1szati megold\u00e1sokat k\u00edn\u00e1lunk. Mosonmagyar\u00f3v\u00e1r k\u00f6z\u00f6ss\u00e9g\u00e9nek sz\u00e1m\u00e1ra szolg\u00e1lva t\u00f6reksz\u00fcnk arra, hogy kiv\u00e1l\u00f3 min\u0151s\u00e9g\u0171 fogp\u00f3tl\u00e1si megold\u00e1sokat ny\u00fajtsunk, mind \u00e1rban, mind gyorsas\u00e1gban. L\u00e1togasson el honlapunkra, \u00e9s ismerje meg, hogyan v\u00e1ltoztathatja meg mosoly\u00e1t eszt\u00e9tikus \u00e9s funkcion\u00e1lis fogp\u00f3tl\u00e1sainkkal.<\/p>\n<p>[\/et_pb_text][\/et_pb_column][\/et_pb_row][et_pb_row _builder_version=&#8221;4.23&#8243; _module_preset=&#8221;default&#8221; width=&#8221;90%&#8221; global_colors_info=&#8221;{}&#8221;][et_pb_column type=&#8221;4_4&#8243; _builder_version=&#8221;4.23&#8243; _module_preset=&#8221;default&#8221; global_colors_info=&#8221;{}&#8221;][et_pb_text _builder_version=&#8221;4.23&#8243; _module_preset=&#8221;default&#8221; text_font_size=&#8221;16px&#8221; text_line_height=&#8221;1.3em&#8221; header_font=&#8221;Abyssinica SIL||||||||&#8221; header_text_align=&#8221;left&#8221; header_text_color=&#8221;#85A1B0&#8243; header_3_font=&#8221;ABeeZee||||||||&#8221; header_3_text_align=&#8221;left&#8221; header_3_text_color=&#8221;#85A1B0&#8243; header_4_font=&#8221;ABeeZee||||||||&#8221; header_4_text_align=&#8221;left&#8221; header_4_text_color=&#8221;#4389AD&#8221; text_orientation=&#8221;justified&#8221; text_font_size_tablet=&#8221;16px&#8221; text_font_size_phone=&#8221;14px&#8221; text_font_size_last_edited=&#8221;on|desktop&#8221; text_line_height_tablet=&#8221;1.3em&#8221; text_line_height_phone=&#8221;1.3em&#8221; text_line_height_last_edited=&#8221;on|desktop&#8221; header_text_align_tablet=&#8221;left&#8221; header_text_align_phone=&#8221;left&#8221; header_text_align_last_edited=&#8221;on|desktop&#8221; header_font_size_tablet=&#8221;&#8221; header_font_size_phone=&#8221;17px&#8221; header_font_size_last_edited=&#8221;on|phone&#8221; header_3_font_size_tablet=&#8221;&#8221; header_3_font_size_phone=&#8221;18px&#8221; header_3_font_size_last_edited=&#8221;on|phone&#8221; header_3_line_height_tablet=&#8221;&#8221; header_3_line_height_phone=&#8221;1.3em&#8221; header_3_line_height_last_edited=&#8221;on|phone&#8221; header_4_font_size_tablet=&#8221;&#8221; header_4_font_size_phone=&#8221;16px&#8221; header_4_font_size_last_edited=&#8221;on|phone&#8221; header_4_line_height_tablet=&#8221;&#8221; header_4_line_height_phone=&#8221;1.3em&#8221; header_4_line_height_last_edited=&#8221;on|phone&#8221; text_orientation_tablet=&#8221;justified&#8221; text_orientation_phone=&#8221;justified&#8221; text_orientation_last_edited=&#8221;on|desktop&#8221; global_colors_info=&#8221;{}&#8221;]<\/p>\n<h3>Mi a fogp\u00f3tl\u00e1s menete:<\/h3>\n<p>A fogp\u00f3tl\u00e1s k\u00e9sz\u00edt\u00e9se sor\u00e1n kiemelten fontos a p\u00e1ciens egyedi ig\u00e9nyeinek \u00e9s fog\u00e1szati probl\u00e9m\u00e1inak figyelembev\u00e9tele. Az elj\u00e1r\u00e1s kezdet\u00e9n r\u00e9szletes konzult\u00e1ci\u00f3val kezd\u00fcnk, ahol megbesz\u00e9lj\u00fck az elv\u00e1r\u00e1sokat \u00e9s az el\u00e9rni k\u00edv\u00e1nt eredm\u00e9nyeket. A k\u00f6vetkez\u0151 l\u00e9p\u00e9s a sz\u00fcks\u00e9ges vizsg\u00e1latok elv\u00e9gz\u00e9se, majd a fogorvosunk \u00e1ltal kialak\u00edtott szem\u00e9lyre szabott kezel\u00e9si terv alapj\u00e1n folytatjuk.<\/p>\n<p>A fogp\u00f3tl\u00e1sok k\u00e9sz\u00edt\u00e9se sor\u00e1n haszn\u00e1lhatunk k\u00fcl\u00f6nb\u00f6z\u0151 anyagokat, mint p\u00e9ld\u00e1ul porcel\u00e1n,f\u00e9m-porcel\u00e1n vagy cirk\u00f3nium-porcel\u00e1n, att\u00f3l f\u00fcgg\u0151en, hogy milyen eszt\u00e9tikai \u00e9s funkcion\u00e1lis k\u00f6vetelm\u00e9nyeknek kell megfelelni\u00fck. Az elk\u00e9sz\u00edtett p\u00f3tl\u00e1sok a fogsz\u00ednhez \u00e9s form\u00e1hoz t\u00f6k\u00e9letesen illeszkednek, \u00edgy term\u00e9szetes \u00e9s sz\u00e9p mosolyt eredm\u00e9nyeznek.<\/p>\n<h3>Fogp\u00f3tl\u00e1s \u00e1rak \u00e9s Gyorsas\u00e1g:<\/h3>\n<p>Az \u00e1rak \u00e9s a gyorsas\u00e1g mindig fontos t\u00e9nyez\u0151k a fogp\u00f3tl\u00e1sok eset\u00e9ben. Az Rhinodent v\u00e1llalja, hogy \u00e1tl\u00e1that\u00f3 \u00e1raz\u00e1ssal rendelkezik, \u00e9s minden p\u00e1ciens\u00fcnk sz\u00e1m\u00e1ra r\u00e9szletes \u00e1raj\u00e1nlatot k\u00e9sz\u00edt. Az \u00e1rak tekintet\u00e9ben a min\u0151s\u00e9g mindig az els\u0151dleges szempont, \u00e9s az \u00e1raink t\u00fckr\u00f6zik az alkalmazott anyagok \u00e9s technol\u00f3gi\u00e1k magas sz\u00ednvonal\u00e1t.<\/p>\n<p>A gyorsas\u00e1g szempontj\u00e1b\u00f3l elk\u00f6telezettek vagyunk a p\u00e1cienseink id\u0151t\u00e9nyez\u0151inek tiszteletben tart\u00e1s\u00e1ban. Az elk\u00e9sz\u00fclt p\u00f3tl\u00e1sokat a lehet\u0151 legr\u00f6videbb id\u0151 alatt sz\u00e1ll\u00edtjuk le, mik\u00f6zben nem enged\u00fcnk a min\u0151s\u00e9gb\u0151l. A modern technol\u00f3gi\u00e1k \u00e9s a tapasztalt fogorvosaink seg\u00edts\u00e9g\u00e9vel gyorsan \u00e9s hat\u00e9konyan dolgozunk.<\/p>\n<h3><span>Kurs-Gewinn-Verh\u00e4ltnis und Aufmerksamkeit:<\/span><\/h3>\n<p><span>Az \u00e1r-\u00e9rt\u00e9k ar\u00e1ny sz\u00e1munkra kiemelt fontoss\u00e1g\u00fa. Az \u00e1raink mindig t\u00fckr\u00f6zik a kapott \u00e9rt\u00e9ket \u00e9s a p\u00f3tl\u00e1sok magas min\u0151s\u00e9g\u00e9t. Figyelmess\u00e9gben \u00e9s emp\u00e1ti\u00e1ban is gazdag szolg\u00e1ltat\u00e1st ny\u00fajtunk, mivel tudjuk, hogy a fogp\u00f3tl\u00e1sokkal kapcsolatos kezel\u00e9sek \u00e9rz\u00e9kenyek lehetnek. A p\u00e1cienseink mindig sz\u00e1m\u00edthatnak r\u00e1nk, hogy r\u00e9szletes t\u00e1j\u00e9koztat\u00e1st kapjanak a kezel\u00e9sekr\u0151l \u00e9s a lehets\u00e9ges alternat\u00edv\u00e1kr\u00f3l.<\/span><\/p>\n<p>[\/et_pb_text][\/et_pb_column][\/et_pb_row][\/et_pb_section]<\/p>","protected":false},"excerpt":{"rendered":"<p>Fogp\u00f3tl\u00e1s Mosonmagyar\u00f3v\u00e1ron\u00dcdv\u00f6z\u00f6lj\u00fck oldalunkon , ahol az elsz\u00ednez\u0151d\u00f6tt, hi\u00e1nyz\u00f3 vagy s\u00e9r\u00fclt fogak helyre\u00e1ll\u00edt\u00e1s\u00e1t\u00f3l kezdve a mosoly vissza\u00e1ll\u00edt\u00e1s\u00e1ig sz\u00e9lesk\u00f6r\u0171 fog\u00e1szati megold\u00e1sokat k\u00edn\u00e1lunk. Mosonmagyar\u00f3v\u00e1r k\u00f6z\u00f6ss\u00e9g\u00e9nek sz\u00e1m\u00e1ra szolg\u00e1lva t\u00f6reksz\u00fcnk arra, hogy kiv\u00e1l\u00f3 min\u0151s\u00e9g\u0171 fogp\u00f3tl\u00e1si megold\u00e1sokat ny\u00fajtsunk, mind \u00e1rban, mind gyorsas\u00e1gban. L\u00e1togasson el honlapunkra, \u00e9s ismerje meg, hogyan v\u00e1ltoztathatja meg mosoly\u00e1t eszt\u00e9tikus \u00e9s funkcion\u00e1lis fogp\u00f3tl\u00e1sainkkal.Mi a fogp\u00f3tl\u00e1s menete: A fogp\u00f3tl\u00e1s [&hellip;]<\/p>","protected":false},"author":1,"featured_media":0,"parent":0,"menu_order":0,"comment_status":"closed","ping_status":"closed","template":"","meta":{"_et_pb_use_builder":"on","_et_pb_old_content":"","_et_gb_content_width":"","footnotes":""},"yoast_head":"<!-- This site is optimized with the Yoast SEO plugin v24.1 - https:\/\/yoast.com\/wordpress\/plugins\/seo\/ -->\n<title>Fogp\u00f3tl\u00e1s Mosonmagyar\u00f3v\u00e1r - Rhinodent Fogorvos Mosonmagyar\u00f3v\u00e1r<\/title>\n<meta name=\"robots\" content=\"index, follow, max-snippet:-1, max-image-preview:large, max-video-preview:-1\" \/>\n<link rel=\"canonical\" href=\"https:\/\/rhinodent.hu\/de\/fogpotlas-mosonmagyarovar\/\" \/>\n<meta property=\"og:locale\" content=\"de_DE\" \/>\n<meta property=\"og:type\" content=\"article\" \/>\n<meta property=\"og:title\" content=\"Fogp\u00f3tl\u00e1s Mosonmagyar\u00f3v\u00e1r - Rhinodent Fogorvos Mosonmagyar\u00f3v\u00e1r\" \/>\n<meta property=\"og:description\" content=\"Fogp\u00f3tl\u00e1s Mosonmagyar\u00f3v\u00e1ron\u00dcdv\u00f6z\u00f6lj\u00fck oldalunkon , ahol az elsz\u00ednez\u0151d\u00f6tt, hi\u00e1nyz\u00f3 vagy s\u00e9r\u00fclt fogak helyre\u00e1ll\u00edt\u00e1s\u00e1t\u00f3l kezdve a mosoly vissza\u00e1ll\u00edt\u00e1s\u00e1ig sz\u00e9lesk\u00f6r\u0171 fog\u00e1szati megold\u00e1sokat k\u00edn\u00e1lunk. Mosonmagyar\u00f3v\u00e1r k\u00f6z\u00f6ss\u00e9g\u00e9nek sz\u00e1m\u00e1ra szolg\u00e1lva t\u00f6reksz\u00fcnk arra, hogy kiv\u00e1l\u00f3 min\u0151s\u00e9g\u0171 fogp\u00f3tl\u00e1si megold\u00e1sokat ny\u00fajtsunk, mind \u00e1rban, mind gyorsas\u00e1gban. L\u00e1togasson el honlapunkra, \u00e9s ismerje meg, hogyan v\u00e1ltoztathatja meg mosoly\u00e1t eszt\u00e9tikus \u00e9s funkcion\u00e1lis fogp\u00f3tl\u00e1sainkkal.Mi a fogp\u00f3tl\u00e1s menete: A fogp\u00f3tl\u00e1s [&hellip;]\" \/>\n<meta property=\"og:url\" content=\"https:\/\/rhinodent.hu\/de\/fogpotlas-mosonmagyarovar\/\" \/>\n<meta property=\"og:site_name\" content=\"Rhinodent Fogorvos Mosonmagyar\u00f3v\u00e1r\" \/>\n<meta property=\"article:modified_time\" content=\"2025-01-02T15:15:11+00:00\" \/>\n<meta name=\"twitter:card\" content=\"summary_large_image\" \/>\n<meta name=\"twitter:label1\" content=\"Gesch\u00e4tzte Lesezeit\" \/>\n\t<meta name=\"twitter:data1\" content=\"2\u00a0Minuten\" \/>\n<script type=\"application\/ld+json\" class=\"yoast-schema-graph\">{\"@context\":\"https:\/\/schema.org\",\"@graph\":[{\"@type\":\"WebPage\",\"@id\":\"https:\/\/rhinodent.hu\/fogpotlas-mosonmagyarovar\/\",\"url\":\"https:\/\/rhinodent.hu\/fogpotlas-mosonmagyarovar\/\",\"name\":\"Fogp\u00f3tl\u00e1s Mosonmagyar\u00f3v\u00e1r - Rhinodent Fogorvos Mosonmagyar\u00f3v\u00e1r\",\"isPartOf\":{\"@id\":\"https:\/\/rhinodent.hu\/#website\"},\"datePublished\":\"2024-01-04T16:20:50+00:00\",\"dateModified\":\"2025-01-02T15:15:11+00:00\",\"breadcrumb\":{\"@id\":\"https:\/\/rhinodent.hu\/fogpotlas-mosonmagyarovar\/#breadcrumb\"},\"inLanguage\":\"de\",\"potentialAction\":[{\"@type\":\"ReadAction\",\"target\":[\"https:\/\/rhinodent.hu\/fogpotlas-mosonmagyarovar\/\"]}]},{\"@type\":\"BreadcrumbList\",\"@id\":\"https:\/\/rhinodent.hu\/fogpotlas-mosonmagyarovar\/#breadcrumb\",\"itemListElement\":[{\"@type\":\"ListItem\",\"position\":1,\"name\":\"Kezd\u0151lap\",\"item\":\"https:\/\/rhinodent.hu\/\"},{\"@type\":\"ListItem\",\"position\":2,\"name\":\"Fogp\u00f3tl\u00e1s Mosonmagyar\u00f3v\u00e1r\"}]},{\"@type\":\"WebSite\",\"@id\":\"https:\/\/rhinodent.hu\/#website\",\"url\":\"https:\/\/rhinodent.hu\/\",\"name\":\"Rhinodent Fogorvos Mosonmagyar\u00f3v\u00e1r\",\"description\":\"Fogorvosi rendel\u0151 Mosonmagyar\u00f3v\u00e1r, Fogszab\u00e1lyoz\u00e1s Mosonmagyar\u00f3v\u00e1r, Fogp\u00f3tl\u00e1s Mosonmagyar\u00f3v\u00e1r\",\"publisher\":{\"@id\":\"https:\/\/rhinodent.hu\/#organization\"},\"potentialAction\":[{\"@type\":\"SearchAction\",\"target\":{\"@type\":\"EntryPoint\",\"urlTemplate\":\"https:\/\/rhinodent.hu\/?s={search_term_string}\"},\"query-input\":{\"@type\":\"PropertyValueSpecification\",\"valueRequired\":true,\"valueName\":\"search_term_string\"}}],\"inLanguage\":\"de\"},{\"@type\":\"Organization\",\"@id\":\"https:\/\/rhinodent.hu\/#organization\",\"name\":\"Rhinodent Fogorvos Mosonmagyar\u00f3v\u00e1r\",\"url\":\"https:\/\/rhinodent.hu\/\",\"logo\":{\"@type\":\"ImageObject\",\"inLanguage\":\"de\",\"@id\":\"https:\/\/rhinodent.hu\/#\/schema\/logo\/image\/\",\"url\":\"https:\/\/rhinodent.hu\/wp-content\/uploads\/2024\/01\/rdlogo512.webp\",\"contentUrl\":\"https:\/\/rhinodent.hu\/wp-content\/uploads\/2024\/01\/rdlogo512.webp\",\"width\":512,\"height\":512,\"caption\":\"Rhinodent Fogorvos Mosonmagyar\u00f3v\u00e1r\"},\"image\":{\"@id\":\"https:\/\/rhinodent.hu\/#\/schema\/logo\/image\/\"}}]}<\/script>\n<!-- \/ Yoast SEO plugin. -->","yoast_head_json":{"title":"Fogp\u00f3tl\u00e1s Mosonmagyar\u00f3v\u00e1r - Rhinodent Fogorvos Mosonmagyar\u00f3v\u00e1r","robots":{"index":"index","follow":"follow","max-snippet":"max-snippet:-1","max-image-preview":"max-image-preview:large","max-video-preview":"max-video-preview:-1"},"canonical":"https:\/\/rhinodent.hu\/de\/fogpotlas-mosonmagyarovar\/","og_locale":"de_DE","og_type":"article","og_title":"Fogp\u00f3tl\u00e1s Mosonmagyar\u00f3v\u00e1r - Rhinodent Fogorvos Mosonmagyar\u00f3v\u00e1r","og_description":"Fogp\u00f3tl\u00e1s Mosonmagyar\u00f3v\u00e1ron\u00dcdv\u00f6z\u00f6lj\u00fck oldalunkon , ahol az elsz\u00ednez\u0151d\u00f6tt, hi\u00e1nyz\u00f3 vagy s\u00e9r\u00fclt fogak helyre\u00e1ll\u00edt\u00e1s\u00e1t\u00f3l kezdve a mosoly vissza\u00e1ll\u00edt\u00e1s\u00e1ig sz\u00e9lesk\u00f6r\u0171 fog\u00e1szati megold\u00e1sokat k\u00edn\u00e1lunk. Mosonmagyar\u00f3v\u00e1r k\u00f6z\u00f6ss\u00e9g\u00e9nek sz\u00e1m\u00e1ra szolg\u00e1lva t\u00f6reksz\u00fcnk arra, hogy kiv\u00e1l\u00f3 min\u0151s\u00e9g\u0171 fogp\u00f3tl\u00e1si megold\u00e1sokat ny\u00fajtsunk, mind \u00e1rban, mind gyorsas\u00e1gban. L\u00e1togasson el honlapunkra, \u00e9s ismerje meg, hogyan v\u00e1ltoztathatja meg mosoly\u00e1t eszt\u00e9tikus \u00e9s funkcion\u00e1lis fogp\u00f3tl\u00e1sainkkal.Mi a fogp\u00f3tl\u00e1s menete: A fogp\u00f3tl\u00e1s [&hellip;]","og_url":"https:\/\/rhinodent.hu\/de\/fogpotlas-mosonmagyarovar\/","og_site_name":"Rhinodent Fogorvos Mosonmagyar\u00f3v\u00e1r","article_modified_time":"2025-01-02T15:15:11+00:00","twitter_card":"summary_large_image","twitter_misc":{"Gesch\u00e4tzte Lesezeit":"2\u00a0Minuten"},"schema":{"@context":"https:\/\/schema.org","@graph":[{"@type":"WebPage","@id":"https:\/\/rhinodent.hu\/fogpotlas-mosonmagyarovar\/","url":"https:\/\/rhinodent.hu\/fogpotlas-mosonmagyarovar\/","name":"Fogp\u00f3tl\u00e1s Mosonmagyar\u00f3v\u00e1r - Rhinodent Fogorvos Mosonmagyar\u00f3v\u00e1r","isPartOf":{"@id":"https:\/\/rhinodent.hu\/#website"},"datePublished":"2024-01-04T16:20:50+00:00","dateModified":"2025-01-02T15:15:11+00:00","breadcrumb":{"@id":"https:\/\/rhinodent.hu\/fogpotlas-mosonmagyarovar\/#breadcrumb"},"inLanguage":"de","potentialAction":[{"@type":"ReadAction","target":["https:\/\/rhinodent.hu\/fogpotlas-mosonmagyarovar\/"]}]},{"@type":"BreadcrumbList","@id":"https:\/\/rhinodent.hu\/fogpotlas-mosonmagyarovar\/#breadcrumb","itemListElement":[{"@type":"ListItem","position":1,"name":"Kezd\u0151lap","item":"https:\/\/rhinodent.hu\/"},{"@type":"ListItem","position":2,"name":"Fogp\u00f3tl\u00e1s Mosonmagyar\u00f3v\u00e1r"}]},{"@type":"WebSite","@id":"https:\/\/rhinodent.hu\/#website","url":"https:\/\/rhinodent.hu\/","name":"Rhinodent Fogorvos Mosonmagyar\u00f3v\u00e1r","description":"Fogorvosi rendel\u0151 Mosonmagyar\u00f3v\u00e1r, Fogszab\u00e1lyoz\u00e1s Mosonmagyar\u00f3v\u00e1r, Fogp\u00f3tl\u00e1s Mosonmagyar\u00f3v\u00e1r","publisher":{"@id":"https:\/\/rhinodent.hu\/#organization"},"potentialAction":[{"@type":"SearchAction","target":{"@type":"EntryPoint","urlTemplate":"https:\/\/rhinodent.hu\/?s={search_term_string}"},"query-input":{"@type":"PropertyValueSpecification","valueRequired":true,"valueName":"search_term_string"}}],"inLanguage":"de"},{"@type":"Organization","@id":"https:\/\/rhinodent.hu\/#organization","name":"Rhinodent Fogorvos Mosonmagyar\u00f3v\u00e1r","url":"https:\/\/rhinodent.hu\/","logo":{"@type":"ImageObject","inLanguage":"de","@id":"https:\/\/rhinodent.hu\/#\/schema\/logo\/image\/","url":"https:\/\/rhinodent.hu\/wp-content\/uploads\/2024\/01\/rdlogo512.webp","contentUrl":"https:\/\/rhinodent.hu\/wp-content\/uploads\/2024\/01\/rdlogo512.webp","width":512,"height":512,"caption":"Rhinodent Fogorvos Mosonmagyar\u00f3v\u00e1r"},"image":{"@id":"https:\/\/rhinodent.hu\/#\/schema\/logo\/image\/"}}]}},"_links":{"self":[{"href":"https:\/\/rhinodent.hu\/de\/wp-json\/wp\/v2\/pages\/1892"}],"collection":[{"href":"https:\/\/rhinodent.hu\/de\/wp-json\/wp\/v2\/pages"}],"about":[{"href":"https:\/\/rhinodent.hu\/de\/wp-json\/wp\/v2\/types\/page"}],"author":[{"embeddable":true,"href":"https:\/\/rhinodent.hu\/de\/wp-json\/wp\/v2\/users\/1"}],"replies":[{"embeddable":true,"href":"https:\/\/rhinodent.hu\/de\/wp-json\/wp\/v2\/comments?post=1892"}],"version-history":[{"count":6,"href":"https:\/\/rhinodent.hu\/de\/wp-json\/wp\/v2\/pages\/1892\/revisions"}],"predecessor-version":[{"id":2233,"href":"https:\/\/rhinodent.hu\/de\/wp-json\/wp\/v2\/pages\/1892\/revisions\/2233"}],"wp:attachment":[{"href":"https:\/\/rhinodent.hu\/de\/wp-json\/wp\/v2\/media?parent=1892"}],"curies":[{"name":"wp","href":"https:\/\/api.w.org\/{rel}","templated":true}]}}