{"id":1910,"date":"2024-01-04T17:22:07","date_gmt":"2024-01-04T16:22:07","guid":{"rendered":"http:\/\/rhinodent.hu\/?page_id=1910"},"modified":"2025-01-02T16:15:26","modified_gmt":"2025-01-02T15:15:26","slug":"fogrontgen-mosonmagyarovar","status":"publish","type":"page","link":"https:\/\/rhinodent.hu\/de\/dental-rontgen-mosonmagyarovar\/","title":{"rendered":"R\u00f6ntgenbild in Mosonmagyarovar"},"content":{"rendered":"<p>[et_pb_section fb_built=&#8221;1&#8243; _builder_version=&#8221;4.23&#8243; _module_preset=&#8221;default&#8221; global_colors_info=&#8221;{}&#8221;][et_pb_row column_structure=&#8221;1_2,1_2&#8243; _builder_version=&#8221;4.23&#8243; _module_preset=&#8221;default&#8221; width=&#8221;90%&#8221; global_colors_info=&#8221;{}&#8221;][et_pb_column type=&#8221;1_2&#8243; _builder_version=&#8221;4.23&#8243; _module_preset=&#8221;default&#8221; global_colors_info=&#8221;{}&#8221;][et_pb_image src=&#8221;http:\/\/rhinodent.hu\/wp-content\/uploads\/2024\/02\/fogr.webp&#8221; _builder_version=&#8221;4.23&#8243; _module_preset=&#8221;default&#8221; border_radii=&#8221;off|100px||100px|&#8221; border_width_all=&#8221;2px&#8221; border_color_all=&#8221;#85A1B0&#8243; global_colors_info=&#8221;{}&#8221;][\/et_pb_image][\/et_pb_column][et_pb_column type=&#8221;1_2&#8243; _builder_version=&#8221;4.23&#8243; _module_preset=&#8221;default&#8221; global_colors_info=&#8221;{}&#8221;][et_pb_text _builder_version=&#8221;4.23&#8243; _module_preset=&#8221;default&#8221; header_font=&#8221;ABeeZee|||on|||||&#8221; header_text_align=&#8221;left&#8221; header_text_color=&#8221;#4389AD&#8221; header_font_size=&#8221;40px&#8221; header_letter_spacing=&#8221;2px&#8221; custom_margin=&#8221;||0px||false|false&#8221; header_text_align_tablet=&#8221;left&#8221; header_text_align_phone=&#8221;left&#8221; header_text_align_last_edited=&#8221;on|desktop&#8221; header_font_size_tablet=&#8221;40px&#8221; header_font_size_phone=&#8221;20px&#8221; header_font_size_last_edited=&#8221;on|desktop&#8221; header_letter_spacing_tablet=&#8221;2px&#8221; header_letter_spacing_phone=&#8221;2px&#8221; header_letter_spacing_last_edited=&#8221;on|desktop&#8221; global_colors_info=&#8221;{}&#8221;]<\/p>\n<h1>R\u00f6ntgenstrahlen in Mosonmagyar\u00f3v\u00e1r<\/h1>\n<p>[\/et_pb_text][et_pb_divider color=&#8221;#85A1B0&#8243; divider_style=&#8221;dotted&#8221; divider_weight=&#8221;10px&#8221; divider_weight_tablet=&#8221;10px&#8221; divider_weight_phone=&#8221;10px&#8221; divider_weight_last_edited=&#8221;on|desktop&#8221; _builder_version=&#8221;4.23&#8243; _module_preset=&#8221;default&#8221; width=&#8221;13%&#8221; global_colors_info=&#8221;{}&#8221;][\/et_pb_divider][et_pb_text _builder_version=&#8221;4.23&#8243; _module_preset=&#8221;default&#8221; text_font_size=&#8221;16px&#8221; text_line_height=&#8221;1.3em&#8221; header_3_font=&#8221;Abyssinica SIL||||||||&#8221; header_3_text_color=&#8221;#85A1B0&#8243; text_orientation=&#8221;justified&#8221; text_font_size_tablet=&#8221;16px&#8221; text_font_size_phone=&#8221;14px&#8221; text_font_size_last_edited=&#8221;on|desktop&#8221; text_line_height_tablet=&#8221;1.3em&#8221; text_line_height_phone=&#8221;1.3em&#8221; text_line_height_last_edited=&#8221;on|desktop&#8221; text_orientation_tablet=&#8221;justified&#8221; text_orientation_phone=&#8221;justified&#8221; text_orientation_last_edited=&#8221;on|desktop&#8221; global_colors_info=&#8221;{}&#8221;]<\/p>\n<p>Die Welt des R\u00f6ntgens, wo wir die neuesten bildgebenden Technologien einsetzen, um unseren Patienten eine genaue und detaillierte orale Diagnose zu erm\u00f6glichen. Wir bieten hochwertige zahn\u00e4rztliche R\u00f6ntgendienste f\u00fcr Menschen in der Region Mosonmagyar\u00f3v\u00e1r an, die den \u00c4rzten helfen, eine genaue Diagnose zu stellen und einen effektiven Behandlungsplan zu entwickeln.<\/p>\n<h3><span>Die Bedeutung von R\u00f6ntgenstrahlen:<\/span><\/h3>\n<p><span>Zahn\u00e4rztliche R\u00f6ntgenaufnahmen spielen eine wichtige Rolle bei der zahn\u00e4rztlichen Diagnose und Planung. Mit diesen Aufnahmen k\u00f6nnen Zahn\u00e4rzte Bereiche sichtbar machen, die mit blo\u00dfem Auge nicht zu erkennen sind. Zahnr\u00f6ntgenaufnahmen k\u00f6nnen helfen, Karies, Wurzelprobleme, Zahnwurzelzysten und andere orale Probleme fr\u00fchzeitig zu erkennen, bevor sie ernster werden<\/span><\/p>\n<p>[\/et_pb_text][\/et_pb_column][\/et_pb_row][et_pb_row _builder_version=&#8221;4.23&#8243; _module_preset=&#8221;default&#8221; width=&#8221;90%&#8221; global_colors_info=&#8221;{}&#8221;][et_pb_column type=&#8221;4_4&#8243; _builder_version=&#8221;4.23&#8243; _module_preset=&#8221;default&#8221; global_colors_info=&#8221;{}&#8221;][et_pb_text _builder_version=&#8221;4.23&#8243; _module_preset=&#8221;default&#8221; text_font_size=&#8221;16px&#8221; text_line_height=&#8221;1.3em&#8221; header_font=&#8221;Abyssinica SIL||||||||&#8221; header_text_align=&#8221;left&#8221; header_text_color=&#8221;#85A1B0&#8243; header_3_font=&#8221;ABeeZee||||||||&#8221; header_3_text_align=&#8221;left&#8221; header_3_text_color=&#8221;#85A1B0&#8243; header_4_font=&#8221;ABeeZee||||||||&#8221; header_4_text_align=&#8221;left&#8221; header_4_text_color=&#8221;#4389AD&#8221; text_orientation=&#8221;justified&#8221; text_font_size_tablet=&#8221;16px&#8221; text_font_size_phone=&#8221;14px&#8221; text_font_size_last_edited=&#8221;on|desktop&#8221; text_line_height_tablet=&#8221;1.3em&#8221; text_line_height_phone=&#8221;1.3em&#8221; text_line_height_last_edited=&#8221;on|desktop&#8221; header_text_align_tablet=&#8221;left&#8221; header_text_align_phone=&#8221;left&#8221; header_text_align_last_edited=&#8221;on|desktop&#8221; header_font_size_tablet=&#8221;&#8221; header_font_size_phone=&#8221;17px&#8221; header_font_size_last_edited=&#8221;on|phone&#8221; header_3_font_size_tablet=&#8221;&#8221; header_3_font_size_phone=&#8221;18px&#8221; header_3_font_size_last_edited=&#8221;on|phone&#8221; header_3_line_height_tablet=&#8221;&#8221; header_3_line_height_phone=&#8221;1.3em&#8221; header_3_line_height_last_edited=&#8221;on|phone&#8221; header_4_font_size_tablet=&#8221;&#8221; header_4_font_size_phone=&#8221;16px&#8221; header_4_font_size_last_edited=&#8221;on|phone&#8221; header_4_line_height_tablet=&#8221;&#8221; header_4_line_height_phone=&#8221;1.3em&#8221; header_4_line_height_last_edited=&#8221;on|phone&#8221; text_orientation_tablet=&#8221;justified&#8221; text_orientation_phone=&#8221;justified&#8221; text_orientation_last_edited=&#8221;on|desktop&#8221; global_colors_info=&#8221;{}&#8221;]<\/p>\n<h3>Vorbereitung von R\u00f6ntgenaufnahmen:<\/h3>\n<p>Das zahn\u00e4rztliche R\u00f6ntgen ist ein spezielles bildgebendes Verfahren, mit dem Zahn\u00e4rzte Strukturen in der Mundh\u00f6hle im Detail untersuchen k\u00f6nnen. Das moderne digitale zahn\u00e4rztliche R\u00f6ntgen bietet gro\u00dfe Vorteile gegen\u00fcber dem traditionellen filmgest\u00fctzten R\u00f6ntgen. Unsere R\u00f6ntgenger\u00e4te sind schnell und bieten eine geringe Strahlenbelastung.<\/p>\n<p>Zahn\u00e4rztliche R\u00f6ntgenaufnahmen werden gemacht, indem man sich einem speziellen R\u00f6ntgenger\u00e4t n\u00e4hert, in dem der Patient auf Anweisung des Zahnarztes oder R\u00f6ntgentechnikers aus verschiedenen Winkeln aufgenommen wird. Diese Bilder liefern detaillierte Informationen \u00fcber den Zustand der Z\u00e4hne, der Zahnwurzeln, des Kiefers und des Zahnfleischs. Dank moderner Technik sind die Bilder sofort zu sehen, was dem Arzt hilft, eine schnelle und genaue Diagnose zu stellen.<\/p>\n<h3>Preise und Erschwinglichkeit:<\/h3>\n<p>Rhinodent ist bestrebt, qualitativ hochwertige zahn\u00e4rztliche R\u00f6ntgendienste zu erschwinglichen Preisen anzubieten. Die Preise h\u00e4ngen von der Anzahl der zu erstellenden Aufnahmen und der verwendeten Technologie ab. Wir legen Wert auf eine transparente Preisgestaltung und erstellen f\u00fcr jeden Patienten einen detaillierten Kostenvoranschlag. Neben dem Preis legen wir gro\u00dfen Wert auf die Qualit\u00e4t unserer Dienstleistungen und das fachliche Niveau unserer Diagnostik.<\/p>\n<p>[\/et_pb_text][\/et_pb_column][\/et_pb_row][\/et_pb_section]<\/p>","protected":false},"excerpt":{"rendered":"<p>Fogr\u00f6ntgen Mosonmagyar\u00f3v\u00e1ronFogr\u00f6ntgen vil\u00e1g\u00e1ban, ahol a legkorszer\u0171bb k\u00e9palkot\u00e1si technol\u00f3gi\u00e1kkal biztos\u00edtjuk a p\u00e1cienseink sz\u00e1m\u00e1ra a pontos \u00e9s r\u00e9szletes sz\u00e1j\u00fcregi diagn\u00f3zist. Mosonmagyar\u00f3v\u00e1r k\u00f6rny\u00e9k\u00e9n \u00e9l\u0151k sz\u00e1m\u00e1ra ny\u00fajtunk magas sz\u00ednvonal\u00fa fogr\u00f6ntgen szolg\u00e1ltat\u00e1sokat, seg\u00edtve az orvosokat a pontos diagn\u00f3zis fel\u00e1ll\u00edt\u00e1s\u00e1ban \u00e9s a hat\u00e9kony kezel\u00e9si terv kidolgoz\u00e1s\u00e1ban. Fogr\u00f6ntgen Fontoss\u00e1ga: A fogr\u00f6ntgenek kulcsfontoss\u00e1g\u00fa szerepet j\u00e1tszanak a fog\u00e1szati diagn\u00f3zisban \u00e9s tervez\u00e9sben. Ezek a felv\u00e9telek [&hellip;]<\/p>","protected":false},"author":1,"featured_media":0,"parent":0,"menu_order":0,"comment_status":"closed","ping_status":"closed","template":"","meta":{"_et_pb_use_builder":"on","_et_pb_old_content":"","_et_gb_content_width":"","footnotes":""},"yoast_head":"<!-- This site is optimized with the Yoast SEO plugin v24.1 - https:\/\/yoast.com\/wordpress\/plugins\/seo\/ -->\n<title>Fogr\u00f6ntgen Mosonmagyar\u00f3v\u00e1r - Rhinodent Fogorvos Mosonmagyar\u00f3v\u00e1r<\/title>\n<meta name=\"robots\" content=\"index, follow, max-snippet:-1, max-image-preview:large, max-video-preview:-1\" \/>\n<link rel=\"canonical\" href=\"https:\/\/rhinodent.hu\/de\/dental-rontgen-mosonmagyarovar\/\" \/>\n<meta property=\"og:locale\" content=\"de_DE\" \/>\n<meta property=\"og:type\" content=\"article\" \/>\n<meta property=\"og:title\" content=\"Fogr\u00f6ntgen Mosonmagyar\u00f3v\u00e1r - Rhinodent Fogorvos Mosonmagyar\u00f3v\u00e1r\" \/>\n<meta property=\"og:description\" content=\"Fogr\u00f6ntgen Mosonmagyar\u00f3v\u00e1ronFogr\u00f6ntgen vil\u00e1g\u00e1ban, ahol a legkorszer\u0171bb k\u00e9palkot\u00e1si technol\u00f3gi\u00e1kkal biztos\u00edtjuk a p\u00e1cienseink sz\u00e1m\u00e1ra a pontos \u00e9s r\u00e9szletes sz\u00e1j\u00fcregi diagn\u00f3zist. Mosonmagyar\u00f3v\u00e1r k\u00f6rny\u00e9k\u00e9n \u00e9l\u0151k sz\u00e1m\u00e1ra ny\u00fajtunk magas sz\u00ednvonal\u00fa fogr\u00f6ntgen szolg\u00e1ltat\u00e1sokat, seg\u00edtve az orvosokat a pontos diagn\u00f3zis fel\u00e1ll\u00edt\u00e1s\u00e1ban \u00e9s a hat\u00e9kony kezel\u00e9si terv kidolgoz\u00e1s\u00e1ban. Fogr\u00f6ntgen Fontoss\u00e1ga: A fogr\u00f6ntgenek kulcsfontoss\u00e1g\u00fa szerepet j\u00e1tszanak a fog\u00e1szati diagn\u00f3zisban \u00e9s tervez\u00e9sben. Ezek a felv\u00e9telek [&hellip;]\" \/>\n<meta property=\"og:url\" content=\"https:\/\/rhinodent.hu\/de\/dental-rontgen-mosonmagyarovar\/\" \/>\n<meta property=\"og:site_name\" content=\"Rhinodent Fogorvos Mosonmagyar\u00f3v\u00e1r\" \/>\n<meta property=\"article:modified_time\" content=\"2025-01-02T15:15:26+00:00\" \/>\n<meta name=\"twitter:card\" content=\"summary_large_image\" \/>\n<meta name=\"twitter:label1\" content=\"Gesch\u00e4tzte Lesezeit\" \/>\n\t<meta name=\"twitter:data1\" content=\"2\u00a0Minuten\" \/>\n<script type=\"application\/ld+json\" class=\"yoast-schema-graph\">{\"@context\":\"https:\/\/schema.org\",\"@graph\":[{\"@type\":\"WebPage\",\"@id\":\"https:\/\/rhinodent.hu\/fogrontgen-mosonmagyarovar\/\",\"url\":\"https:\/\/rhinodent.hu\/fogrontgen-mosonmagyarovar\/\",\"name\":\"Fogr\u00f6ntgen Mosonmagyar\u00f3v\u00e1r - Rhinodent Fogorvos Mosonmagyar\u00f3v\u00e1r\",\"isPartOf\":{\"@id\":\"https:\/\/rhinodent.hu\/#website\"},\"datePublished\":\"2024-01-04T16:22:07+00:00\",\"dateModified\":\"2025-01-02T15:15:26+00:00\",\"breadcrumb\":{\"@id\":\"https:\/\/rhinodent.hu\/fogrontgen-mosonmagyarovar\/#breadcrumb\"},\"inLanguage\":\"de\",\"potentialAction\":[{\"@type\":\"ReadAction\",\"target\":[\"https:\/\/rhinodent.hu\/fogrontgen-mosonmagyarovar\/\"]}]},{\"@type\":\"BreadcrumbList\",\"@id\":\"https:\/\/rhinodent.hu\/fogrontgen-mosonmagyarovar\/#breadcrumb\",\"itemListElement\":[{\"@type\":\"ListItem\",\"position\":1,\"name\":\"Kezd\u0151lap\",\"item\":\"https:\/\/rhinodent.hu\/\"},{\"@type\":\"ListItem\",\"position\":2,\"name\":\"Fogr\u00f6ntgen Mosonmagyar\u00f3v\u00e1r\"}]},{\"@type\":\"WebSite\",\"@id\":\"https:\/\/rhinodent.hu\/#website\",\"url\":\"https:\/\/rhinodent.hu\/\",\"name\":\"Rhinodent Fogorvos Mosonmagyar\u00f3v\u00e1r\",\"description\":\"Fogorvosi rendel\u0151 Mosonmagyar\u00f3v\u00e1r, Fogszab\u00e1lyoz\u00e1s Mosonmagyar\u00f3v\u00e1r, Fogp\u00f3tl\u00e1s Mosonmagyar\u00f3v\u00e1r\",\"publisher\":{\"@id\":\"https:\/\/rhinodent.hu\/#organization\"},\"potentialAction\":[{\"@type\":\"SearchAction\",\"target\":{\"@type\":\"EntryPoint\",\"urlTemplate\":\"https:\/\/rhinodent.hu\/?s={search_term_string}\"},\"query-input\":{\"@type\":\"PropertyValueSpecification\",\"valueRequired\":true,\"valueName\":\"search_term_string\"}}],\"inLanguage\":\"de\"},{\"@type\":\"Organization\",\"@id\":\"https:\/\/rhinodent.hu\/#organization\",\"name\":\"Rhinodent Fogorvos Mosonmagyar\u00f3v\u00e1r\",\"url\":\"https:\/\/rhinodent.hu\/\",\"logo\":{\"@type\":\"ImageObject\",\"inLanguage\":\"de\",\"@id\":\"https:\/\/rhinodent.hu\/#\/schema\/logo\/image\/\",\"url\":\"https:\/\/rhinodent.hu\/wp-content\/uploads\/2024\/01\/rdlogo512.webp\",\"contentUrl\":\"https:\/\/rhinodent.hu\/wp-content\/uploads\/2024\/01\/rdlogo512.webp\",\"width\":512,\"height\":512,\"caption\":\"Rhinodent Fogorvos Mosonmagyar\u00f3v\u00e1r\"},\"image\":{\"@id\":\"https:\/\/rhinodent.hu\/#\/schema\/logo\/image\/\"}}]}<\/script>\n<!-- \/ Yoast SEO plugin. -->","yoast_head_json":{"title":"Fogr\u00f6ntgen Mosonmagyar\u00f3v\u00e1r - Rhinodent Fogorvos Mosonmagyar\u00f3v\u00e1r","robots":{"index":"index","follow":"follow","max-snippet":"max-snippet:-1","max-image-preview":"max-image-preview:large","max-video-preview":"max-video-preview:-1"},"canonical":"https:\/\/rhinodent.hu\/de\/dental-rontgen-mosonmagyarovar\/","og_locale":"de_DE","og_type":"article","og_title":"Fogr\u00f6ntgen Mosonmagyar\u00f3v\u00e1r - Rhinodent Fogorvos Mosonmagyar\u00f3v\u00e1r","og_description":"Fogr\u00f6ntgen Mosonmagyar\u00f3v\u00e1ronFogr\u00f6ntgen vil\u00e1g\u00e1ban, ahol a legkorszer\u0171bb k\u00e9palkot\u00e1si technol\u00f3gi\u00e1kkal biztos\u00edtjuk a p\u00e1cienseink sz\u00e1m\u00e1ra a pontos \u00e9s r\u00e9szletes sz\u00e1j\u00fcregi diagn\u00f3zist. Mosonmagyar\u00f3v\u00e1r k\u00f6rny\u00e9k\u00e9n \u00e9l\u0151k sz\u00e1m\u00e1ra ny\u00fajtunk magas sz\u00ednvonal\u00fa fogr\u00f6ntgen szolg\u00e1ltat\u00e1sokat, seg\u00edtve az orvosokat a pontos diagn\u00f3zis fel\u00e1ll\u00edt\u00e1s\u00e1ban \u00e9s a hat\u00e9kony kezel\u00e9si terv kidolgoz\u00e1s\u00e1ban. Fogr\u00f6ntgen Fontoss\u00e1ga: A fogr\u00f6ntgenek kulcsfontoss\u00e1g\u00fa szerepet j\u00e1tszanak a fog\u00e1szati diagn\u00f3zisban \u00e9s tervez\u00e9sben. Ezek a felv\u00e9telek [&hellip;]","og_url":"https:\/\/rhinodent.hu\/de\/dental-rontgen-mosonmagyarovar\/","og_site_name":"Rhinodent Fogorvos Mosonmagyar\u00f3v\u00e1r","article_modified_time":"2025-01-02T15:15:26+00:00","twitter_card":"summary_large_image","twitter_misc":{"Gesch\u00e4tzte Lesezeit":"2\u00a0Minuten"},"schema":{"@context":"https:\/\/schema.org","@graph":[{"@type":"WebPage","@id":"https:\/\/rhinodent.hu\/fogrontgen-mosonmagyarovar\/","url":"https:\/\/rhinodent.hu\/fogrontgen-mosonmagyarovar\/","name":"Fogr\u00f6ntgen Mosonmagyar\u00f3v\u00e1r - Rhinodent Fogorvos Mosonmagyar\u00f3v\u00e1r","isPartOf":{"@id":"https:\/\/rhinodent.hu\/#website"},"datePublished":"2024-01-04T16:22:07+00:00","dateModified":"2025-01-02T15:15:26+00:00","breadcrumb":{"@id":"https:\/\/rhinodent.hu\/fogrontgen-mosonmagyarovar\/#breadcrumb"},"inLanguage":"de","potentialAction":[{"@type":"ReadAction","target":["https:\/\/rhinodent.hu\/fogrontgen-mosonmagyarovar\/"]}]},{"@type":"BreadcrumbList","@id":"https:\/\/rhinodent.hu\/fogrontgen-mosonmagyarovar\/#breadcrumb","itemListElement":[{"@type":"ListItem","position":1,"name":"Kezd\u0151lap","item":"https:\/\/rhinodent.hu\/"},{"@type":"ListItem","position":2,"name":"Fogr\u00f6ntgen Mosonmagyar\u00f3v\u00e1r"}]},{"@type":"WebSite","@id":"https:\/\/rhinodent.hu\/#website","url":"https:\/\/rhinodent.hu\/","name":"Rhinodent Fogorvos Mosonmagyar\u00f3v\u00e1r","description":"Fogorvosi rendel\u0151 Mosonmagyar\u00f3v\u00e1r, Fogszab\u00e1lyoz\u00e1s Mosonmagyar\u00f3v\u00e1r, Fogp\u00f3tl\u00e1s Mosonmagyar\u00f3v\u00e1r","publisher":{"@id":"https:\/\/rhinodent.hu\/#organization"},"potentialAction":[{"@type":"SearchAction","target":{"@type":"EntryPoint","urlTemplate":"https:\/\/rhinodent.hu\/?s={search_term_string}"},"query-input":{"@type":"PropertyValueSpecification","valueRequired":true,"valueName":"search_term_string"}}],"inLanguage":"de"},{"@type":"Organization","@id":"https:\/\/rhinodent.hu\/#organization","name":"Rhinodent Fogorvos Mosonmagyar\u00f3v\u00e1r","url":"https:\/\/rhinodent.hu\/","logo":{"@type":"ImageObject","inLanguage":"de","@id":"https:\/\/rhinodent.hu\/#\/schema\/logo\/image\/","url":"https:\/\/rhinodent.hu\/wp-content\/uploads\/2024\/01\/rdlogo512.webp","contentUrl":"https:\/\/rhinodent.hu\/wp-content\/uploads\/2024\/01\/rdlogo512.webp","width":512,"height":512,"caption":"Rhinodent Fogorvos Mosonmagyar\u00f3v\u00e1r"},"image":{"@id":"https:\/\/rhinodent.hu\/#\/schema\/logo\/image\/"}}]}},"_links":{"self":[{"href":"https:\/\/rhinodent.hu\/de\/wp-json\/wp\/v2\/pages\/1910"}],"collection":[{"href":"https:\/\/rhinodent.hu\/de\/wp-json\/wp\/v2\/pages"}],"about":[{"href":"https:\/\/rhinodent.hu\/de\/wp-json\/wp\/v2\/types\/page"}],"author":[{"embeddable":true,"href":"https:\/\/rhinodent.hu\/de\/wp-json\/wp\/v2\/users\/1"}],"replies":[{"embeddable":true,"href":"https:\/\/rhinodent.hu\/de\/wp-json\/wp\/v2\/comments?post=1910"}],"version-history":[{"count":6,"href":"https:\/\/rhinodent.hu\/de\/wp-json\/wp\/v2\/pages\/1910\/revisions"}],"predecessor-version":[{"id":2234,"href":"https:\/\/rhinodent.hu\/de\/wp-json\/wp\/v2\/pages\/1910\/revisions\/2234"}],"wp:attachment":[{"href":"https:\/\/rhinodent.hu\/de\/wp-json\/wp\/v2\/media?parent=1910"}],"curies":[{"name":"wp","href":"https:\/\/api.w.org\/{rel}","templated":true}]}}