{"id":1912,"date":"2024-01-04T17:22:07","date_gmt":"2024-01-04T16:22:07","guid":{"rendered":"http:\/\/rhinodent.hu\/?page_id=1912"},"modified":"2025-01-02T15:53:28","modified_gmt":"2025-01-02T14:53:28","slug":"dentalhigieniai-kezeles-mosonmagyarovar","status":"publish","type":"page","link":"https:\/\/rhinodent.hu\/de\/dentalhigieniai-behandlung-mosonmagyarovar\/","title":{"rendered":"Zahnhygiene-Behandlung Mosonmagyar\u00f3v\u00e1r"},"content":{"rendered":"<p>[et_pb_section fb_built=&#8221;1&#8243; _builder_version=&#8221;4.23&#8243; _module_preset=&#8221;default&#8221; global_colors_info=&#8221;{}&#8221;][et_pb_row column_structure=&#8221;1_2,1_2&#8243; _builder_version=&#8221;4.23&#8243; _module_preset=&#8221;default&#8221; width=&#8221;90%&#8221; global_colors_info=&#8221;{}&#8221;][et_pb_column type=&#8221;1_2&#8243; _builder_version=&#8221;4.23&#8243; _module_preset=&#8221;default&#8221; global_colors_info=&#8221;{}&#8221;][et_pb_image src=&#8221;http:\/\/rhinodent.hu\/wp-content\/uploads\/2024\/02\/szakt.webp&#8221; _builder_version=&#8221;4.23&#8243; _module_preset=&#8221;default&#8221; border_radii=&#8221;off|100px||100px|&#8221; border_width_all=&#8221;2px&#8221; border_color_all=&#8221;#85A1B0&#8243; global_colors_info=&#8221;{}&#8221;][\/et_pb_image][\/et_pb_column][et_pb_column type=&#8221;1_2&#8243; _builder_version=&#8221;4.23&#8243; _module_preset=&#8221;default&#8221; global_colors_info=&#8221;{}&#8221;][et_pb_text _builder_version=&#8221;4.23&#8243; _module_preset=&#8221;default&#8221; header_font=&#8221;ABeeZee|||on|||||&#8221; header_text_align=&#8221;left&#8221; header_text_color=&#8221;#4389AD&#8221; header_font_size=&#8221;40px&#8221; header_letter_spacing=&#8221;2px&#8221; custom_margin=&#8221;||0px||false|false&#8221; header_text_align_tablet=&#8221;left&#8221; header_text_align_phone=&#8221;left&#8221; header_text_align_last_edited=&#8221;on|desktop&#8221; header_font_size_tablet=&#8221;40px&#8221; header_font_size_phone=&#8221;20px&#8221; header_font_size_last_edited=&#8221;on|desktop&#8221; header_letter_spacing_tablet=&#8221;2px&#8221; header_letter_spacing_phone=&#8221;2px&#8221; header_letter_spacing_last_edited=&#8221;on|desktop&#8221; global_colors_info=&#8221;{}&#8221;]<\/p>\n<h1>Zahnhygiene-Behandlung in Mosonmagyar\u00f3v\u00e1r<\/h1>\n<p>[\/et_pb_text][et_pb_divider color=&#8221;#85A1B0&#8243; divider_style=&#8221;dotted&#8221; divider_weight=&#8221;10px&#8221; divider_weight_tablet=&#8221;10px&#8221; divider_weight_phone=&#8221;10px&#8221; divider_weight_last_edited=&#8221;on|desktop&#8221; _builder_version=&#8221;4.23&#8243; _module_preset=&#8221;default&#8221; width=&#8221;13%&#8221; global_colors_info=&#8221;{}&#8221;][\/et_pb_divider][et_pb_text _builder_version=&#8221;4.23&#8243; _module_preset=&#8221;default&#8221; text_font_size=&#8221;16px&#8221; text_line_height=&#8221;1.3em&#8221; header_3_font=&#8221;Abyssinica SIL||||||||&#8221; header_3_text_color=&#8221;#85A1B0&#8243; text_orientation=&#8221;justified&#8221; hover_enabled=&#8221;0&#8243; text_font_size_tablet=&#8221;16px&#8221; text_font_size_phone=&#8221;14px&#8221; text_font_size_last_edited=&#8221;on|desktop&#8221; text_line_height_tablet=&#8221;1.3em&#8221; text_line_height_phone=&#8221;1.3em&#8221; text_line_height_last_edited=&#8221;on|desktop&#8221; text_orientation_tablet=&#8221;justified&#8221; text_orientation_phone=&#8221;justified&#8221; text_orientation_last_edited=&#8221;on|desktop&#8221; global_colors_info=&#8221;{}&#8221; sticky_enabled=&#8221;0&#8243;]<\/p>\n<h3>Professionelle Zahnhygienebehandlungen bei Rhinodent.<\/h3>\n<p>Ein sch\u00f6nes und gesundes L\u00e4cheln ist nicht nur \u00e4sthetisch, sondern auch eine Frage des allgemeinen Wohlbefindens. Auf unserer Website erkl\u00e4ren wir ausf\u00fchrlich, wie die Zahnhygienebehandlung dazu beitr\u00e4gt, Zahnprobleme zu vermeiden und die Mundgesundheit unserer Patienten zu unterst\u00fctzen.<\/p>\n<h3>Die Bedeutung der Zahnhygienebehandlung:<\/h3>\n<p>Regelm\u00e4\u00dfige Zahnpflege ist der Schl\u00fcssel zur Erhaltung gesunder Z\u00e4hne und gesunden Zahnfleisches. Die fr\u00fchzeitige Erkennung und Behandlung von Zahnproblemen hilft, schwerwiegendere Zahnprobleme zu vermeiden und tr\u00e4gt zum allgemeinen Wohlbefinden bei.<\/p>\n<p>[\/et_pb_text][\/et_pb_column][\/et_pb_row][et_pb_row _builder_version=&#8221;4.23&#8243; _module_preset=&#8221;default&#8221; width=&#8221;90%&#8221; global_colors_info=&#8221;{}&#8221;][et_pb_column type=&#8221;4_4&#8243; _builder_version=&#8221;4.23&#8243; _module_preset=&#8221;default&#8221; global_colors_info=&#8221;{}&#8221;][et_pb_text _builder_version=&#8221;4.23&#8243; _module_preset=&#8221;default&#8221; text_font_size=&#8221;16px&#8221; text_line_height=&#8221;1.3em&#8221; header_font=&#8221;Abyssinica SIL||||||||&#8221; header_text_align=&#8221;left&#8221; header_text_color=&#8221;#85A1B0&#8243; header_3_font=&#8221;ABeeZee||||||||&#8221; header_3_text_align=&#8221;left&#8221; header_3_text_color=&#8221;#85A1B0&#8243; header_4_font=&#8221;ABeeZee||||||||&#8221; header_4_text_align=&#8221;left&#8221; header_4_text_color=&#8221;#4389AD&#8221; text_orientation=&#8221;justified&#8221; hover_enabled=&#8221;0&#8243; text_font_size_tablet=&#8221;16px&#8221; text_font_size_phone=&#8221;14px&#8221; text_font_size_last_edited=&#8221;on|desktop&#8221; text_line_height_tablet=&#8221;1.3em&#8221; text_line_height_phone=&#8221;1.3em&#8221; text_line_height_last_edited=&#8221;on|desktop&#8221; header_text_align_tablet=&#8221;left&#8221; header_text_align_phone=&#8221;left&#8221; header_text_align_last_edited=&#8221;on|desktop&#8221; header_font_size_tablet=&#8221;&#8221; header_font_size_phone=&#8221;17px&#8221; header_font_size_last_edited=&#8221;on|phone&#8221; header_3_font_size_tablet=&#8221;&#8221; header_3_font_size_phone=&#8221;18px&#8221; header_3_font_size_last_edited=&#8221;on|phone&#8221; header_3_line_height_tablet=&#8221;&#8221; header_3_line_height_phone=&#8221;1.3em&#8221; header_3_line_height_last_edited=&#8221;on|phone&#8221; header_4_font_size_tablet=&#8221;&#8221; header_4_font_size_phone=&#8221;16px&#8221; header_4_font_size_last_edited=&#8221;on|phone&#8221; header_4_line_height_tablet=&#8221;&#8221; header_4_line_height_phone=&#8221;1.3em&#8221; header_4_line_height_last_edited=&#8221;on|phone&#8221; text_orientation_tablet=&#8221;justified&#8221; text_orientation_phone=&#8221;justified&#8221; text_orientation_last_edited=&#8221;on|desktop&#8221; global_colors_info=&#8221;{}&#8221; sticky_enabled=&#8221;0&#8243;]<\/p>\n<h3><strong>Warum ist eine regelm\u00e4\u00dfige Zahnhygienebehandlung so wichtig?<\/strong><\/h3>\n<p>Zahnhygiene ist nicht nur eine grundlegende Reinigung, sondern der Schl\u00fcssel zur Mundgesundheit. Zahnbelag, der durch Essen und Trinken entsteht, und Zahnstein, der sich auf der Zahnoberfl\u00e4che ablagert, k\u00f6nnen mit der Zeit ernsthafte Probleme verursachen, wenn sie nicht rechtzeitig entfernt werden. Gingivitis, Karies und Parodontalerkrankungen k\u00f6nnen bei regelm\u00e4\u00dfiger Behandlung vermieden werden. Dar\u00fcber hinaus tr\u00e4gt eine gute Mundhygiene auch zur allgemeinen Gesundheit bei, denn zahlreiche Studien haben gezeigt, dass Mundgesundheitsprobleme mit Herz-Kreislauf-Erkrankungen, Diabetes und anderen chronischen Erkrankungen in Verbindung gebracht werden k\u00f6nnen.<\/p>\n<h3><strong>Vorteile der Rhinodent-Zahnhygienebehandlungen<\/strong><\/h3>\n<ol>\n<li>\n<p><strong>Professionelle Pflege:<\/strong><br \/>In unserer Klinik arbeiten hochqualifizierte Dentalhygienikerinnen, die f\u00fcr jeden Patienten einen individuellen Behandlungsplan erstellen.<\/p>\n<\/li>\n<li>\n<p><strong>Moderne Werkzeuge und Technologien:<\/strong><br \/>Wir verwenden modernste Ultraschall- und mechanische Instrumente, um eine schonende und dennoch gr\u00fcndliche Zahnreinigung zu gew\u00e4hrleisten.<\/p>\n<\/li>\n<li>\n<p><strong>Umfassende Pr\u00e4vention:<\/strong><br \/>Regelm\u00e4\u00dfige Behandlungen tragen dazu bei, schwerwiegendere Zahnprobleme zu vermeiden, was unseren Patienten Zeit und Geld spart.<\/p>\n<\/li>\n<\/ol>\n<h3><strong>Schritte der Zahnhygienebehandlung<\/strong><\/h3>\n<p>Bei Rhinodent wird jeder Schritt des Behandlungsprozesses nach h\u00f6chsten Qualit\u00e4tsstandards durchgef\u00fchrt.<\/p>\n<h4><strong>1. erster Gesundheitscheck<\/strong><\/h4>\n<p>Die Dentalhygienikerin f\u00fchrt eine eingehende Untersuchung durch, um den Zustand der Z\u00e4hne und des Zahnfleisches sowie das Vorhandensein von Problemen wie Zahnstein oder entz\u00fcndeten Stellen zu \u00fcberpr\u00fcfen.<\/p>\n<h4><strong>2. die Entfernung von Zahnstein<\/strong><\/h4>\n<p>Zahnstein wird mit Ultraschall und manuellen Werkzeugen entfernt, um die Z\u00e4hne sauber und gesund zu halten. Dieser Schritt ist wichtig, um Karies und Zahnfleischerkrankungen zu verhindern.<\/p>\n<h4><strong>3. die Entfernung von Kesselstein und Verf\u00e4rbungen<\/strong><\/h4>\n<p>Dank der Sandstrahltechnik entfernen wir feine Verf\u00e4rbungen und Ablagerungen auf der Zahnoberfl\u00e4che und geben ihnen ihren nat\u00fcrlichen Glanz zur\u00fcck.<\/p>\n<h4><strong>4. polieren<\/strong><\/h4>\n<p>Durch das Polieren bleibt die Zahnoberfl\u00e4che glatt, was die rasche Neubildung von Plaque verhindert und zur langfristigen Mundgesundheit beitr\u00e4gt.<\/p>\n<h4><strong>5. beratung<\/strong><\/h4>\n<p>Am Ende der Behandlung geben unsere Dentalhygienikerinnen unseren Patienten pers\u00f6nliche Ratschl\u00e4ge f\u00fcr eine gute Zahnhygiene, einschlie\u00dflich Zahnputztechniken, Zahnseide und Mundwasser.<\/p>\n<h3><strong>Professionelle Behandlung trifft auf Erschwinglichkeit<\/strong><\/h3>\n<p>Rhinodent setzt sich daf\u00fcr ein, allen Patienten eine qualitativ hochwertige Zahnpflege zug\u00e4nglich zu machen. Die Preise f\u00fcr Zahnhygienebehandlungen sind so gestaltet, dass erstklassige Leistungen f\u00fcr alle zug\u00e4nglich sind. W\u00e4hrend des ersten Beratungsgespr\u00e4chs erstellen wir einen detaillierten Kostenvoranschlag, der die gesamten Kosten f\u00fcr die erforderlichen Behandlungen enth\u00e4lt.<\/p>\n<h3><strong>Warum Rhinodent f\u00fcr Ihre Zahnhygienebehandlungen w\u00e4hlen?<\/strong><\/h3>\n<ul>\n<li><strong>Professionelle Experten:<\/strong> Bestens ausgebildete und erfahrene Dentalhygienikerinnen.<\/li>\n<li><strong>Moderne Technik:<\/strong> Wir arbeiten mit den neuesten Werkzeugen, um die besten Ergebnisse zu erzielen.<\/li>\n<li><strong>Ein patientenzentrierter Ansatz:<\/strong> Freundliche Umgebung und pers\u00f6nliche Beratung.<\/li>\n<li><strong>Erschwinglichkeit:<\/strong> Konkurrenzf\u00e4hige Preise, detaillierte Informationen \u00fcber alle Kosten.<\/li>\n<\/ul>\n<h3><strong>Buchen Sie noch heute einen Termin!<\/strong><\/h3>\n<p>Zahnhygiene ist die Grundlage f\u00fcr ein gesundes L\u00e4cheln. Warten Sie nicht, bis sich die Probleme verschlimmern - Rhinodent in Mosonmagyarovar bietet professionelle Pflege, eine freundliche Umgebung und erschwingliche Preise. Kontaktieren Sie uns und machen Sie den ersten Schritt zu einem ges\u00fcnderen und sch\u00f6neren L\u00e4cheln!<\/p>\n<p>[\/et_pb_text][\/et_pb_column][\/et_pb_row][\/et_pb_section]<\/p>","protected":false},"excerpt":{"rendered":"<p>Dent\u00e1lhigi\u00e9niai kezel\u00e9s Mosonmagyar\u00f3v\u00e1ronProfesszion\u00e1lis dent\u00e1lhigi\u00e9niai kezel\u00e9sek a Rhinodentn\u00e9l. A mosoly sz\u00e9p \u00e9s eg\u00e9szs\u00e9ges meg\u0151rz\u00e9se nem csup\u00e1n eszt\u00e9tikai, hanem \u00e1ltal\u00e1nos j\u00f3l\u00e9ti k\u00e9rd\u00e9s is. Honlapunkon r\u00e9szletesen bemutatjuk, hogyan seg\u00edt a dent\u00e1lhigi\u00e9niai kezel\u00e9s megel\u0151zni a fog\u00e1szati probl\u00e9m\u00e1kat \u00e9s t\u00e1mogatni a p\u00e1cienseink sz\u00e1j\u00fcregi eg\u00e9szs\u00e9g\u00e9t. A Dent\u00e1lhigi\u00e9niai Kezel\u00e9s Fontoss\u00e1ga: A dent\u00e1lhigi\u00e9niai kezel\u00e9s rendszeres elv\u00e9gz\u00e9se kulcsfontoss\u00e1g\u00fa a fogak \u00e9s az \u00edny eg\u00e9szs\u00e9g\u00e9nek [&hellip;]<\/p>","protected":false},"author":1,"featured_media":0,"parent":0,"menu_order":0,"comment_status":"closed","ping_status":"closed","template":"","meta":{"_et_pb_use_builder":"on","_et_pb_old_content":"","_et_gb_content_width":"","footnotes":""},"yoast_head":"<!-- This site is optimized with the Yoast SEO plugin v24.1 - https:\/\/yoast.com\/wordpress\/plugins\/seo\/ -->\n<title>Dent\u00e1lhigi\u00e9niai kezel\u00e9s Mosonmagyar\u00f3v\u00e1r - Rhinodent Fogorvos Mosonmagyar\u00f3v\u00e1r<\/title>\n<meta name=\"description\" content=\"Professzion\u00e1lis dent\u00e1lhigi\u00e9niai kezel\u00e9s Mosonmagyar\u00f3v\u00e1ron a ragyog\u00f3 mosoly\u00e9rt \u00e9s az eg\u00e9szs\u00e9ges fogak\u00e9rt. Fogk\u0151-elt\u00e1vol\u00edt\u00e1s, pol\u00edroz\u00e1s \u00e9s tan\u00e1csad\u00e1s tapasztalt szakemberekt\u0151l. Foglaljon id\u0151pontot m\u00e9g ma!\" \/>\n<meta name=\"robots\" content=\"index, follow, max-snippet:-1, max-image-preview:large, max-video-preview:-1\" \/>\n<link rel=\"canonical\" href=\"https:\/\/rhinodent.hu\/de\/dentalhigieniai-behandlung-mosonmagyarovar\/\" \/>\n<meta property=\"og:locale\" content=\"de_DE\" \/>\n<meta property=\"og:type\" content=\"article\" \/>\n<meta property=\"og:title\" content=\"Dent\u00e1lhigi\u00e9niai kezel\u00e9s Mosonmagyar\u00f3v\u00e1r - Rhinodent Fogorvos Mosonmagyar\u00f3v\u00e1r\" \/>\n<meta property=\"og:description\" content=\"Professzion\u00e1lis dent\u00e1lhigi\u00e9niai kezel\u00e9s Mosonmagyar\u00f3v\u00e1ron a ragyog\u00f3 mosoly\u00e9rt \u00e9s az eg\u00e9szs\u00e9ges fogak\u00e9rt. Fogk\u0151-elt\u00e1vol\u00edt\u00e1s, pol\u00edroz\u00e1s \u00e9s tan\u00e1csad\u00e1s tapasztalt szakemberekt\u0151l. Foglaljon id\u0151pontot m\u00e9g ma!\" \/>\n<meta property=\"og:url\" content=\"https:\/\/rhinodent.hu\/de\/dentalhigieniai-behandlung-mosonmagyarovar\/\" \/>\n<meta property=\"og:site_name\" content=\"Rhinodent Fogorvos Mosonmagyar\u00f3v\u00e1r\" \/>\n<meta property=\"article:modified_time\" content=\"2025-01-02T14:53:28+00:00\" \/>\n<meta name=\"twitter:card\" content=\"summary_large_image\" \/>\n<meta name=\"twitter:label1\" content=\"Gesch\u00e4tzte Lesezeit\" \/>\n\t<meta name=\"twitter:data1\" content=\"2\u00a0Minuten\" \/>\n<script type=\"application\/ld+json\" class=\"yoast-schema-graph\">{\"@context\":\"https:\/\/schema.org\",\"@graph\":[{\"@type\":\"WebPage\",\"@id\":\"https:\/\/rhinodent.hu\/dentalhigieniai-kezeles-mosonmagyarovar\/\",\"url\":\"https:\/\/rhinodent.hu\/dentalhigieniai-kezeles-mosonmagyarovar\/\",\"name\":\"Dent\u00e1lhigi\u00e9niai kezel\u00e9s Mosonmagyar\u00f3v\u00e1r - Rhinodent Fogorvos Mosonmagyar\u00f3v\u00e1r\",\"isPartOf\":{\"@id\":\"https:\/\/rhinodent.hu\/#website\"},\"datePublished\":\"2024-01-04T16:22:07+00:00\",\"dateModified\":\"2025-01-02T14:53:28+00:00\",\"description\":\"Professzion\u00e1lis dent\u00e1lhigi\u00e9niai kezel\u00e9s Mosonmagyar\u00f3v\u00e1ron a ragyog\u00f3 mosoly\u00e9rt \u00e9s az eg\u00e9szs\u00e9ges fogak\u00e9rt. Fogk\u0151-elt\u00e1vol\u00edt\u00e1s, pol\u00edroz\u00e1s \u00e9s tan\u00e1csad\u00e1s tapasztalt szakemberekt\u0151l. Foglaljon id\u0151pontot m\u00e9g ma!\",\"breadcrumb\":{\"@id\":\"https:\/\/rhinodent.hu\/dentalhigieniai-kezeles-mosonmagyarovar\/#breadcrumb\"},\"inLanguage\":\"de\",\"potentialAction\":[{\"@type\":\"ReadAction\",\"target\":[\"https:\/\/rhinodent.hu\/dentalhigieniai-kezeles-mosonmagyarovar\/\"]}]},{\"@type\":\"BreadcrumbList\",\"@id\":\"https:\/\/rhinodent.hu\/dentalhigieniai-kezeles-mosonmagyarovar\/#breadcrumb\",\"itemListElement\":[{\"@type\":\"ListItem\",\"position\":1,\"name\":\"Kezd\u0151lap\",\"item\":\"https:\/\/rhinodent.hu\/\"},{\"@type\":\"ListItem\",\"position\":2,\"name\":\"Dent\u00e1lhigi\u00e9niai kezel\u00e9s Mosonmagyar\u00f3v\u00e1r\"}]},{\"@type\":\"WebSite\",\"@id\":\"https:\/\/rhinodent.hu\/#website\",\"url\":\"https:\/\/rhinodent.hu\/\",\"name\":\"Rhinodent Fogorvos Mosonmagyar\u00f3v\u00e1r\",\"description\":\"Fogorvosi rendel\u0151 Mosonmagyar\u00f3v\u00e1r, Fogszab\u00e1lyoz\u00e1s Mosonmagyar\u00f3v\u00e1r, Fogp\u00f3tl\u00e1s Mosonmagyar\u00f3v\u00e1r\",\"publisher\":{\"@id\":\"https:\/\/rhinodent.hu\/#organization\"},\"potentialAction\":[{\"@type\":\"SearchAction\",\"target\":{\"@type\":\"EntryPoint\",\"urlTemplate\":\"https:\/\/rhinodent.hu\/?s={search_term_string}\"},\"query-input\":{\"@type\":\"PropertyValueSpecification\",\"valueRequired\":true,\"valueName\":\"search_term_string\"}}],\"inLanguage\":\"de\"},{\"@type\":\"Organization\",\"@id\":\"https:\/\/rhinodent.hu\/#organization\",\"name\":\"Rhinodent Fogorvos Mosonmagyar\u00f3v\u00e1r\",\"url\":\"https:\/\/rhinodent.hu\/\",\"logo\":{\"@type\":\"ImageObject\",\"inLanguage\":\"de\",\"@id\":\"https:\/\/rhinodent.hu\/#\/schema\/logo\/image\/\",\"url\":\"https:\/\/rhinodent.hu\/wp-content\/uploads\/2024\/01\/rdlogo512.webp\",\"contentUrl\":\"https:\/\/rhinodent.hu\/wp-content\/uploads\/2024\/01\/rdlogo512.webp\",\"width\":512,\"height\":512,\"caption\":\"Rhinodent Fogorvos Mosonmagyar\u00f3v\u00e1r\"},\"image\":{\"@id\":\"https:\/\/rhinodent.hu\/#\/schema\/logo\/image\/\"}}]}<\/script>\n<!-- \/ Yoast SEO plugin. -->","yoast_head_json":{"title":"Dent\u00e1lhigi\u00e9niai kezel\u00e9s Mosonmagyar\u00f3v\u00e1r - Rhinodent Fogorvos Mosonmagyar\u00f3v\u00e1r","description":"Professzion\u00e1lis dent\u00e1lhigi\u00e9niai kezel\u00e9s Mosonmagyar\u00f3v\u00e1ron a ragyog\u00f3 mosoly\u00e9rt \u00e9s az eg\u00e9szs\u00e9ges fogak\u00e9rt. Fogk\u0151-elt\u00e1vol\u00edt\u00e1s, pol\u00edroz\u00e1s \u00e9s tan\u00e1csad\u00e1s tapasztalt szakemberekt\u0151l. Foglaljon id\u0151pontot m\u00e9g ma!","robots":{"index":"index","follow":"follow","max-snippet":"max-snippet:-1","max-image-preview":"max-image-preview:large","max-video-preview":"max-video-preview:-1"},"canonical":"https:\/\/rhinodent.hu\/de\/dentalhigieniai-behandlung-mosonmagyarovar\/","og_locale":"de_DE","og_type":"article","og_title":"Dent\u00e1lhigi\u00e9niai kezel\u00e9s Mosonmagyar\u00f3v\u00e1r - Rhinodent Fogorvos Mosonmagyar\u00f3v\u00e1r","og_description":"Professzion\u00e1lis dent\u00e1lhigi\u00e9niai kezel\u00e9s Mosonmagyar\u00f3v\u00e1ron a ragyog\u00f3 mosoly\u00e9rt \u00e9s az eg\u00e9szs\u00e9ges fogak\u00e9rt. Fogk\u0151-elt\u00e1vol\u00edt\u00e1s, pol\u00edroz\u00e1s \u00e9s tan\u00e1csad\u00e1s tapasztalt szakemberekt\u0151l. Foglaljon id\u0151pontot m\u00e9g ma!","og_url":"https:\/\/rhinodent.hu\/de\/dentalhigieniai-behandlung-mosonmagyarovar\/","og_site_name":"Rhinodent Fogorvos Mosonmagyar\u00f3v\u00e1r","article_modified_time":"2025-01-02T14:53:28+00:00","twitter_card":"summary_large_image","twitter_misc":{"Gesch\u00e4tzte Lesezeit":"2\u00a0Minuten"},"schema":{"@context":"https:\/\/schema.org","@graph":[{"@type":"WebPage","@id":"https:\/\/rhinodent.hu\/dentalhigieniai-kezeles-mosonmagyarovar\/","url":"https:\/\/rhinodent.hu\/dentalhigieniai-kezeles-mosonmagyarovar\/","name":"Dent\u00e1lhigi\u00e9niai kezel\u00e9s Mosonmagyar\u00f3v\u00e1r - Rhinodent Fogorvos Mosonmagyar\u00f3v\u00e1r","isPartOf":{"@id":"https:\/\/rhinodent.hu\/#website"},"datePublished":"2024-01-04T16:22:07+00:00","dateModified":"2025-01-02T14:53:28+00:00","description":"Professzion\u00e1lis dent\u00e1lhigi\u00e9niai kezel\u00e9s Mosonmagyar\u00f3v\u00e1ron a ragyog\u00f3 mosoly\u00e9rt \u00e9s az eg\u00e9szs\u00e9ges fogak\u00e9rt. Fogk\u0151-elt\u00e1vol\u00edt\u00e1s, pol\u00edroz\u00e1s \u00e9s tan\u00e1csad\u00e1s tapasztalt szakemberekt\u0151l. Foglaljon id\u0151pontot m\u00e9g ma!","breadcrumb":{"@id":"https:\/\/rhinodent.hu\/dentalhigieniai-kezeles-mosonmagyarovar\/#breadcrumb"},"inLanguage":"de","potentialAction":[{"@type":"ReadAction","target":["https:\/\/rhinodent.hu\/dentalhigieniai-kezeles-mosonmagyarovar\/"]}]},{"@type":"BreadcrumbList","@id":"https:\/\/rhinodent.hu\/dentalhigieniai-kezeles-mosonmagyarovar\/#breadcrumb","itemListElement":[{"@type":"ListItem","position":1,"name":"Kezd\u0151lap","item":"https:\/\/rhinodent.hu\/"},{"@type":"ListItem","position":2,"name":"Dent\u00e1lhigi\u00e9niai kezel\u00e9s Mosonmagyar\u00f3v\u00e1r"}]},{"@type":"WebSite","@id":"https:\/\/rhinodent.hu\/#website","url":"https:\/\/rhinodent.hu\/","name":"Rhinodent Fogorvos Mosonmagyar\u00f3v\u00e1r","description":"Fogorvosi rendel\u0151 Mosonmagyar\u00f3v\u00e1r, Fogszab\u00e1lyoz\u00e1s Mosonmagyar\u00f3v\u00e1r, Fogp\u00f3tl\u00e1s Mosonmagyar\u00f3v\u00e1r","publisher":{"@id":"https:\/\/rhinodent.hu\/#organization"},"potentialAction":[{"@type":"SearchAction","target":{"@type":"EntryPoint","urlTemplate":"https:\/\/rhinodent.hu\/?s={search_term_string}"},"query-input":{"@type":"PropertyValueSpecification","valueRequired":true,"valueName":"search_term_string"}}],"inLanguage":"de"},{"@type":"Organization","@id":"https:\/\/rhinodent.hu\/#organization","name":"Rhinodent Fogorvos Mosonmagyar\u00f3v\u00e1r","url":"https:\/\/rhinodent.hu\/","logo":{"@type":"ImageObject","inLanguage":"de","@id":"https:\/\/rhinodent.hu\/#\/schema\/logo\/image\/","url":"https:\/\/rhinodent.hu\/wp-content\/uploads\/2024\/01\/rdlogo512.webp","contentUrl":"https:\/\/rhinodent.hu\/wp-content\/uploads\/2024\/01\/rdlogo512.webp","width":512,"height":512,"caption":"Rhinodent Fogorvos Mosonmagyar\u00f3v\u00e1r"},"image":{"@id":"https:\/\/rhinodent.hu\/#\/schema\/logo\/image\/"}}]}},"_links":{"self":[{"href":"https:\/\/rhinodent.hu\/de\/wp-json\/wp\/v2\/pages\/1912"}],"collection":[{"href":"https:\/\/rhinodent.hu\/de\/wp-json\/wp\/v2\/pages"}],"about":[{"href":"https:\/\/rhinodent.hu\/de\/wp-json\/wp\/v2\/types\/page"}],"author":[{"embeddable":true,"href":"https:\/\/rhinodent.hu\/de\/wp-json\/wp\/v2\/users\/1"}],"replies":[{"embeddable":true,"href":"https:\/\/rhinodent.hu\/de\/wp-json\/wp\/v2\/comments?post=1912"}],"version-history":[{"count":6,"href":"https:\/\/rhinodent.hu\/de\/wp-json\/wp\/v2\/pages\/1912\/revisions"}],"predecessor-version":[{"id":2226,"href":"https:\/\/rhinodent.hu\/de\/wp-json\/wp\/v2\/pages\/1912\/revisions\/2226"}],"wp:attachment":[{"href":"https:\/\/rhinodent.hu\/de\/wp-json\/wp\/v2\/media?parent=1912"}],"curies":[{"name":"wp","href":"https:\/\/api.w.org\/{rel}","templated":true}]}}