{"id":1887,"date":"2024-01-04T17:20:50","date_gmt":"2024-01-04T16:20:50","guid":{"rendered":"http:\/\/rhinodent.hu\/?page_id=1887"},"modified":"2025-01-02T16:13:02","modified_gmt":"2025-01-02T15:13:02","slug":"fogaszati-rendelo-mosonmagyarovar","status":"publish","type":"page","link":"https:\/\/rhinodent.hu\/en\/fogaszati-rendelo-mosonmagyarovar\/","title":{"rendered":"Dental surgery Mosonmagyar\u00f3v\u00e1r"},"content":{"rendered":"<p>[et_pb_section fb_built=&#8221;1&#8243; _builder_version=&#8221;4.23&#8243; _module_preset=&#8221;default&#8221; global_colors_info=&#8221;{}&#8221;][et_pb_row column_structure=&#8221;1_2,1_2&#8243; _builder_version=&#8221;4.23&#8243; _module_preset=&#8221;default&#8221; width=&#8221;90%&#8221; global_colors_info=&#8221;{}&#8221;][et_pb_column type=&#8221;1_2&#8243; _builder_version=&#8221;4.23&#8243; _module_preset=&#8221;default&#8221; global_colors_info=&#8221;{}&#8221;][et_pb_image src=&#8221;http:\/\/rhinodent.hu\/wp-content\/uploads\/2024\/02\/image1-masolat.webp&#8221; _builder_version=&#8221;4.23&#8243; _module_preset=&#8221;default&#8221; border_radii=&#8221;off|100px||100px|&#8221; border_width_all=&#8221;2px&#8221; border_color_all=&#8221;#85A1B0&#8243; global_colors_info=&#8221;{}&#8221;][\/et_pb_image][\/et_pb_column][et_pb_column type=&#8221;1_2&#8243; _builder_version=&#8221;4.23&#8243; _module_preset=&#8221;default&#8221; global_colors_info=&#8221;{}&#8221;][et_pb_text _builder_version=&#8221;4.23&#8243; _module_preset=&#8221;default&#8221; header_font=&#8221;ABeeZee|||on|||||&#8221; header_text_align=&#8221;left&#8221; header_text_color=&#8221;#4389AD&#8221; header_font_size=&#8221;40px&#8221; header_letter_spacing=&#8221;2px&#8221; custom_margin=&#8221;||0px||false|false&#8221; header_text_align_tablet=&#8221;left&#8221; header_text_align_phone=&#8221;left&#8221; header_text_align_last_edited=&#8221;on|desktop&#8221; header_font_size_tablet=&#8221;40px&#8221; header_font_size_phone=&#8221;20px&#8221; header_font_size_last_edited=&#8221;on|desktop&#8221; header_letter_spacing_tablet=&#8221;2px&#8221; header_letter_spacing_phone=&#8221;2px&#8221; header_letter_spacing_last_edited=&#8221;on|desktop&#8221; global_colors_info=&#8221;{}&#8221;]<\/p>\n<h1><strong>Dental Clinic Mosonmagyar\u00f3v\u00e1r<\/strong><\/h1>\n<p>[\/et_pb_text][et_pb_divider color=&#8221;#85A1B0&#8243; divider_style=&#8221;dotted&#8221; divider_weight=&#8221;10px&#8221; divider_weight_tablet=&#8221;10px&#8221; divider_weight_phone=&#8221;10px&#8221; divider_weight_last_edited=&#8221;on|desktop&#8221; _builder_version=&#8221;4.23&#8243; _module_preset=&#8221;default&#8221; width=&#8221;13%&#8221; global_colors_info=&#8221;{}&#8221;][\/et_pb_divider][et_pb_text _builder_version=&#8221;4.23&#8243; _module_preset=&#8221;default&#8221; text_font_size=&#8221;16px&#8221; text_line_height=&#8221;1.3em&#8221; header_3_font=&#8221;Abyssinica SIL||||||||&#8221; header_3_text_color=&#8221;#85A1B0&#8243; text_orientation=&#8221;justified&#8221; text_font_size_tablet=&#8221;16px&#8221; text_font_size_phone=&#8221;14px&#8221; text_font_size_last_edited=&#8221;on|desktop&#8221; text_line_height_tablet=&#8221;1.3em&#8221; text_line_height_phone=&#8221;1.3em&#8221; text_line_height_last_edited=&#8221;on|desktop&#8221; text_orientation_tablet=&#8221;justified&#8221; text_orientation_phone=&#8221;justified&#8221; text_orientation_last_edited=&#8221;on|desktop&#8221; global_colors_info=&#8221;{}&#8221;]Rhinodent Fog\u00e1szati Rendel\u0151 a Mosonmagyar\u00f3v\u00e1riak megb\u00edzhat\u00f3 partnere a sz\u00e1j\u00fcgyi eg\u00e9szs\u00e9g ter\u00e9n. A szem\u00e9lyre szabott \u00e9s prec\u00edz ell\u00e1t\u00e1s\u00e9rt \u00e1llunk seg\u00edts\u00e9g\u00e9re, hogy mosolya mindig ragyog\u00f3 legyen. Weboldalunkon r\u00e9szletes t\u00e1j\u00e9koztat\u00e1st tal\u00e1l szolg\u00e1ltat\u00e1sainkr\u00f3l, \u00e9s b\u00e1rmikor k\u00f6nnyed\u00e9n foglalhat id\u0151pontot online. Legyen sz\u00f3 egy egyszer\u0171 ellen\u0151rz\u00e9sr\u0151l vagy komplexebb kezel\u00e9sr\u0151l, a Rhinodent csapata a min\u0151s\u00e9get \u00e9s az elk\u00f6telezetts\u00e9get k\u00e9pviseli. V\u00e1rjuk \u00d6nt a mosolyok rendel\u0151j\u00e9ben![\/et_pb_text][\/et_pb_column][\/et_pb_row][et_pb_row _builder_version=&#8221;4.23&#8243; _module_preset=&#8221;default&#8221; width=&#8221;90%&#8221; global_colors_info=&#8221;{}&#8221;][et_pb_column type=&#8221;4_4&#8243; _builder_version=&#8221;4.23&#8243; _module_preset=&#8221;default&#8221; global_colors_info=&#8221;{}&#8221;][et_pb_text _builder_version=&#8221;4.23&#8243; _module_preset=&#8221;default&#8221; text_font_size=&#8221;16px&#8221; text_line_height=&#8221;1.3em&#8221; header_font=&#8221;Abyssinica SIL||||||||&#8221; header_text_align=&#8221;left&#8221; header_text_color=&#8221;#85A1B0&#8243; header_3_font=&#8221;ABeeZee||||||||&#8221; header_3_text_align=&#8221;left&#8221; header_3_text_color=&#8221;#85A1B0&#8243; header_4_font=&#8221;ABeeZee||||||||&#8221; header_4_text_align=&#8221;left&#8221; header_4_text_color=&#8221;#4389AD&#8221; text_orientation=&#8221;justified&#8221; text_font_size_tablet=&#8221;16px&#8221; text_font_size_phone=&#8221;14px&#8221; text_font_size_last_edited=&#8221;on|desktop&#8221; text_line_height_tablet=&#8221;1.3em&#8221; text_line_height_phone=&#8221;1.3em&#8221; text_line_height_last_edited=&#8221;on|desktop&#8221; header_text_align_tablet=&#8221;left&#8221; header_text_align_phone=&#8221;left&#8221; header_text_align_last_edited=&#8221;on|desktop&#8221; header_font_size_tablet=&#8221;&#8221; header_font_size_phone=&#8221;17px&#8221; header_font_size_last_edited=&#8221;on|phone&#8221; header_3_font_size_tablet=&#8221;&#8221; header_3_font_size_phone=&#8221;18px&#8221; header_3_font_size_last_edited=&#8221;on|phone&#8221; header_3_line_height_tablet=&#8221;&#8221; header_3_line_height_phone=&#8221;1.3em&#8221; header_3_line_height_last_edited=&#8221;on|phone&#8221; header_4_font_size_tablet=&#8221;&#8221; header_4_font_size_phone=&#8221;16px&#8221; header_4_font_size_last_edited=&#8221;on|phone&#8221; header_4_line_height_tablet=&#8221;&#8221; header_4_line_height_phone=&#8221;1.3em&#8221; header_4_line_height_last_edited=&#8221;on|phone&#8221; text_orientation_tablet=&#8221;justified&#8221; text_orientation_phone=&#8221;justified&#8221; text_orientation_last_edited=&#8221;on|desktop&#8221; global_colors_info=&#8221;{}&#8221;]<\/p>\n<h3>Dental Clinic Mosonmagyar\u00f3v\u00e1r<\/h3>\n<p>\u00dcdv\u00f6z\u00f6lj\u00fck a Rhinodent fog\u00e1szati rendel\u0151ben, ahol elk\u00f6telezettek vagyunk az \u00d6n \u00e9s csal\u00e1dja sz\u00e1j\u00fcgyi eg\u00e9szs\u00e9g\u00e9nek optim\u00e1lis \u00e1llapotban tart\u00e1sa ir\u00e1nt. Mosonmagyar\u00f3v\u00e1r egyik vezet\u0151 fogorvosi praxisak\u00e9nt kiemelt figyelmet ford\u00edtunk arra, hogy p\u00e1cienseink minden sz\u00fcks\u00e9glet\u00e9t magas sz\u00ednvonalon el\u00e9g\u00edts\u00fck ki.<\/p>\n<h3>Mi\u00e9rt Rhinodent?<\/h3>\n<p>Szolg\u00e1ltat\u00e1saink kiterjednek a megel\u0151z\u00e9sre, kezel\u00e9sre \u00e9s eszt\u00e9tikai fog\u00e1szati beavatkoz\u00e1sokra egyar\u00e1nt. A Rhinodent csapat\u00e1ban tapasztalt \u00e9s elhivatott fogorvosok v\u00e1rj\u00e1k, akik folyamatosan fejlesztik tud\u00e1sukat a leg\u00fajabb technol\u00f3gi\u00e1k \u00e9s m\u00f3dszerek ter\u00e9n.<\/p>\n<h3><span>Korrekt \u00c1rak, Kiv\u00e1l\u00f3 Szolg\u00e1ltat\u00e1s<\/span><\/h3>\n<p><span>Tudjuk, hogy az \u00e1rak fontos t\u00e9nyez\u0151k a fog\u00e1szati ell\u00e1t\u00e1s kiv\u00e1laszt\u00e1sakor. A Rhinodent Fog\u00e1szati rendel\u0151ben kiemelt figyelmet ford\u00edtunk az \u00e1tl\u00e1that\u00f3s\u00e1gra \u00e9s a korrekt \u00e1raz\u00e1sra. Minden beavatkoz\u00e1s el\u0151tt r\u00e9szletes \u00e1raj\u00e1nlatot adunk, hogy \u00d6n mindig tiszt\u00e1ban legyen a k\u00f6lts\u00e9gekkel. Nemcsak sz\u00e1ml\u00e1nk tartalmazza az \u00e1rakat, hanem szolg\u00e1ltat\u00e1saink min\u0151s\u00e9g\u00e9t is, hiszen sz\u00e1munkra a p\u00e1ciens el\u00e9gedetts\u00e9ge a legfontosabb.<\/span><\/p>\n<h3>Mit K\u00edn\u00e1lunk?<\/h3>\n<p>A Rhinodent fog\u00e1szati rendel\u0151 sz\u00e9les k\u00f6r\u0171 szolg\u00e1ltat\u00e1sokat k\u00edn\u00e1l, bele\u00e9rtve a rendszeres fogorvosi ellen\u0151rz\u00e9seket, fogt\u00f6m\u00e9seket, fogh\u00faz\u00e1st, fogp\u00f3tl\u00e1sokat, fogfeh\u00e9r\u00edt\u00e9st \u00e9s eszt\u00e9tikai fog\u00e1szati kezel\u00e9seket is. Modern \u00e9s bar\u00e1ts\u00e1gos k\u00f6rnyezetben v\u00e1rjuk \u00d6nt, ahol a leg\u00fajabb technol\u00f3gi\u00e1k seg\u00edtik a pontos diagn\u00f3zist \u00e9s hat\u00e9kony kezel\u00e9st.<\/p>\n<p>[\/et_pb_text][\/et_pb_column][\/et_pb_row][\/et_pb_section]<\/p>","protected":false},"excerpt":{"rendered":"<p>Fog\u00e1szati Rendel\u0151 Mosonmagyar\u00f3v\u00e1rRhinodent Fog\u00e1szati Rendel\u0151 a Mosonmagyar\u00f3v\u00e1riak megb\u00edzhat\u00f3 partnere a sz\u00e1j\u00fcgyi eg\u00e9szs\u00e9g ter\u00e9n. A szem\u00e9lyre szabott \u00e9s prec\u00edz ell\u00e1t\u00e1s\u00e9rt \u00e1llunk seg\u00edts\u00e9g\u00e9re, hogy mosolya mindig ragyog\u00f3 legyen. Weboldalunkon r\u00e9szletes t\u00e1j\u00e9koztat\u00e1st tal\u00e1l szolg\u00e1ltat\u00e1sainkr\u00f3l, \u00e9s b\u00e1rmikor k\u00f6nnyed\u00e9n foglalhat id\u0151pontot online. Legyen sz\u00f3 egy egyszer\u0171 ellen\u0151rz\u00e9sr\u0151l vagy komplexebb kezel\u00e9sr\u0151l, a Rhinodent csapata a min\u0151s\u00e9get \u00e9s az elk\u00f6telezetts\u00e9get k\u00e9pviseli. V\u00e1rjuk [&hellip;]<\/p>","protected":false},"author":1,"featured_media":0,"parent":0,"menu_order":0,"comment_status":"closed","ping_status":"closed","template":"","meta":{"_et_pb_use_builder":"on","_et_pb_old_content":"","_et_gb_content_width":"","footnotes":""},"yoast_head":"<!-- This site is optimized with the Yoast SEO plugin v24.1 - https:\/\/yoast.com\/wordpress\/plugins\/seo\/ -->\n<title>Fog\u00e1szati rendel\u0151 Mosonmagyar\u00f3v\u00e1r - Rhinodent Fogorvos Mosonmagyar\u00f3v\u00e1r<\/title>\n<meta name=\"description\" content=\"Modern fog\u00e1szati rendel\u0151 Mosonmagyar\u00f3v\u00e1ron, ahol professzion\u00e1lis ell\u00e1t\u00e1ssal \u00e9s bar\u00e1ts\u00e1gos k\u00f6rnyezettel v\u00e1rjuk \u00d6nt. Foglaljon id\u0151pontot a ragyog\u00f3 mosoly\u00e9rt!\" \/>\n<meta name=\"robots\" content=\"index, follow, max-snippet:-1, max-image-preview:large, max-video-preview:-1\" \/>\n<link rel=\"canonical\" href=\"https:\/\/rhinodent.hu\/en\/fogaszati-rendelo-mosonmagyarovar\/\" \/>\n<meta property=\"og:locale\" content=\"en_GB\" \/>\n<meta property=\"og:type\" content=\"article\" \/>\n<meta property=\"og:title\" content=\"Fog\u00e1szati rendel\u0151 Mosonmagyar\u00f3v\u00e1r - Rhinodent Fogorvos Mosonmagyar\u00f3v\u00e1r\" \/>\n<meta property=\"og:description\" content=\"Modern fog\u00e1szati rendel\u0151 Mosonmagyar\u00f3v\u00e1ron, ahol professzion\u00e1lis ell\u00e1t\u00e1ssal \u00e9s bar\u00e1ts\u00e1gos k\u00f6rnyezettel v\u00e1rjuk \u00d6nt. Foglaljon id\u0151pontot a ragyog\u00f3 mosoly\u00e9rt!\" \/>\n<meta property=\"og:url\" content=\"https:\/\/rhinodent.hu\/en\/fogaszati-rendelo-mosonmagyarovar\/\" \/>\n<meta property=\"og:site_name\" content=\"Rhinodent Fogorvos Mosonmagyar\u00f3v\u00e1r\" \/>\n<meta property=\"article:modified_time\" content=\"2025-01-02T15:13:02+00:00\" \/>\n<meta name=\"twitter:card\" content=\"summary_large_image\" \/>\n<meta name=\"twitter:label1\" content=\"Estimated reading time\" \/>\n\t<meta name=\"twitter:data1\" content=\"2 minutes\" \/>\n<script type=\"application\/ld+json\" class=\"yoast-schema-graph\">{\"@context\":\"https:\/\/schema.org\",\"@graph\":[{\"@type\":\"WebPage\",\"@id\":\"https:\/\/rhinodent.hu\/fogaszati-rendelo-mosonmagyarovar\/\",\"url\":\"https:\/\/rhinodent.hu\/fogaszati-rendelo-mosonmagyarovar\/\",\"name\":\"Fog\u00e1szati rendel\u0151 Mosonmagyar\u00f3v\u00e1r - Rhinodent Fogorvos Mosonmagyar\u00f3v\u00e1r\",\"isPartOf\":{\"@id\":\"https:\/\/rhinodent.hu\/#website\"},\"datePublished\":\"2024-01-04T16:20:50+00:00\",\"dateModified\":\"2025-01-02T15:13:02+00:00\",\"description\":\"Modern fog\u00e1szati rendel\u0151 Mosonmagyar\u00f3v\u00e1ron, ahol professzion\u00e1lis ell\u00e1t\u00e1ssal \u00e9s bar\u00e1ts\u00e1gos k\u00f6rnyezettel v\u00e1rjuk \u00d6nt. Foglaljon id\u0151pontot a ragyog\u00f3 mosoly\u00e9rt!\",\"breadcrumb\":{\"@id\":\"https:\/\/rhinodent.hu\/fogaszati-rendelo-mosonmagyarovar\/#breadcrumb\"},\"inLanguage\":\"en-GB\",\"potentialAction\":[{\"@type\":\"ReadAction\",\"target\":[\"https:\/\/rhinodent.hu\/fogaszati-rendelo-mosonmagyarovar\/\"]}]},{\"@type\":\"BreadcrumbList\",\"@id\":\"https:\/\/rhinodent.hu\/fogaszati-rendelo-mosonmagyarovar\/#breadcrumb\",\"itemListElement\":[{\"@type\":\"ListItem\",\"position\":1,\"name\":\"Kezd\u0151lap\",\"item\":\"https:\/\/rhinodent.hu\/\"},{\"@type\":\"ListItem\",\"position\":2,\"name\":\"Fog\u00e1szati rendel\u0151 Mosonmagyar\u00f3v\u00e1r\"}]},{\"@type\":\"WebSite\",\"@id\":\"https:\/\/rhinodent.hu\/#website\",\"url\":\"https:\/\/rhinodent.hu\/\",\"name\":\"Rhinodent Fogorvos Mosonmagyar\u00f3v\u00e1r\",\"description\":\"Fogorvosi rendel\u0151 Mosonmagyar\u00f3v\u00e1r, Fogszab\u00e1lyoz\u00e1s Mosonmagyar\u00f3v\u00e1r, Fogp\u00f3tl\u00e1s Mosonmagyar\u00f3v\u00e1r\",\"publisher\":{\"@id\":\"https:\/\/rhinodent.hu\/#organization\"},\"potentialAction\":[{\"@type\":\"SearchAction\",\"target\":{\"@type\":\"EntryPoint\",\"urlTemplate\":\"https:\/\/rhinodent.hu\/?s={search_term_string}\"},\"query-input\":{\"@type\":\"PropertyValueSpecification\",\"valueRequired\":true,\"valueName\":\"search_term_string\"}}],\"inLanguage\":\"en-GB\"},{\"@type\":\"Organization\",\"@id\":\"https:\/\/rhinodent.hu\/#organization\",\"name\":\"Rhinodent Fogorvos Mosonmagyar\u00f3v\u00e1r\",\"url\":\"https:\/\/rhinodent.hu\/\",\"logo\":{\"@type\":\"ImageObject\",\"inLanguage\":\"en-GB\",\"@id\":\"https:\/\/rhinodent.hu\/#\/schema\/logo\/image\/\",\"url\":\"https:\/\/rhinodent.hu\/wp-content\/uploads\/2024\/01\/rdlogo512.webp\",\"contentUrl\":\"https:\/\/rhinodent.hu\/wp-content\/uploads\/2024\/01\/rdlogo512.webp\",\"width\":512,\"height\":512,\"caption\":\"Rhinodent Fogorvos Mosonmagyar\u00f3v\u00e1r\"},\"image\":{\"@id\":\"https:\/\/rhinodent.hu\/#\/schema\/logo\/image\/\"}}]}<\/script>\n<!-- \/ Yoast SEO plugin. -->","yoast_head_json":{"title":"Fog\u00e1szati rendel\u0151 Mosonmagyar\u00f3v\u00e1r - Rhinodent Fogorvos Mosonmagyar\u00f3v\u00e1r","description":"Modern fog\u00e1szati rendel\u0151 Mosonmagyar\u00f3v\u00e1ron, ahol professzion\u00e1lis ell\u00e1t\u00e1ssal \u00e9s bar\u00e1ts\u00e1gos k\u00f6rnyezettel v\u00e1rjuk \u00d6nt. Foglaljon id\u0151pontot a ragyog\u00f3 mosoly\u00e9rt!","robots":{"index":"index","follow":"follow","max-snippet":"max-snippet:-1","max-image-preview":"max-image-preview:large","max-video-preview":"max-video-preview:-1"},"canonical":"https:\/\/rhinodent.hu\/en\/fogaszati-rendelo-mosonmagyarovar\/","og_locale":"en_GB","og_type":"article","og_title":"Fog\u00e1szati rendel\u0151 Mosonmagyar\u00f3v\u00e1r - Rhinodent Fogorvos Mosonmagyar\u00f3v\u00e1r","og_description":"Modern fog\u00e1szati rendel\u0151 Mosonmagyar\u00f3v\u00e1ron, ahol professzion\u00e1lis ell\u00e1t\u00e1ssal \u00e9s bar\u00e1ts\u00e1gos k\u00f6rnyezettel v\u00e1rjuk \u00d6nt. Foglaljon id\u0151pontot a ragyog\u00f3 mosoly\u00e9rt!","og_url":"https:\/\/rhinodent.hu\/en\/fogaszati-rendelo-mosonmagyarovar\/","og_site_name":"Rhinodent Fogorvos Mosonmagyar\u00f3v\u00e1r","article_modified_time":"2025-01-02T15:13:02+00:00","twitter_card":"summary_large_image","twitter_misc":{"Estimated reading time":"2 minutes"},"schema":{"@context":"https:\/\/schema.org","@graph":[{"@type":"WebPage","@id":"https:\/\/rhinodent.hu\/fogaszati-rendelo-mosonmagyarovar\/","url":"https:\/\/rhinodent.hu\/fogaszati-rendelo-mosonmagyarovar\/","name":"Fog\u00e1szati rendel\u0151 Mosonmagyar\u00f3v\u00e1r - Rhinodent Fogorvos Mosonmagyar\u00f3v\u00e1r","isPartOf":{"@id":"https:\/\/rhinodent.hu\/#website"},"datePublished":"2024-01-04T16:20:50+00:00","dateModified":"2025-01-02T15:13:02+00:00","description":"Modern fog\u00e1szati rendel\u0151 Mosonmagyar\u00f3v\u00e1ron, ahol professzion\u00e1lis ell\u00e1t\u00e1ssal \u00e9s bar\u00e1ts\u00e1gos k\u00f6rnyezettel v\u00e1rjuk \u00d6nt. Foglaljon id\u0151pontot a ragyog\u00f3 mosoly\u00e9rt!","breadcrumb":{"@id":"https:\/\/rhinodent.hu\/fogaszati-rendelo-mosonmagyarovar\/#breadcrumb"},"inLanguage":"en-GB","potentialAction":[{"@type":"ReadAction","target":["https:\/\/rhinodent.hu\/fogaszati-rendelo-mosonmagyarovar\/"]}]},{"@type":"BreadcrumbList","@id":"https:\/\/rhinodent.hu\/fogaszati-rendelo-mosonmagyarovar\/#breadcrumb","itemListElement":[{"@type":"ListItem","position":1,"name":"Kezd\u0151lap","item":"https:\/\/rhinodent.hu\/"},{"@type":"ListItem","position":2,"name":"Fog\u00e1szati rendel\u0151 Mosonmagyar\u00f3v\u00e1r"}]},{"@type":"WebSite","@id":"https:\/\/rhinodent.hu\/#website","url":"https:\/\/rhinodent.hu\/","name":"Rhinodent Fogorvos Mosonmagyar\u00f3v\u00e1r","description":"Fogorvosi rendel\u0151 Mosonmagyar\u00f3v\u00e1r, Fogszab\u00e1lyoz\u00e1s Mosonmagyar\u00f3v\u00e1r, Fogp\u00f3tl\u00e1s Mosonmagyar\u00f3v\u00e1r","publisher":{"@id":"https:\/\/rhinodent.hu\/#organization"},"potentialAction":[{"@type":"SearchAction","target":{"@type":"EntryPoint","urlTemplate":"https:\/\/rhinodent.hu\/?s={search_term_string}"},"query-input":{"@type":"PropertyValueSpecification","valueRequired":true,"valueName":"search_term_string"}}],"inLanguage":"en-GB"},{"@type":"Organization","@id":"https:\/\/rhinodent.hu\/#organization","name":"Rhinodent Fogorvos Mosonmagyar\u00f3v\u00e1r","url":"https:\/\/rhinodent.hu\/","logo":{"@type":"ImageObject","inLanguage":"en-GB","@id":"https:\/\/rhinodent.hu\/#\/schema\/logo\/image\/","url":"https:\/\/rhinodent.hu\/wp-content\/uploads\/2024\/01\/rdlogo512.webp","contentUrl":"https:\/\/rhinodent.hu\/wp-content\/uploads\/2024\/01\/rdlogo512.webp","width":512,"height":512,"caption":"Rhinodent Fogorvos Mosonmagyar\u00f3v\u00e1r"},"image":{"@id":"https:\/\/rhinodent.hu\/#\/schema\/logo\/image\/"}}]}},"_links":{"self":[{"href":"https:\/\/rhinodent.hu\/en\/wp-json\/wp\/v2\/pages\/1887"}],"collection":[{"href":"https:\/\/rhinodent.hu\/en\/wp-json\/wp\/v2\/pages"}],"about":[{"href":"https:\/\/rhinodent.hu\/en\/wp-json\/wp\/v2\/types\/page"}],"author":[{"embeddable":true,"href":"https:\/\/rhinodent.hu\/en\/wp-json\/wp\/v2\/users\/1"}],"replies":[{"embeddable":true,"href":"https:\/\/rhinodent.hu\/en\/wp-json\/wp\/v2\/comments?post=1887"}],"version-history":[{"count":4,"href":"https:\/\/rhinodent.hu\/en\/wp-json\/wp\/v2\/pages\/1887\/revisions"}],"predecessor-version":[{"id":2229,"href":"https:\/\/rhinodent.hu\/en\/wp-json\/wp\/v2\/pages\/1887\/revisions\/2229"}],"wp:attachment":[{"href":"https:\/\/rhinodent.hu\/en\/wp-json\/wp\/v2\/media?parent=1887"}],"curies":[{"name":"wp","href":"https:\/\/api.w.org\/{rel}","templated":true}]}}