{"id":1890,"date":"2024-01-04T17:20:50","date_gmt":"2024-01-04T16:20:50","guid":{"rendered":"http:\/\/rhinodent.hu\/?page_id=1890"},"modified":"2024-02-07T13:17:00","modified_gmt":"2024-02-07T12:17:00","slug":"esztetikus-fogtomesek","status":"publish","type":"page","link":"https:\/\/rhinodent.hu\/en\/aesthetic-tooth-enamels\/","title":{"rendered":"Aesthetic fillings"},"content":{"rendered":"<p>[et_pb_section fb_built=&#8221;1&#8243; _builder_version=&#8221;4.23&#8243; _module_preset=&#8221;default&#8221; global_colors_info=&#8221;{}&#8221;][et_pb_row column_structure=&#8221;1_2,1_2&#8243; _builder_version=&#8221;4.23&#8243; _module_preset=&#8221;default&#8221; width=&#8221;90%&#8221; global_colors_info=&#8221;{}&#8221;][et_pb_column type=&#8221;1_2&#8243; _builder_version=&#8221;4.23&#8243; _module_preset=&#8221;default&#8221; global_colors_info=&#8221;{}&#8221;][et_pb_image src=&#8221;http:\/\/rhinodent.hu\/wp-content\/uploads\/2024\/02\/fogp.webp&#8221; _builder_version=&#8221;4.23&#8243; _module_preset=&#8221;default&#8221; border_radii=&#8221;off|100px||100px|&#8221; border_width_all=&#8221;2px&#8221; border_color_all=&#8221;#85A1B0&#8243; global_colors_info=&#8221;{}&#8221;][\/et_pb_image][\/et_pb_column][et_pb_column type=&#8221;1_2&#8243; _builder_version=&#8221;4.23&#8243; _module_preset=&#8221;default&#8221; global_colors_info=&#8221;{}&#8221;][et_pb_text _builder_version=&#8221;4.23&#8243; _module_preset=&#8221;default&#8221; header_font=&#8221;ABeeZee|||on|||||&#8221; header_text_align=&#8221;left&#8221; header_text_color=&#8221;#4389AD&#8221; header_font_size=&#8221;40px&#8221; header_letter_spacing=&#8221;2px&#8221; custom_margin=&#8221;||0px||false|false&#8221; header_text_align_tablet=&#8221;left&#8221; header_text_align_phone=&#8221;left&#8221; header_text_align_last_edited=&#8221;on|desktop&#8221; header_font_size_tablet=&#8221;40px&#8221; header_font_size_phone=&#8221;20px&#8221; header_font_size_last_edited=&#8221;on|desktop&#8221; header_letter_spacing_tablet=&#8221;2px&#8221; header_letter_spacing_phone=&#8221;2px&#8221; header_letter_spacing_last_edited=&#8221;on|desktop&#8221; global_colors_info=&#8221;{}&#8221;]<\/p>\n<h1>Aesthetic fillings<\/h1>\n<p>[\/et_pb_text][et_pb_divider color=&#8221;#85A1B0&#8243; divider_style=&#8221;dotted&#8221; divider_weight=&#8221;10px&#8221; divider_weight_tablet=&#8221;10px&#8221; divider_weight_phone=&#8221;10px&#8221; divider_weight_last_edited=&#8221;on|desktop&#8221; _builder_version=&#8221;4.23&#8243; _module_preset=&#8221;default&#8221; width=&#8221;13%&#8221; global_colors_info=&#8221;{}&#8221;][\/et_pb_divider][et_pb_text _builder_version=&#8221;4.23&#8243; _module_preset=&#8221;default&#8221; text_font_size=&#8221;16px&#8221; text_line_height=&#8221;1.3em&#8221; text_orientation=&#8221;justified&#8221; hover_enabled=&#8221;0&#8243; text_font_size_tablet=&#8221;16px&#8221; text_font_size_phone=&#8221;14px&#8221; text_font_size_last_edited=&#8221;on|desktop&#8221; text_line_height_tablet=&#8221;1.3em&#8221; text_line_height_phone=&#8221;1.3em&#8221; text_line_height_last_edited=&#8221;on|desktop&#8221; text_orientation_tablet=&#8221;justified&#8221; text_orientation_phone=&#8221;justified&#8221; text_orientation_last_edited=&#8221;on|desktop&#8221; global_colors_info=&#8221;{}&#8221; sticky_enabled=&#8221;0&#8243;]<\/p>\n<p>In the world of aesthetic dental fillings, we strive for harmony between functionality and aesthetics. We offer high quality aesthetic dental filling services to our community in Mosonmagyar\u00f3v\u00e1r. Visit our website to learn how you can transform your smile with our durable and beautiful dental fillings.<\/p>\n<p><span>Attention and patient comfort are a priority in our treatments. Our doctors and staff are always committed to ensuring that patients have a comfortable and stress-free treatment experience. We provide detailed explanations before treatments and are happy to answer any questions you may have, so that you can feel relaxed and informed about your treatment.<\/span><\/p>\n<p><span>We have also designed our practice to create a pleasant and trusting atmosphere. We know that dental treatments can be stressful for many people, so we do our best to provide a pleasant environment for our patients.<\/span><\/p>\n<p>[\/et_pb_text][\/et_pb_column][\/et_pb_row][et_pb_row _builder_version=&#8221;4.23&#8243; _module_preset=&#8221;default&#8221; width=&#8221;90%&#8221; global_colors_info=&#8221;{}&#8221;][et_pb_column type=&#8221;4_4&#8243; _builder_version=&#8221;4.23&#8243; _module_preset=&#8221;default&#8221; global_colors_info=&#8221;{}&#8221;][et_pb_text _builder_version=&#8221;4.23&#8243; _module_preset=&#8221;default&#8221; text_font_size=&#8221;16px&#8221; text_line_height=&#8221;1.3em&#8221; header_font=&#8221;Abyssinica SIL||||||||&#8221; header_text_align=&#8221;left&#8221; header_text_color=&#8221;#85A1B0&#8243; header_3_font=&#8221;ABeeZee||||||||&#8221; header_3_text_align=&#8221;left&#8221; header_3_text_color=&#8221;#85A1B0&#8243; header_4_font=&#8221;ABeeZee||||||||&#8221; header_4_text_align=&#8221;left&#8221; header_4_text_color=&#8221;#4389AD&#8221; text_orientation=&#8221;justified&#8221; text_font_size_tablet=&#8221;16px&#8221; text_font_size_phone=&#8221;14px&#8221; text_font_size_last_edited=&#8221;on|desktop&#8221; text_line_height_tablet=&#8221;1.3em&#8221; text_line_height_phone=&#8221;1.3em&#8221; text_line_height_last_edited=&#8221;on|desktop&#8221; header_text_align_tablet=&#8221;left&#8221; header_text_align_phone=&#8221;left&#8221; header_text_align_last_edited=&#8221;on|desktop&#8221; header_font_size_tablet=&#8221;&#8221; header_font_size_phone=&#8221;17px&#8221; header_font_size_last_edited=&#8221;on|phone&#8221; header_3_font_size_tablet=&#8221;&#8221; header_3_font_size_phone=&#8221;18px&#8221; header_3_font_size_last_edited=&#8221;on|phone&#8221; header_3_line_height_tablet=&#8221;&#8221; header_3_line_height_phone=&#8221;1.3em&#8221; header_3_line_height_last_edited=&#8221;on|phone&#8221; header_4_font_size_tablet=&#8221;&#8221; header_4_font_size_phone=&#8221;16px&#8221; header_4_font_size_last_edited=&#8221;on|phone&#8221; header_4_line_height_tablet=&#8221;&#8221; header_4_line_height_phone=&#8221;1.3em&#8221; header_4_line_height_last_edited=&#8221;on|phone&#8221; text_orientation_tablet=&#8221;justified&#8221; text_orientation_phone=&#8221;justified&#8221; text_orientation_last_edited=&#8221;on|desktop&#8221; global_colors_info=&#8221;{}&#8221;]<\/p>\n<h3><strong>Aesthetic fillings. What you need to know?:<\/strong><\/h3>\n<p>Aesthetic fillings are a modern approach to dental fillings. At the beginning of the procedure, we will discuss your needs in a detailed consultation and our doctor will perform a thorough examination. Aesthetic dental fillings are usually made of porcelain or composite materials that blend easily with the tooth colour and structure.<\/p>\n<p>The procedure involves preparing the affected tooth area and then applying the aesthetic filling material. The material is then shaped and polished to achieve a natural and aesthetic result. Aesthetic fillings are not only durable, but also natural-looking, so your smile will regain its original beauty.<\/p>\n<h3><strong>Prices of dental fillings:<\/strong><\/h3>\n<p>The cost of aesthetic fillings can vary depending on the number of teeth treated and the material used. However, we always communicate our prices transparently and provide a detailed quote for each patient. We know that the cost of dental treatment is an important factor, so we offer a variety of financing options to help you plan and finance your treatment.<\/p>\n<p>&nbsp;<\/p>\n<h1>Aesthetic fillings in Mosonmagyrovar<\/h1>\n<p>[\/et_pb_text][\/et_pb_column][\/et_pb_row][\/et_pb_section]<\/p>","protected":false},"excerpt":{"rendered":"<p>Eszt\u00e9tikus fogt\u00f6m\u00e9sekEszt\u00e9tikus fogt\u00f6m\u00e9sek vil\u00e1g\u00e1ban, a funkcionalit\u00e1s \u00e9s az eszt\u00e9tika harm\u00f3ni\u00e1j\u00e1ra t\u00f6reksz\u00fcnk. Mosonmagyar\u00f3v\u00e1ri k\u00f6z\u00f6ss\u00e9g\u00fcnk sz\u00e1m\u00e1ra k\u00edn\u00e1ljuk az eszt\u00e9tikus fogt\u00f6m\u00e9sek magas sz\u00ednvonal\u00fa szolg\u00e1ltat\u00e1sait. L\u00e1togasson el honlapunkra, \u00e9s ismerje meg, hogyan v\u00e1ltoztathatja meg mosoly\u00e1t tart\u00f3s \u00e9s gy\u00f6ny\u00f6r\u0171 fogt\u00f6m\u00e9seinkkel. A figyelmess\u00e9g \u00e9s a p\u00e1ciens k\u00e9nyelme a kezel\u00e9seink sor\u00e1n kiemelt fontoss\u00e1g\u00fa. Az orvosaink \u00e9s a szem\u00e9lyzet\u00fcnk mindig elk\u00f6telezettek abban, hogy [&hellip;]<\/p>","protected":false},"author":1,"featured_media":0,"parent":0,"menu_order":0,"comment_status":"closed","ping_status":"closed","template":"","meta":{"_et_pb_use_builder":"on","_et_pb_old_content":"","_et_gb_content_width":"","footnotes":""},"yoast_head":"<!-- This site is optimized with the Yoast SEO plugin v24.1 - https:\/\/yoast.com\/wordpress\/plugins\/seo\/ -->\n<title>Eszt\u00e9tikus fogt\u00f6m\u00e9sek - Rhinodent Fogorvos Mosonmagyar\u00f3v\u00e1r<\/title>\n<meta name=\"robots\" content=\"index, follow, max-snippet:-1, max-image-preview:large, max-video-preview:-1\" \/>\n<link rel=\"canonical\" href=\"https:\/\/rhinodent.hu\/en\/aesthetic-tooth-enamels\/\" \/>\n<meta property=\"og:locale\" content=\"en_GB\" \/>\n<meta property=\"og:type\" content=\"article\" \/>\n<meta property=\"og:title\" content=\"Eszt\u00e9tikus fogt\u00f6m\u00e9sek - Rhinodent Fogorvos Mosonmagyar\u00f3v\u00e1r\" \/>\n<meta property=\"og:description\" content=\"Eszt\u00e9tikus fogt\u00f6m\u00e9sekEszt\u00e9tikus fogt\u00f6m\u00e9sek vil\u00e1g\u00e1ban, a funkcionalit\u00e1s \u00e9s az eszt\u00e9tika harm\u00f3ni\u00e1j\u00e1ra t\u00f6reksz\u00fcnk. Mosonmagyar\u00f3v\u00e1ri k\u00f6z\u00f6ss\u00e9g\u00fcnk sz\u00e1m\u00e1ra k\u00edn\u00e1ljuk az eszt\u00e9tikus fogt\u00f6m\u00e9sek magas sz\u00ednvonal\u00fa szolg\u00e1ltat\u00e1sait. L\u00e1togasson el honlapunkra, \u00e9s ismerje meg, hogyan v\u00e1ltoztathatja meg mosoly\u00e1t tart\u00f3s \u00e9s gy\u00f6ny\u00f6r\u0171 fogt\u00f6m\u00e9seinkkel. A figyelmess\u00e9g \u00e9s a p\u00e1ciens k\u00e9nyelme a kezel\u00e9seink sor\u00e1n kiemelt fontoss\u00e1g\u00fa. Az orvosaink \u00e9s a szem\u00e9lyzet\u00fcnk mindig elk\u00f6telezettek abban, hogy [&hellip;]\" \/>\n<meta property=\"og:url\" content=\"https:\/\/rhinodent.hu\/en\/aesthetic-tooth-enamels\/\" \/>\n<meta property=\"og:site_name\" content=\"Rhinodent Fogorvos Mosonmagyar\u00f3v\u00e1r\" \/>\n<meta property=\"article:modified_time\" content=\"2024-02-07T12:17:00+00:00\" \/>\n<meta name=\"twitter:card\" content=\"summary_large_image\" \/>\n<meta name=\"twitter:label1\" content=\"Estimated reading time\" \/>\n\t<meta name=\"twitter:data1\" content=\"5 minutes\" \/>\n<script type=\"application\/ld+json\" class=\"yoast-schema-graph\">{\"@context\":\"https:\/\/schema.org\",\"@graph\":[{\"@type\":\"WebPage\",\"@id\":\"https:\/\/rhinodent.hu\/esztetikus-fogtomesek\/\",\"url\":\"https:\/\/rhinodent.hu\/esztetikus-fogtomesek\/\",\"name\":\"Eszt\u00e9tikus fogt\u00f6m\u00e9sek - Rhinodent Fogorvos Mosonmagyar\u00f3v\u00e1r\",\"isPartOf\":{\"@id\":\"https:\/\/rhinodent.hu\/#website\"},\"datePublished\":\"2024-01-04T16:20:50+00:00\",\"dateModified\":\"2024-02-07T12:17:00+00:00\",\"breadcrumb\":{\"@id\":\"https:\/\/rhinodent.hu\/esztetikus-fogtomesek\/#breadcrumb\"},\"inLanguage\":\"en-GB\",\"potentialAction\":[{\"@type\":\"ReadAction\",\"target\":[\"https:\/\/rhinodent.hu\/esztetikus-fogtomesek\/\"]}]},{\"@type\":\"BreadcrumbList\",\"@id\":\"https:\/\/rhinodent.hu\/esztetikus-fogtomesek\/#breadcrumb\",\"itemListElement\":[{\"@type\":\"ListItem\",\"position\":1,\"name\":\"Kezd\u0151lap\",\"item\":\"https:\/\/rhinodent.hu\/\"},{\"@type\":\"ListItem\",\"position\":2,\"name\":\"Eszt\u00e9tikus fogt\u00f6m\u00e9sek\"}]},{\"@type\":\"WebSite\",\"@id\":\"https:\/\/rhinodent.hu\/#website\",\"url\":\"https:\/\/rhinodent.hu\/\",\"name\":\"Rhinodent Fogorvos Mosonmagyar\u00f3v\u00e1r\",\"description\":\"Fogorvosi rendel\u0151 Mosonmagyar\u00f3v\u00e1r, Fogszab\u00e1lyoz\u00e1s Mosonmagyar\u00f3v\u00e1r, Fogp\u00f3tl\u00e1s Mosonmagyar\u00f3v\u00e1r\",\"publisher\":{\"@id\":\"https:\/\/rhinodent.hu\/#organization\"},\"potentialAction\":[{\"@type\":\"SearchAction\",\"target\":{\"@type\":\"EntryPoint\",\"urlTemplate\":\"https:\/\/rhinodent.hu\/?s={search_term_string}\"},\"query-input\":{\"@type\":\"PropertyValueSpecification\",\"valueRequired\":true,\"valueName\":\"search_term_string\"}}],\"inLanguage\":\"en-GB\"},{\"@type\":\"Organization\",\"@id\":\"https:\/\/rhinodent.hu\/#organization\",\"name\":\"Rhinodent Fogorvos Mosonmagyar\u00f3v\u00e1r\",\"url\":\"https:\/\/rhinodent.hu\/\",\"logo\":{\"@type\":\"ImageObject\",\"inLanguage\":\"en-GB\",\"@id\":\"https:\/\/rhinodent.hu\/#\/schema\/logo\/image\/\",\"url\":\"https:\/\/rhinodent.hu\/wp-content\/uploads\/2024\/01\/rdlogo512.webp\",\"contentUrl\":\"https:\/\/rhinodent.hu\/wp-content\/uploads\/2024\/01\/rdlogo512.webp\",\"width\":512,\"height\":512,\"caption\":\"Rhinodent Fogorvos Mosonmagyar\u00f3v\u00e1r\"},\"image\":{\"@id\":\"https:\/\/rhinodent.hu\/#\/schema\/logo\/image\/\"}}]}<\/script>\n<!-- \/ Yoast SEO plugin. -->","yoast_head_json":{"title":"Eszt\u00e9tikus fogt\u00f6m\u00e9sek - Rhinodent Fogorvos Mosonmagyar\u00f3v\u00e1r","robots":{"index":"index","follow":"follow","max-snippet":"max-snippet:-1","max-image-preview":"max-image-preview:large","max-video-preview":"max-video-preview:-1"},"canonical":"https:\/\/rhinodent.hu\/en\/aesthetic-tooth-enamels\/","og_locale":"en_GB","og_type":"article","og_title":"Eszt\u00e9tikus fogt\u00f6m\u00e9sek - Rhinodent Fogorvos Mosonmagyar\u00f3v\u00e1r","og_description":"Eszt\u00e9tikus fogt\u00f6m\u00e9sekEszt\u00e9tikus fogt\u00f6m\u00e9sek vil\u00e1g\u00e1ban, a funkcionalit\u00e1s \u00e9s az eszt\u00e9tika harm\u00f3ni\u00e1j\u00e1ra t\u00f6reksz\u00fcnk. Mosonmagyar\u00f3v\u00e1ri k\u00f6z\u00f6ss\u00e9g\u00fcnk sz\u00e1m\u00e1ra k\u00edn\u00e1ljuk az eszt\u00e9tikus fogt\u00f6m\u00e9sek magas sz\u00ednvonal\u00fa szolg\u00e1ltat\u00e1sait. L\u00e1togasson el honlapunkra, \u00e9s ismerje meg, hogyan v\u00e1ltoztathatja meg mosoly\u00e1t tart\u00f3s \u00e9s gy\u00f6ny\u00f6r\u0171 fogt\u00f6m\u00e9seinkkel. A figyelmess\u00e9g \u00e9s a p\u00e1ciens k\u00e9nyelme a kezel\u00e9seink sor\u00e1n kiemelt fontoss\u00e1g\u00fa. Az orvosaink \u00e9s a szem\u00e9lyzet\u00fcnk mindig elk\u00f6telezettek abban, hogy [&hellip;]","og_url":"https:\/\/rhinodent.hu\/en\/aesthetic-tooth-enamels\/","og_site_name":"Rhinodent Fogorvos Mosonmagyar\u00f3v\u00e1r","article_modified_time":"2024-02-07T12:17:00+00:00","twitter_card":"summary_large_image","twitter_misc":{"Estimated reading time":"5 minutes"},"schema":{"@context":"https:\/\/schema.org","@graph":[{"@type":"WebPage","@id":"https:\/\/rhinodent.hu\/esztetikus-fogtomesek\/","url":"https:\/\/rhinodent.hu\/esztetikus-fogtomesek\/","name":"Eszt\u00e9tikus fogt\u00f6m\u00e9sek - Rhinodent Fogorvos Mosonmagyar\u00f3v\u00e1r","isPartOf":{"@id":"https:\/\/rhinodent.hu\/#website"},"datePublished":"2024-01-04T16:20:50+00:00","dateModified":"2024-02-07T12:17:00+00:00","breadcrumb":{"@id":"https:\/\/rhinodent.hu\/esztetikus-fogtomesek\/#breadcrumb"},"inLanguage":"en-GB","potentialAction":[{"@type":"ReadAction","target":["https:\/\/rhinodent.hu\/esztetikus-fogtomesek\/"]}]},{"@type":"BreadcrumbList","@id":"https:\/\/rhinodent.hu\/esztetikus-fogtomesek\/#breadcrumb","itemListElement":[{"@type":"ListItem","position":1,"name":"Kezd\u0151lap","item":"https:\/\/rhinodent.hu\/"},{"@type":"ListItem","position":2,"name":"Eszt\u00e9tikus fogt\u00f6m\u00e9sek"}]},{"@type":"WebSite","@id":"https:\/\/rhinodent.hu\/#website","url":"https:\/\/rhinodent.hu\/","name":"Rhinodent Fogorvos Mosonmagyar\u00f3v\u00e1r","description":"Fogorvosi rendel\u0151 Mosonmagyar\u00f3v\u00e1r, Fogszab\u00e1lyoz\u00e1s Mosonmagyar\u00f3v\u00e1r, Fogp\u00f3tl\u00e1s Mosonmagyar\u00f3v\u00e1r","publisher":{"@id":"https:\/\/rhinodent.hu\/#organization"},"potentialAction":[{"@type":"SearchAction","target":{"@type":"EntryPoint","urlTemplate":"https:\/\/rhinodent.hu\/?s={search_term_string}"},"query-input":{"@type":"PropertyValueSpecification","valueRequired":true,"valueName":"search_term_string"}}],"inLanguage":"en-GB"},{"@type":"Organization","@id":"https:\/\/rhinodent.hu\/#organization","name":"Rhinodent Fogorvos Mosonmagyar\u00f3v\u00e1r","url":"https:\/\/rhinodent.hu\/","logo":{"@type":"ImageObject","inLanguage":"en-GB","@id":"https:\/\/rhinodent.hu\/#\/schema\/logo\/image\/","url":"https:\/\/rhinodent.hu\/wp-content\/uploads\/2024\/01\/rdlogo512.webp","contentUrl":"https:\/\/rhinodent.hu\/wp-content\/uploads\/2024\/01\/rdlogo512.webp","width":512,"height":512,"caption":"Rhinodent Fogorvos Mosonmagyar\u00f3v\u00e1r"},"image":{"@id":"https:\/\/rhinodent.hu\/#\/schema\/logo\/image\/"}}]}},"_links":{"self":[{"href":"https:\/\/rhinodent.hu\/en\/wp-json\/wp\/v2\/pages\/1890"}],"collection":[{"href":"https:\/\/rhinodent.hu\/en\/wp-json\/wp\/v2\/pages"}],"about":[{"href":"https:\/\/rhinodent.hu\/en\/wp-json\/wp\/v2\/types\/page"}],"author":[{"embeddable":true,"href":"https:\/\/rhinodent.hu\/en\/wp-json\/wp\/v2\/users\/1"}],"replies":[{"embeddable":true,"href":"https:\/\/rhinodent.hu\/en\/wp-json\/wp\/v2\/comments?post=1890"}],"version-history":[{"count":5,"href":"https:\/\/rhinodent.hu\/en\/wp-json\/wp\/v2\/pages\/1890\/revisions"}],"predecessor-version":[{"id":2192,"href":"https:\/\/rhinodent.hu\/en\/wp-json\/wp\/v2\/pages\/1890\/revisions\/2192"}],"wp:attachment":[{"href":"https:\/\/rhinodent.hu\/en\/wp-json\/wp\/v2\/media?parent=1890"}],"curies":[{"name":"wp","href":"https:\/\/api.w.org\/{rel}","templated":true}]}}