{"id":1891,"date":"2024-01-04T17:20:50","date_gmt":"2024-01-04T16:20:50","guid":{"rendered":"http:\/\/rhinodent.hu\/?page_id=1891"},"modified":"2025-01-02T16:13:41","modified_gmt":"2025-01-02T15:13:41","slug":"fogimplantatumok-keszitese","status":"publish","type":"page","link":"https:\/\/rhinodent.hu\/en\/dental-implants\/","title":{"rendered":"Making dental implants"},"content":{"rendered":"<p>[et_pb_section fb_built=&#8221;1&#8243; _builder_version=&#8221;4.23&#8243; _module_preset=&#8221;default&#8221; global_colors_info=&#8221;{}&#8221;][et_pb_row column_structure=&#8221;1_2,1_2&#8243; _builder_version=&#8221;4.23&#8243; _module_preset=&#8221;default&#8221; width=&#8221;90%&#8221; global_colors_info=&#8221;{}&#8221;][et_pb_column type=&#8221;1_2&#8243; _builder_version=&#8221;4.23&#8243; _module_preset=&#8221;default&#8221; global_colors_info=&#8221;{}&#8221;][et_pb_image src=&#8221;http:\/\/rhinodent.hu\/wp-content\/uploads\/2024\/02\/fogimp.webp&#8221; _builder_version=&#8221;4.23&#8243; _module_preset=&#8221;default&#8221; border_radii=&#8221;off|100px||100px|&#8221; border_width_all=&#8221;2px&#8221; border_color_all=&#8221;#85A1B0&#8243; global_colors_info=&#8221;{}&#8221;][\/et_pb_image][\/et_pb_column][et_pb_column type=&#8221;1_2&#8243; _builder_version=&#8221;4.23&#8243; _module_preset=&#8221;default&#8221; global_colors_info=&#8221;{}&#8221;][et_pb_text _builder_version=&#8221;4.23&#8243; _module_preset=&#8221;default&#8221; header_font=&#8221;ABeeZee|||on|||||&#8221; header_text_align=&#8221;left&#8221; header_text_color=&#8221;#4389AD&#8221; header_font_size=&#8221;40px&#8221; header_letter_spacing=&#8221;2px&#8221; custom_margin=&#8221;||0px||false|false&#8221; header_text_align_tablet=&#8221;left&#8221; header_text_align_phone=&#8221;left&#8221; header_text_align_last_edited=&#8221;on|desktop&#8221; header_font_size_tablet=&#8221;40px&#8221; header_font_size_phone=&#8221;20px&#8221; header_font_size_last_edited=&#8221;on|desktop&#8221; header_letter_spacing_tablet=&#8221;2px&#8221; header_letter_spacing_phone=&#8221;2px&#8221; header_letter_spacing_last_edited=&#8221;on|desktop&#8221; global_colors_info=&#8221;{}&#8221;]<\/p>\n<h1>Making dental implants<\/h1>\n<p>[\/et_pb_text][et_pb_divider color=&#8221;#85A1B0&#8243; divider_style=&#8221;dotted&#8221; divider_weight=&#8221;10px&#8221; divider_weight_tablet=&#8221;10px&#8221; divider_weight_phone=&#8221;10px&#8221; divider_weight_last_edited=&#8221;on|desktop&#8221; _builder_version=&#8221;4.23&#8243; _module_preset=&#8221;default&#8221; width=&#8221;13%&#8221; global_colors_info=&#8221;{}&#8221;][\/et_pb_divider][et_pb_text _builder_version=&#8221;4.23&#8243; _module_preset=&#8221;default&#8221; text_font_size=&#8221;16px&#8221; text_line_height=&#8221;1.3em&#8221; header_2_font=&#8221;Abyssinica SIL||||||||&#8221; header_2_text_color=&#8221;#85A1B0&#8243; header_2_font_size=&#8221;24px&#8221; text_orientation=&#8221;justified&#8221; text_font_size_tablet=&#8221;16px&#8221; text_font_size_phone=&#8221;14px&#8221; text_font_size_last_edited=&#8221;on|desktop&#8221; text_line_height_tablet=&#8221;1.3em&#8221; text_line_height_phone=&#8221;1.3em&#8221; text_line_height_last_edited=&#8221;on|desktop&#8221; header_2_font_size_tablet=&#8221;24px&#8221; header_2_font_size_phone=&#8221;24px&#8221; header_2_font_size_last_edited=&#8221;on|desktop&#8221; text_orientation_tablet=&#8221;justified&#8221; text_orientation_phone=&#8221;justified&#8221; text_orientation_last_edited=&#8221;on|desktop&#8221; global_colors_info=&#8221;{}&#8221;]<\/p>\n<p><span>Through dental implants designed to restore smiles and boost confidence, we aim to provide our patients with fast and affordable options. Visit our website to learn how you can transform your smile with our durable and aesthetic dental implants.<\/span><\/p>\n<h2><span>Making dental implants:<\/span><\/h2>\n<p><span>Making dental implants is a complex but efficient process, carried out by experienced <\/span>our oral surgeon <span>are carried out. The procedure involves the insertion of an implant in place of the lost tooth, which forms the basis of a permanent and natural-looking tooth replacement. The implant is a titanium screw that is placed under the gum and then integrated into the bone over time.<\/span><\/p>\n<p><span>A tooth replacement, such as a crown, bridge or denture, is placed on top of the implants. The dentist works closely with the patient to ensure that the restoration meets their aesthetic and functional needs. After the procedure, patients may experience an immediate improvement in their smile and ability to eat.<\/span><\/p>\n<p>[\/et_pb_text][\/et_pb_column][\/et_pb_row][et_pb_row _builder_version=&#8221;4.23&#8243; _module_preset=&#8221;default&#8221; width=&#8221;90%&#8221; global_colors_info=&#8221;{}&#8221;][et_pb_column type=&#8221;4_4&#8243; _builder_version=&#8221;4.23&#8243; _module_preset=&#8221;default&#8221; global_colors_info=&#8221;{}&#8221;][et_pb_text _builder_version=&#8221;4.23&#8243; _module_preset=&#8221;default&#8221; text_font_size=&#8221;16px&#8221; text_line_height=&#8221;1.3em&#8221; header_font=&#8221;Abyssinica SIL||||||||&#8221; header_text_align=&#8221;left&#8221; header_text_color=&#8221;#85A1B0&#8243; header_3_font=&#8221;ABeeZee||||||||&#8221; header_3_text_align=&#8221;left&#8221; header_3_text_color=&#8221;#85A1B0&#8243; header_4_font=&#8221;ABeeZee||||||||&#8221; header_4_text_align=&#8221;left&#8221; header_4_text_color=&#8221;#4389AD&#8221; text_orientation=&#8221;justified&#8221; text_font_size_tablet=&#8221;16px&#8221; text_font_size_phone=&#8221;14px&#8221; text_font_size_last_edited=&#8221;on|desktop&#8221; text_line_height_tablet=&#8221;1.3em&#8221; text_line_height_phone=&#8221;1.3em&#8221; text_line_height_last_edited=&#8221;on|desktop&#8221; header_text_align_tablet=&#8221;left&#8221; header_text_align_phone=&#8221;left&#8221; header_text_align_last_edited=&#8221;on|desktop&#8221; header_font_size_tablet=&#8221;&#8221; header_font_size_phone=&#8221;17px&#8221; header_font_size_last_edited=&#8221;on|phone&#8221; header_3_font_size_tablet=&#8221;&#8221; header_3_font_size_phone=&#8221;18px&#8221; header_3_font_size_last_edited=&#8221;on|phone&#8221; header_3_line_height_tablet=&#8221;&#8221; header_3_line_height_phone=&#8221;1.3em&#8221; header_3_line_height_last_edited=&#8221;on|phone&#8221; header_4_font_size_tablet=&#8221;&#8221; header_4_font_size_phone=&#8221;16px&#8221; header_4_font_size_last_edited=&#8221;on|phone&#8221; header_4_line_height_tablet=&#8221;&#8221; header_4_line_height_phone=&#8221;1.3em&#8221; header_4_line_height_last_edited=&#8221;on|phone&#8221; text_orientation_tablet=&#8221;justified&#8221; text_orientation_phone=&#8221;justified&#8221; text_orientation_last_edited=&#8221;on|desktop&#8221; global_colors_info=&#8221;{}&#8221;]<\/p>\n<h3><span>Dental Implant Prices and Speed:<\/span><\/h3>\n<p><span>Price and speed are always key factors when it comes to dental implants. Our company <\/span><span>is committed to offering affordable prices and working with patients to plan treatment to fit their financial means. It is important that dental implants are made from quality materials and that the procedure is of high quality.<\/span><\/p>\n<p><span>We are also committed to speed. We use the latest technology and efficient procedures to place implants and make restorations. Time is always of the essence, and we do everything we can to ensure that our patients can enjoy their new and lasting smile as soon as possible.<\/span><\/p>\n<h3><span>Price-earnings Ratio and Attention:<\/span><\/h3>\n<p><span>Value for money is a priority in our practice. Our prices reflect the high quality materials and expert workmanship. We make sure that the price our patients pay is always in line with the high quality of the treatment provided. Our services are always provided with care and empathy, as we are aware of the sometimes sensitive nature of dental treatments<\/span>.<\/p>\n<p>&nbsp;<\/p>\n<h1>Dental implants at a discount price in Moson-Magyrovar<\/h1>\n<p>[\/et_pb_text][\/et_pb_column][\/et_pb_row][\/et_pb_section]<\/p>","protected":false},"excerpt":{"rendered":"<p>Fogimplant\u00e1tumok k\u00e9sz\u00edt\u00e9seA mosoly vissza\u00e1ll\u00edt\u00e1sa \u00e9s az \u00f6nbizalom n\u00f6vel\u00e9se \u00e9rdek\u00e9ben k\u00e9sz\u00edtett fogimplant\u00e1tumokon kereszt\u00fcl c\u00e9lunk, hogy p\u00e1cienseink sz\u00e1m\u00e1ra gyors \u00e9s megfizethet\u0151 lehet\u0151s\u00e9geket biztos\u00edtsunk. L\u00e1togasson el honlapunkra, \u00e9s ismerje meg, hogyan v\u00e1ltoztathatja meg mosoly\u00e1t tart\u00f3s \u00e9s eszt\u00e9tikus fogimplant\u00e1tumainkkal. Fogimplant\u00e1tumok K\u00e9sz\u00edt\u00e9se: A fogimplant\u00e1tumok k\u00e9sz\u00edt\u00e9se egy \u00f6sszetett, de hat\u00e9kony folyamat, amelyet tapasztalt sz\u00e1jseb\u00e9sz\u00fcnk v\u00e9gzik. Az elj\u00e1r\u00e1s sor\u00e1n egy implant\u00e1tumot helyez\u00fcnk [&hellip;]<\/p>","protected":false},"author":1,"featured_media":0,"parent":0,"menu_order":0,"comment_status":"closed","ping_status":"closed","template":"","meta":{"_et_pb_use_builder":"on","_et_pb_old_content":"","_et_gb_content_width":"","footnotes":""},"yoast_head":"<!-- This site is optimized with the Yoast SEO plugin v24.1 - https:\/\/yoast.com\/wordpress\/plugins\/seo\/ -->\n<title>Fogimplant\u00e1tumok k\u00e9sz\u00edt\u00e9se - Rhinodent Fogorvos Mosonmagyar\u00f3v\u00e1r<\/title>\n<meta name=\"description\" content=\"Professzion\u00e1lis fogimplant\u00e1tumok k\u00e9sz\u00edt\u00e9se a tart\u00f3s \u00e9s eszt\u00e9tikus mosoly\u00e9rt. Modern technol\u00f3gia, prec\u00edz kivitelez\u00e9s \u00e9s f\u00e1jdalommentes kezel\u00e9s. Foglaljon id\u0151pontot most!\" \/>\n<meta name=\"robots\" content=\"index, follow, max-snippet:-1, max-image-preview:large, max-video-preview:-1\" \/>\n<link rel=\"canonical\" href=\"https:\/\/rhinodent.hu\/en\/dental-implants\/\" \/>\n<meta property=\"og:locale\" content=\"en_GB\" \/>\n<meta property=\"og:type\" content=\"article\" \/>\n<meta property=\"og:title\" content=\"Fogimplant\u00e1tumok k\u00e9sz\u00edt\u00e9se - Rhinodent Fogorvos Mosonmagyar\u00f3v\u00e1r\" \/>\n<meta property=\"og:description\" content=\"Professzion\u00e1lis fogimplant\u00e1tumok k\u00e9sz\u00edt\u00e9se a tart\u00f3s \u00e9s eszt\u00e9tikus mosoly\u00e9rt. Modern technol\u00f3gia, prec\u00edz kivitelez\u00e9s \u00e9s f\u00e1jdalommentes kezel\u00e9s. Foglaljon id\u0151pontot most!\" \/>\n<meta property=\"og:url\" content=\"https:\/\/rhinodent.hu\/en\/dental-implants\/\" \/>\n<meta property=\"og:site_name\" content=\"Rhinodent Fogorvos Mosonmagyar\u00f3v\u00e1r\" \/>\n<meta property=\"article:modified_time\" content=\"2025-01-02T15:13:41+00:00\" \/>\n<meta name=\"twitter:card\" content=\"summary_large_image\" \/>\n<meta name=\"twitter:label1\" content=\"Estimated reading time\" \/>\n\t<meta name=\"twitter:data1\" content=\"2 minutes\" \/>\n<script type=\"application\/ld+json\" class=\"yoast-schema-graph\">{\"@context\":\"https:\/\/schema.org\",\"@graph\":[{\"@type\":\"WebPage\",\"@id\":\"https:\/\/rhinodent.hu\/fogimplantatumok-keszitese\/\",\"url\":\"https:\/\/rhinodent.hu\/fogimplantatumok-keszitese\/\",\"name\":\"Fogimplant\u00e1tumok k\u00e9sz\u00edt\u00e9se - Rhinodent Fogorvos Mosonmagyar\u00f3v\u00e1r\",\"isPartOf\":{\"@id\":\"https:\/\/rhinodent.hu\/#website\"},\"datePublished\":\"2024-01-04T16:20:50+00:00\",\"dateModified\":\"2025-01-02T15:13:41+00:00\",\"description\":\"Professzion\u00e1lis fogimplant\u00e1tumok k\u00e9sz\u00edt\u00e9se a tart\u00f3s \u00e9s eszt\u00e9tikus mosoly\u00e9rt. Modern technol\u00f3gia, prec\u00edz kivitelez\u00e9s \u00e9s f\u00e1jdalommentes kezel\u00e9s. Foglaljon id\u0151pontot most!\",\"breadcrumb\":{\"@id\":\"https:\/\/rhinodent.hu\/fogimplantatumok-keszitese\/#breadcrumb\"},\"inLanguage\":\"en-GB\",\"potentialAction\":[{\"@type\":\"ReadAction\",\"target\":[\"https:\/\/rhinodent.hu\/fogimplantatumok-keszitese\/\"]}]},{\"@type\":\"BreadcrumbList\",\"@id\":\"https:\/\/rhinodent.hu\/fogimplantatumok-keszitese\/#breadcrumb\",\"itemListElement\":[{\"@type\":\"ListItem\",\"position\":1,\"name\":\"Kezd\u0151lap\",\"item\":\"https:\/\/rhinodent.hu\/\"},{\"@type\":\"ListItem\",\"position\":2,\"name\":\"Fogimplant\u00e1tumok k\u00e9sz\u00edt\u00e9se\"}]},{\"@type\":\"WebSite\",\"@id\":\"https:\/\/rhinodent.hu\/#website\",\"url\":\"https:\/\/rhinodent.hu\/\",\"name\":\"Rhinodent Fogorvos Mosonmagyar\u00f3v\u00e1r\",\"description\":\"Fogorvosi rendel\u0151 Mosonmagyar\u00f3v\u00e1r, Fogszab\u00e1lyoz\u00e1s Mosonmagyar\u00f3v\u00e1r, Fogp\u00f3tl\u00e1s Mosonmagyar\u00f3v\u00e1r\",\"publisher\":{\"@id\":\"https:\/\/rhinodent.hu\/#organization\"},\"potentialAction\":[{\"@type\":\"SearchAction\",\"target\":{\"@type\":\"EntryPoint\",\"urlTemplate\":\"https:\/\/rhinodent.hu\/?s={search_term_string}\"},\"query-input\":{\"@type\":\"PropertyValueSpecification\",\"valueRequired\":true,\"valueName\":\"search_term_string\"}}],\"inLanguage\":\"en-GB\"},{\"@type\":\"Organization\",\"@id\":\"https:\/\/rhinodent.hu\/#organization\",\"name\":\"Rhinodent Fogorvos Mosonmagyar\u00f3v\u00e1r\",\"url\":\"https:\/\/rhinodent.hu\/\",\"logo\":{\"@type\":\"ImageObject\",\"inLanguage\":\"en-GB\",\"@id\":\"https:\/\/rhinodent.hu\/#\/schema\/logo\/image\/\",\"url\":\"https:\/\/rhinodent.hu\/wp-content\/uploads\/2024\/01\/rdlogo512.webp\",\"contentUrl\":\"https:\/\/rhinodent.hu\/wp-content\/uploads\/2024\/01\/rdlogo512.webp\",\"width\":512,\"height\":512,\"caption\":\"Rhinodent Fogorvos Mosonmagyar\u00f3v\u00e1r\"},\"image\":{\"@id\":\"https:\/\/rhinodent.hu\/#\/schema\/logo\/image\/\"}}]}<\/script>\n<!-- \/ Yoast SEO plugin. -->","yoast_head_json":{"title":"Fogimplant\u00e1tumok k\u00e9sz\u00edt\u00e9se - Rhinodent Fogorvos Mosonmagyar\u00f3v\u00e1r","description":"Professzion\u00e1lis fogimplant\u00e1tumok k\u00e9sz\u00edt\u00e9se a tart\u00f3s \u00e9s eszt\u00e9tikus mosoly\u00e9rt. Modern technol\u00f3gia, prec\u00edz kivitelez\u00e9s \u00e9s f\u00e1jdalommentes kezel\u00e9s. Foglaljon id\u0151pontot most!","robots":{"index":"index","follow":"follow","max-snippet":"max-snippet:-1","max-image-preview":"max-image-preview:large","max-video-preview":"max-video-preview:-1"},"canonical":"https:\/\/rhinodent.hu\/en\/dental-implants\/","og_locale":"en_GB","og_type":"article","og_title":"Fogimplant\u00e1tumok k\u00e9sz\u00edt\u00e9se - Rhinodent Fogorvos Mosonmagyar\u00f3v\u00e1r","og_description":"Professzion\u00e1lis fogimplant\u00e1tumok k\u00e9sz\u00edt\u00e9se a tart\u00f3s \u00e9s eszt\u00e9tikus mosoly\u00e9rt. Modern technol\u00f3gia, prec\u00edz kivitelez\u00e9s \u00e9s f\u00e1jdalommentes kezel\u00e9s. Foglaljon id\u0151pontot most!","og_url":"https:\/\/rhinodent.hu\/en\/dental-implants\/","og_site_name":"Rhinodent Fogorvos Mosonmagyar\u00f3v\u00e1r","article_modified_time":"2025-01-02T15:13:41+00:00","twitter_card":"summary_large_image","twitter_misc":{"Estimated reading time":"2 minutes"},"schema":{"@context":"https:\/\/schema.org","@graph":[{"@type":"WebPage","@id":"https:\/\/rhinodent.hu\/fogimplantatumok-keszitese\/","url":"https:\/\/rhinodent.hu\/fogimplantatumok-keszitese\/","name":"Fogimplant\u00e1tumok k\u00e9sz\u00edt\u00e9se - Rhinodent Fogorvos Mosonmagyar\u00f3v\u00e1r","isPartOf":{"@id":"https:\/\/rhinodent.hu\/#website"},"datePublished":"2024-01-04T16:20:50+00:00","dateModified":"2025-01-02T15:13:41+00:00","description":"Professzion\u00e1lis fogimplant\u00e1tumok k\u00e9sz\u00edt\u00e9se a tart\u00f3s \u00e9s eszt\u00e9tikus mosoly\u00e9rt. Modern technol\u00f3gia, prec\u00edz kivitelez\u00e9s \u00e9s f\u00e1jdalommentes kezel\u00e9s. Foglaljon id\u0151pontot most!","breadcrumb":{"@id":"https:\/\/rhinodent.hu\/fogimplantatumok-keszitese\/#breadcrumb"},"inLanguage":"en-GB","potentialAction":[{"@type":"ReadAction","target":["https:\/\/rhinodent.hu\/fogimplantatumok-keszitese\/"]}]},{"@type":"BreadcrumbList","@id":"https:\/\/rhinodent.hu\/fogimplantatumok-keszitese\/#breadcrumb","itemListElement":[{"@type":"ListItem","position":1,"name":"Kezd\u0151lap","item":"https:\/\/rhinodent.hu\/"},{"@type":"ListItem","position":2,"name":"Fogimplant\u00e1tumok k\u00e9sz\u00edt\u00e9se"}]},{"@type":"WebSite","@id":"https:\/\/rhinodent.hu\/#website","url":"https:\/\/rhinodent.hu\/","name":"Rhinodent Fogorvos Mosonmagyar\u00f3v\u00e1r","description":"Fogorvosi rendel\u0151 Mosonmagyar\u00f3v\u00e1r, Fogszab\u00e1lyoz\u00e1s Mosonmagyar\u00f3v\u00e1r, Fogp\u00f3tl\u00e1s Mosonmagyar\u00f3v\u00e1r","publisher":{"@id":"https:\/\/rhinodent.hu\/#organization"},"potentialAction":[{"@type":"SearchAction","target":{"@type":"EntryPoint","urlTemplate":"https:\/\/rhinodent.hu\/?s={search_term_string}"},"query-input":{"@type":"PropertyValueSpecification","valueRequired":true,"valueName":"search_term_string"}}],"inLanguage":"en-GB"},{"@type":"Organization","@id":"https:\/\/rhinodent.hu\/#organization","name":"Rhinodent Fogorvos Mosonmagyar\u00f3v\u00e1r","url":"https:\/\/rhinodent.hu\/","logo":{"@type":"ImageObject","inLanguage":"en-GB","@id":"https:\/\/rhinodent.hu\/#\/schema\/logo\/image\/","url":"https:\/\/rhinodent.hu\/wp-content\/uploads\/2024\/01\/rdlogo512.webp","contentUrl":"https:\/\/rhinodent.hu\/wp-content\/uploads\/2024\/01\/rdlogo512.webp","width":512,"height":512,"caption":"Rhinodent Fogorvos Mosonmagyar\u00f3v\u00e1r"},"image":{"@id":"https:\/\/rhinodent.hu\/#\/schema\/logo\/image\/"}}]}},"_links":{"self":[{"href":"https:\/\/rhinodent.hu\/en\/wp-json\/wp\/v2\/pages\/1891"}],"collection":[{"href":"https:\/\/rhinodent.hu\/en\/wp-json\/wp\/v2\/pages"}],"about":[{"href":"https:\/\/rhinodent.hu\/en\/wp-json\/wp\/v2\/types\/page"}],"author":[{"embeddable":true,"href":"https:\/\/rhinodent.hu\/en\/wp-json\/wp\/v2\/users\/1"}],"replies":[{"embeddable":true,"href":"https:\/\/rhinodent.hu\/en\/wp-json\/wp\/v2\/comments?post=1891"}],"version-history":[{"count":6,"href":"https:\/\/rhinodent.hu\/en\/wp-json\/wp\/v2\/pages\/1891\/revisions"}],"predecessor-version":[{"id":2230,"href":"https:\/\/rhinodent.hu\/en\/wp-json\/wp\/v2\/pages\/1891\/revisions\/2230"}],"wp:attachment":[{"href":"https:\/\/rhinodent.hu\/en\/wp-json\/wp\/v2\/media?parent=1891"}],"curies":[{"name":"wp","href":"https:\/\/api.w.org\/{rel}","templated":true}]}}