{"id":1909,"date":"2024-01-04T17:22:07","date_gmt":"2024-01-04T16:22:07","guid":{"rendered":"http:\/\/rhinodent.hu\/?page_id=1909"},"modified":"2024-02-05T15:13:59","modified_gmt":"2024-02-05T14:13:59","slug":"gyokerkezeles-mosonmagyarovar","status":"publish","type":"page","link":"https:\/\/rhinodent.hu\/en\/mosonmagyarovar\/","title":{"rendered":"Root canal treatment Mosonmagyar\u00f3v\u00e1r"},"content":{"rendered":"<p>[et_pb_section fb_built=&#8221;1&#8243; _builder_version=&#8221;4.23&#8243; _module_preset=&#8221;default&#8221; global_colors_info=&#8221;{}&#8221;][et_pb_row column_structure=&#8221;1_2,1_2&#8243; _builder_version=&#8221;4.23&#8243; _module_preset=&#8221;default&#8221; width=&#8221;90%&#8221; global_colors_info=&#8221;{}&#8221;][et_pb_column type=&#8221;1_2&#8243; _builder_version=&#8221;4.23&#8243; _module_preset=&#8221;default&#8221; global_colors_info=&#8221;{}&#8221;][et_pb_image src=&#8221;http:\/\/rhinodent.hu\/wp-content\/uploads\/2024\/02\/gyok.webp&#8221; _builder_version=&#8221;4.23&#8243; _module_preset=&#8221;default&#8221; hover_enabled=&#8221;0&#8243; border_radii=&#8221;off|100px||100px|&#8221; border_width_all=&#8221;2px&#8221; border_color_all=&#8221;#85A1B0&#8243; global_colors_info=&#8221;{}&#8221; sticky_enabled=&#8221;0&#8243;][\/et_pb_image][\/et_pb_column][et_pb_column type=&#8221;1_2&#8243; _builder_version=&#8221;4.23&#8243; _module_preset=&#8221;default&#8221; global_colors_info=&#8221;{}&#8221;][et_pb_text _builder_version=&#8221;4.23&#8243; _module_preset=&#8221;default&#8221; header_font=&#8221;ABeeZee|||on|||||&#8221; header_text_align=&#8221;left&#8221; header_text_color=&#8221;#4389AD&#8221; header_font_size=&#8221;40px&#8221; header_letter_spacing=&#8221;2px&#8221; custom_margin=&#8221;||0px||false|false&#8221; hover_enabled=&#8221;0&#8243; header_text_align_tablet=&#8221;left&#8221; header_text_align_phone=&#8221;left&#8221; header_text_align_last_edited=&#8221;on|desktop&#8221; header_font_size_tablet=&#8221;40px&#8221; header_font_size_phone=&#8221;20px&#8221; header_font_size_last_edited=&#8221;on|desktop&#8221; header_letter_spacing_tablet=&#8221;2px&#8221; header_letter_spacing_phone=&#8221;2px&#8221; header_letter_spacing_last_edited=&#8221;on|desktop&#8221; global_colors_info=&#8221;{}&#8221; sticky_enabled=&#8221;0&#8243;]<\/p>\n<h1>Root canal treatment in Mosonmagyar\u00f3v\u00e1r<\/h1>\n<p>[\/et_pb_text][et_pb_divider color=&#8221;#85A1B0&#8243; divider_style=&#8221;dotted&#8221; divider_weight=&#8221;10px&#8221; divider_weight_tablet=&#8221;10px&#8221; divider_weight_phone=&#8221;10px&#8221; divider_weight_last_edited=&#8221;on|desktop&#8221; _builder_version=&#8221;4.23&#8243; _module_preset=&#8221;default&#8221; width=&#8221;13%&#8221; global_colors_info=&#8221;{}&#8221;][\/et_pb_divider][et_pb_text _builder_version=&#8221;4.23&#8243; _module_preset=&#8221;default&#8221; text_font_size=&#8221;16px&#8221; text_line_height=&#8221;1.3em&#8221; text_orientation=&#8221;justified&#8221; hover_enabled=&#8221;0&#8243; text_font_size_tablet=&#8221;16px&#8221; text_font_size_phone=&#8221;14px&#8221; text_font_size_last_edited=&#8221;on|desktop&#8221; text_line_height_tablet=&#8221;1.3em&#8221; text_line_height_phone=&#8221;1.3em&#8221; text_line_height_last_edited=&#8221;on|desktop&#8221; text_orientation_tablet=&#8221;justified&#8221; text_orientation_phone=&#8221;justified&#8221; text_orientation_last_edited=&#8221;on|desktop&#8221; global_colors_info=&#8221;{}&#8221; sticky_enabled=&#8221;0&#8243; header_3_font=&#8221;Abyssinica SIL||||||||&#8221; header_3_text_color=&#8221;#85A1B0&#8243;]<\/p>\n<p>In the world of root canal services, we specialise in effective solutions for toothache and periodontal problems. We offer painless and professional root canal treatments to our patients in and around Mosonmagyar\u00f3v\u00e1r.<\/p>\n<h3><span>Root management Importance:<\/span><\/h3>\n<p><span>Root canal treatment not only relieves pain, but also helps to preserve the tooth and prevent tooth loss. A root canal preserves the original function and aesthetics of the tooth, while allowing the patient to enjoy pain-free restoration. Root canal treatment can prevent further oral problems and help maintain overall oral health.<\/span><\/p>\n<p>[\/et_pb_text][\/et_pb_column][\/et_pb_row][et_pb_row _builder_version=&#8221;4.23&#8243; _module_preset=&#8221;default&#8221; width=&#8221;90%&#8221; global_colors_info=&#8221;{}&#8221;][et_pb_column type=&#8221;4_4&#8243; _builder_version=&#8221;4.23&#8243; _module_preset=&#8221;default&#8221; global_colors_info=&#8221;{}&#8221;][et_pb_text _builder_version=&#8221;4.23&#8243; _module_preset=&#8221;default&#8221; text_font_size=&#8221;16px&#8221; text_line_height=&#8221;1.3em&#8221; header_font=&#8221;Abyssinica SIL||||||||&#8221; header_text_align=&#8221;left&#8221; header_text_color=&#8221;#85A1B0&#8243; header_3_font=&#8221;ABeeZee||||||||&#8221; header_3_text_align=&#8221;left&#8221; header_3_text_color=&#8221;#85A1B0&#8243; header_4_font=&#8221;ABeeZee||||||||&#8221; header_4_text_align=&#8221;left&#8221; header_4_text_color=&#8221;#4389AD&#8221; text_orientation=&#8221;justified&#8221; hover_enabled=&#8221;0&#8243; text_font_size_tablet=&#8221;16px&#8221; text_font_size_phone=&#8221;14px&#8221; text_font_size_last_edited=&#8221;on|desktop&#8221; text_line_height_tablet=&#8221;1.3em&#8221; text_line_height_phone=&#8221;1.3em&#8221; text_line_height_last_edited=&#8221;on|desktop&#8221; header_text_align_tablet=&#8221;left&#8221; header_text_align_phone=&#8221;left&#8221; header_text_align_last_edited=&#8221;on|desktop&#8221; header_font_size_tablet=&#8221;&#8221; header_font_size_phone=&#8221;17px&#8221; header_font_size_last_edited=&#8221;on|phone&#8221; header_3_font_size_tablet=&#8221;&#8221; header_3_font_size_phone=&#8221;18px&#8221; header_3_font_size_last_edited=&#8221;on|phone&#8221; header_3_line_height_tablet=&#8221;&#8221; header_3_line_height_phone=&#8221;1.3em&#8221; header_3_line_height_last_edited=&#8221;on|phone&#8221; header_4_font_size_tablet=&#8221;&#8221; header_4_font_size_phone=&#8221;16px&#8221; header_4_font_size_last_edited=&#8221;on|phone&#8221; header_4_line_height_tablet=&#8221;&#8221; header_4_line_height_phone=&#8221;1.3em&#8221; header_4_line_height_last_edited=&#8221;on|phone&#8221; text_orientation_tablet=&#8221;justified&#8221; text_orientation_phone=&#8221;justified&#8221; text_orientation_last_edited=&#8221;on|desktop&#8221; global_colors_info=&#8221;{}&#8221; sticky_enabled=&#8221;0&#8243;]<\/p>\n<h3><span>Root Treatment Aftercare:<\/span><\/h3>\n<p><span>After treatment, regular check-ups and preventive care are important. Dentists advise patients on good oral hygiene and proper care to maintain the long-term health of the root canal teeth.<\/span><\/p>\n<h3>Root Treatment Procedure:<\/h3>\n<p>Root canal therapy is a dental procedure to remove infected or inflamed tissue in the root canal of a tooth. The procedure helps to preserve the tooth and prevent tooth loss. During root canal therapy, the dentist accesses the root canals of the tooth, removes infected material, and then fills and closes the root canals.<\/p>\n<p>Root canal treatment is painless as dentists use local anaesthesia. Modern technologies help ensure accurate diagnosis and effective treatment, so patients can quickly regain the health and functionality of their teeth.<\/p>\n<h3>Prices and Affordability:<\/h3>\n<p>Rhinodent is committed to offering affordable prices for its root canal services. Prices may vary depending on the tooth to be treated and the extent of the infection. We always provide a detailed quote so that our patients are aware of the costs. We believe it is important to be transparent and work with our patients to manage the financial burden.<\/p>\n<p>[\/et_pb_text][\/et_pb_column][\/et_pb_row][\/et_pb_section]<\/p>","protected":false},"excerpt":{"rendered":"<p>Gy\u00f6k\u00e9rkezel\u00e9s Mosonmagyar\u00f3v\u00e1ronGy\u00f6k\u00e9rkezel\u00e9s szolg\u00e1ltat\u00e1sainak vil\u00e1g\u00e1ban, ahol a fogf\u00e1j\u00e1s \u00e9s a fog\u00e1gyi probl\u00e9m\u00e1k hat\u00e9kony megold\u00e1saira szakosodtunk. Mosonmagyar\u00f3v\u00e1rban \u00e9s k\u00f6rny\u00e9k\u00e9n k\u00edn\u00e1lunk p\u00e1cienseinknek f\u00e1jdalommentes \u00e9s szakszer\u0171 gy\u00f6k\u00e9rkezel\u00e9seket. Gy\u00f6k\u00e9rkezel\u00e9s Fontoss\u00e1ga: A gy\u00f6k\u00e9rkezel\u00e9s nemcsak a f\u00e1jdalom enyh\u00edt\u00e9s\u00e9re ir\u00e1nyul, hanem seg\u00edt meg\u0151rizni a fogat \u00e9s megakad\u00e1lyozni annak elveszt\u00e9s\u00e9t. A gy\u00f6k\u00e9rkezelt fog meg\u0151rzi eredeti funkci\u00f3j\u00e1t \u00e9s eszt\u00e9tik\u00e1j\u00e1t, mik\u00f6zben a p\u00e1ciens f\u00e1jdalommentesen \u00e9lvezheti a [&hellip;]<\/p>","protected":false},"author":1,"featured_media":0,"parent":0,"menu_order":0,"comment_status":"closed","ping_status":"closed","template":"","meta":{"_et_pb_use_builder":"on","_et_pb_old_content":"","_et_gb_content_width":"","footnotes":""},"yoast_head":"<!-- This site is optimized with the Yoast SEO plugin v24.1 - https:\/\/yoast.com\/wordpress\/plugins\/seo\/ -->\n<title>Gy\u00f6k\u00e9rkezel\u00e9s Mosonmagyar\u00f3v\u00e1r - Rhinodent Fogorvos Mosonmagyar\u00f3v\u00e1r<\/title>\n<meta name=\"robots\" content=\"index, follow, max-snippet:-1, max-image-preview:large, max-video-preview:-1\" \/>\n<link rel=\"canonical\" href=\"https:\/\/rhinodent.hu\/en\/mosonmagyarovar\/\" \/>\n<meta property=\"og:locale\" content=\"en_GB\" \/>\n<meta property=\"og:type\" content=\"article\" \/>\n<meta property=\"og:title\" content=\"Gy\u00f6k\u00e9rkezel\u00e9s Mosonmagyar\u00f3v\u00e1r - Rhinodent Fogorvos Mosonmagyar\u00f3v\u00e1r\" \/>\n<meta property=\"og:description\" content=\"Gy\u00f6k\u00e9rkezel\u00e9s Mosonmagyar\u00f3v\u00e1ronGy\u00f6k\u00e9rkezel\u00e9s szolg\u00e1ltat\u00e1sainak vil\u00e1g\u00e1ban, ahol a fogf\u00e1j\u00e1s \u00e9s a fog\u00e1gyi probl\u00e9m\u00e1k hat\u00e9kony megold\u00e1saira szakosodtunk. Mosonmagyar\u00f3v\u00e1rban \u00e9s k\u00f6rny\u00e9k\u00e9n k\u00edn\u00e1lunk p\u00e1cienseinknek f\u00e1jdalommentes \u00e9s szakszer\u0171 gy\u00f6k\u00e9rkezel\u00e9seket. Gy\u00f6k\u00e9rkezel\u00e9s Fontoss\u00e1ga: A gy\u00f6k\u00e9rkezel\u00e9s nemcsak a f\u00e1jdalom enyh\u00edt\u00e9s\u00e9re ir\u00e1nyul, hanem seg\u00edt meg\u0151rizni a fogat \u00e9s megakad\u00e1lyozni annak elveszt\u00e9s\u00e9t. A gy\u00f6k\u00e9rkezelt fog meg\u0151rzi eredeti funkci\u00f3j\u00e1t \u00e9s eszt\u00e9tik\u00e1j\u00e1t, mik\u00f6zben a p\u00e1ciens f\u00e1jdalommentesen \u00e9lvezheti a [&hellip;]\" \/>\n<meta property=\"og:url\" content=\"https:\/\/rhinodent.hu\/en\/mosonmagyarovar\/\" \/>\n<meta property=\"og:site_name\" content=\"Rhinodent Fogorvos Mosonmagyar\u00f3v\u00e1r\" \/>\n<meta property=\"article:modified_time\" content=\"2024-02-05T14:13:59+00:00\" \/>\n<meta name=\"twitter:card\" content=\"summary_large_image\" \/>\n<meta name=\"twitter:label1\" content=\"Estimated reading time\" \/>\n\t<meta name=\"twitter:data1\" content=\"5 minutes\" \/>\n<script type=\"application\/ld+json\" class=\"yoast-schema-graph\">{\"@context\":\"https:\/\/schema.org\",\"@graph\":[{\"@type\":\"WebPage\",\"@id\":\"https:\/\/rhinodent.hu\/gyokerkezeles-mosonmagyarovar\/\",\"url\":\"https:\/\/rhinodent.hu\/gyokerkezeles-mosonmagyarovar\/\",\"name\":\"Gy\u00f6k\u00e9rkezel\u00e9s Mosonmagyar\u00f3v\u00e1r - Rhinodent Fogorvos Mosonmagyar\u00f3v\u00e1r\",\"isPartOf\":{\"@id\":\"https:\/\/rhinodent.hu\/#website\"},\"datePublished\":\"2024-01-04T16:22:07+00:00\",\"dateModified\":\"2024-02-05T14:13:59+00:00\",\"breadcrumb\":{\"@id\":\"https:\/\/rhinodent.hu\/gyokerkezeles-mosonmagyarovar\/#breadcrumb\"},\"inLanguage\":\"en-GB\",\"potentialAction\":[{\"@type\":\"ReadAction\",\"target\":[\"https:\/\/rhinodent.hu\/gyokerkezeles-mosonmagyarovar\/\"]}]},{\"@type\":\"BreadcrumbList\",\"@id\":\"https:\/\/rhinodent.hu\/gyokerkezeles-mosonmagyarovar\/#breadcrumb\",\"itemListElement\":[{\"@type\":\"ListItem\",\"position\":1,\"name\":\"Kezd\u0151lap\",\"item\":\"https:\/\/rhinodent.hu\/\"},{\"@type\":\"ListItem\",\"position\":2,\"name\":\"Gy\u00f6k\u00e9rkezel\u00e9s Mosonmagyar\u00f3v\u00e1r\"}]},{\"@type\":\"WebSite\",\"@id\":\"https:\/\/rhinodent.hu\/#website\",\"url\":\"https:\/\/rhinodent.hu\/\",\"name\":\"Rhinodent Fogorvos Mosonmagyar\u00f3v\u00e1r\",\"description\":\"Fogorvosi rendel\u0151 Mosonmagyar\u00f3v\u00e1r, Fogszab\u00e1lyoz\u00e1s Mosonmagyar\u00f3v\u00e1r, Fogp\u00f3tl\u00e1s Mosonmagyar\u00f3v\u00e1r\",\"publisher\":{\"@id\":\"https:\/\/rhinodent.hu\/#organization\"},\"potentialAction\":[{\"@type\":\"SearchAction\",\"target\":{\"@type\":\"EntryPoint\",\"urlTemplate\":\"https:\/\/rhinodent.hu\/?s={search_term_string}\"},\"query-input\":{\"@type\":\"PropertyValueSpecification\",\"valueRequired\":true,\"valueName\":\"search_term_string\"}}],\"inLanguage\":\"en-GB\"},{\"@type\":\"Organization\",\"@id\":\"https:\/\/rhinodent.hu\/#organization\",\"name\":\"Rhinodent Fogorvos Mosonmagyar\u00f3v\u00e1r\",\"url\":\"https:\/\/rhinodent.hu\/\",\"logo\":{\"@type\":\"ImageObject\",\"inLanguage\":\"en-GB\",\"@id\":\"https:\/\/rhinodent.hu\/#\/schema\/logo\/image\/\",\"url\":\"https:\/\/rhinodent.hu\/wp-content\/uploads\/2024\/01\/rdlogo512.webp\",\"contentUrl\":\"https:\/\/rhinodent.hu\/wp-content\/uploads\/2024\/01\/rdlogo512.webp\",\"width\":512,\"height\":512,\"caption\":\"Rhinodent Fogorvos Mosonmagyar\u00f3v\u00e1r\"},\"image\":{\"@id\":\"https:\/\/rhinodent.hu\/#\/schema\/logo\/image\/\"}}]}<\/script>\n<!-- \/ Yoast SEO plugin. -->","yoast_head_json":{"title":"Gy\u00f6k\u00e9rkezel\u00e9s Mosonmagyar\u00f3v\u00e1r - Rhinodent Fogorvos Mosonmagyar\u00f3v\u00e1r","robots":{"index":"index","follow":"follow","max-snippet":"max-snippet:-1","max-image-preview":"max-image-preview:large","max-video-preview":"max-video-preview:-1"},"canonical":"https:\/\/rhinodent.hu\/en\/mosonmagyarovar\/","og_locale":"en_GB","og_type":"article","og_title":"Gy\u00f6k\u00e9rkezel\u00e9s Mosonmagyar\u00f3v\u00e1r - Rhinodent Fogorvos Mosonmagyar\u00f3v\u00e1r","og_description":"Gy\u00f6k\u00e9rkezel\u00e9s Mosonmagyar\u00f3v\u00e1ronGy\u00f6k\u00e9rkezel\u00e9s szolg\u00e1ltat\u00e1sainak vil\u00e1g\u00e1ban, ahol a fogf\u00e1j\u00e1s \u00e9s a fog\u00e1gyi probl\u00e9m\u00e1k hat\u00e9kony megold\u00e1saira szakosodtunk. Mosonmagyar\u00f3v\u00e1rban \u00e9s k\u00f6rny\u00e9k\u00e9n k\u00edn\u00e1lunk p\u00e1cienseinknek f\u00e1jdalommentes \u00e9s szakszer\u0171 gy\u00f6k\u00e9rkezel\u00e9seket. Gy\u00f6k\u00e9rkezel\u00e9s Fontoss\u00e1ga: A gy\u00f6k\u00e9rkezel\u00e9s nemcsak a f\u00e1jdalom enyh\u00edt\u00e9s\u00e9re ir\u00e1nyul, hanem seg\u00edt meg\u0151rizni a fogat \u00e9s megakad\u00e1lyozni annak elveszt\u00e9s\u00e9t. A gy\u00f6k\u00e9rkezelt fog meg\u0151rzi eredeti funkci\u00f3j\u00e1t \u00e9s eszt\u00e9tik\u00e1j\u00e1t, mik\u00f6zben a p\u00e1ciens f\u00e1jdalommentesen \u00e9lvezheti a [&hellip;]","og_url":"https:\/\/rhinodent.hu\/en\/mosonmagyarovar\/","og_site_name":"Rhinodent Fogorvos Mosonmagyar\u00f3v\u00e1r","article_modified_time":"2024-02-05T14:13:59+00:00","twitter_card":"summary_large_image","twitter_misc":{"Estimated reading time":"5 minutes"},"schema":{"@context":"https:\/\/schema.org","@graph":[{"@type":"WebPage","@id":"https:\/\/rhinodent.hu\/gyokerkezeles-mosonmagyarovar\/","url":"https:\/\/rhinodent.hu\/gyokerkezeles-mosonmagyarovar\/","name":"Gy\u00f6k\u00e9rkezel\u00e9s Mosonmagyar\u00f3v\u00e1r - Rhinodent Fogorvos Mosonmagyar\u00f3v\u00e1r","isPartOf":{"@id":"https:\/\/rhinodent.hu\/#website"},"datePublished":"2024-01-04T16:22:07+00:00","dateModified":"2024-02-05T14:13:59+00:00","breadcrumb":{"@id":"https:\/\/rhinodent.hu\/gyokerkezeles-mosonmagyarovar\/#breadcrumb"},"inLanguage":"en-GB","potentialAction":[{"@type":"ReadAction","target":["https:\/\/rhinodent.hu\/gyokerkezeles-mosonmagyarovar\/"]}]},{"@type":"BreadcrumbList","@id":"https:\/\/rhinodent.hu\/gyokerkezeles-mosonmagyarovar\/#breadcrumb","itemListElement":[{"@type":"ListItem","position":1,"name":"Kezd\u0151lap","item":"https:\/\/rhinodent.hu\/"},{"@type":"ListItem","position":2,"name":"Gy\u00f6k\u00e9rkezel\u00e9s Mosonmagyar\u00f3v\u00e1r"}]},{"@type":"WebSite","@id":"https:\/\/rhinodent.hu\/#website","url":"https:\/\/rhinodent.hu\/","name":"Rhinodent Fogorvos Mosonmagyar\u00f3v\u00e1r","description":"Fogorvosi rendel\u0151 Mosonmagyar\u00f3v\u00e1r, Fogszab\u00e1lyoz\u00e1s Mosonmagyar\u00f3v\u00e1r, Fogp\u00f3tl\u00e1s Mosonmagyar\u00f3v\u00e1r","publisher":{"@id":"https:\/\/rhinodent.hu\/#organization"},"potentialAction":[{"@type":"SearchAction","target":{"@type":"EntryPoint","urlTemplate":"https:\/\/rhinodent.hu\/?s={search_term_string}"},"query-input":{"@type":"PropertyValueSpecification","valueRequired":true,"valueName":"search_term_string"}}],"inLanguage":"en-GB"},{"@type":"Organization","@id":"https:\/\/rhinodent.hu\/#organization","name":"Rhinodent Fogorvos Mosonmagyar\u00f3v\u00e1r","url":"https:\/\/rhinodent.hu\/","logo":{"@type":"ImageObject","inLanguage":"en-GB","@id":"https:\/\/rhinodent.hu\/#\/schema\/logo\/image\/","url":"https:\/\/rhinodent.hu\/wp-content\/uploads\/2024\/01\/rdlogo512.webp","contentUrl":"https:\/\/rhinodent.hu\/wp-content\/uploads\/2024\/01\/rdlogo512.webp","width":512,"height":512,"caption":"Rhinodent Fogorvos Mosonmagyar\u00f3v\u00e1r"},"image":{"@id":"https:\/\/rhinodent.hu\/#\/schema\/logo\/image\/"}}]}},"_links":{"self":[{"href":"https:\/\/rhinodent.hu\/en\/wp-json\/wp\/v2\/pages\/1909"}],"collection":[{"href":"https:\/\/rhinodent.hu\/en\/wp-json\/wp\/v2\/pages"}],"about":[{"href":"https:\/\/rhinodent.hu\/en\/wp-json\/wp\/v2\/types\/page"}],"author":[{"embeddable":true,"href":"https:\/\/rhinodent.hu\/en\/wp-json\/wp\/v2\/users\/1"}],"replies":[{"embeddable":true,"href":"https:\/\/rhinodent.hu\/en\/wp-json\/wp\/v2\/comments?post=1909"}],"version-history":[{"count":3,"href":"https:\/\/rhinodent.hu\/en\/wp-json\/wp\/v2\/pages\/1909\/revisions"}],"predecessor-version":[{"id":2149,"href":"https:\/\/rhinodent.hu\/en\/wp-json\/wp\/v2\/pages\/1909\/revisions\/2149"}],"wp:attachment":[{"href":"https:\/\/rhinodent.hu\/en\/wp-json\/wp\/v2\/media?parent=1909"}],"curies":[{"name":"wp","href":"https:\/\/api.w.org\/{rel}","templated":true}]}}